{"id":110977,"date":"2022-12-16T18:53:03","date_gmt":"2022-12-16T17:53:03","guid":{"rendered":"https:\/\/www.fabioferro.eu\/madi-laguna-pfirsich-kleine-ohrringe-mit-eisquarz.html"},"modified":"2024-10-17T18:08:18","modified_gmt":"2024-10-17T16:08:18","slug":"madi-laguna-pfirsich-kleine-ohrringe-mit-eisquarz","status":"publish","type":"product","link":"https:\/\/www.fabioferro.eu\/de\/madi-laguna-pfirsich-kleine-ohrringe-mit-eisquarz.html","title":{"rendered":"Madi Laguna Pfirsich kleine Ohrringe mit Eisquarz"},"content":{"rendered":"<p>Feste Ohrringe aus 925er ros\u00e9vergoldetem Silber. Ein eisfarbener Hydrothermalquarz von bescheidener Gr\u00f6\u00dfe gl\u00e4nzt auf jedem Schmuckst\u00fcck und bringt die Tr\u00e4gerin zum Strahlen. Handgefertigt in Italien, Made in Italy. Einfacher und sicherer Clipverschluss. Die Ohrringe werden mit offizieller Mad\u00ec-Box, Einkaufstasche und 2 Jahren Garantie geliefert.<\/p>\n","protected":false},"excerpt":{"rendered":"<p>Kombinieren Sie sie mit einer Halskette oder einem Armband aus der Pesca-Kollektion. Wundersch\u00f6ner Schmuck mit einem jugendlichen Stil.<\/p>\n","protected":false},"featured_media":110988,"comment_status":"open","ping_status":"closed","template":"","meta":[],"product_brand":[],"product_cat":[5921],"product_tag":[],"class_list":{"0":"post-110977","1":"product","2":"type-product","3":"status-publish","4":"has-post-thumbnail","6":"product_cat-madi-ohrringe","8":"first","9":"instock","10":"sale","11":"taxable","12":"shipping-taxable","13":"purchasable","14":"product-type-simple"},"exclude_global_add_ons":[],"addons":[],"df_price":140.4,"df_sale_price":140.4,"df_regular_price":156,"df_image_link":"https:\/\/cdn02.fabioferro.eu\/wp-content\/uploads\/orecchini-madi-piccoli-fissi-al-lobo-38998.jpg","_links":{"self":[{"href":"https:\/\/www.fabioferro.eu\/de\/wp-json\/wp\/v2\/product\/110977","targetHints":{"allow":["GET"]}}],"collection":[{"href":"https:\/\/www.fabioferro.eu\/de\/wp-json\/wp\/v2\/product"}],"about":[{"href":"https:\/\/www.fabioferro.eu\/de\/wp-json\/wp\/v2\/types\/product"}],"replies":[{"embeddable":true,"href":"https:\/\/www.fabioferro.eu\/de\/wp-json\/wp\/v2\/comments?post=110977"}],"version-history":[{"count":0,"href":"https:\/\/www.fabioferro.eu\/de\/wp-json\/wp\/v2\/product\/110977\/revisions"}],"wp:featuredmedia":[{"embeddable":true,"href":"https:\/\/www.fabioferro.eu\/de\/wp-json\/wp\/v2\/media\/110988"}],"wp:attachment":[{"href":"https:\/\/www.fabioferro.eu\/de\/wp-json\/wp\/v2\/media?parent=110977"}],"wp:term":[{"taxonomy":"product_brand","embeddable":true,"href":"https:\/\/www.fabioferro.eu\/de\/wp-json\/wp\/v2\/product_brand?post=110977"},{"taxonomy":"product_cat","embeddable":true,"href":"https:\/\/www.fabioferro.eu\/de\/wp-json\/wp\/v2\/product_cat?post=110977"},{"taxonomy":"product_tag","embeddable":true,"href":"https:\/\/www.fabioferro.eu\/de\/wp-json\/wp\/v2\/product_tag?post=110977"}],"curies":[{"name":"wp","href":"https:\/\/api.w.org\/{rel}","templated":true}]}}