{"id":111017,"date":"2022-12-12T11:01:14","date_gmt":"2022-12-12T10:01:14","guid":{"rendered":"https:\/\/www.fabioferro.eu\/valentina-ferragni-uali-metallic-ohrring-in-violett.html"},"modified":"2025-06-06T16:04:19","modified_gmt":"2025-06-06T14:04:19","slug":"valentina-ferragni-uali-metallic-ohrring-in-violett","status":"publish","type":"product","link":"https:\/\/www.fabioferro.eu\/de\/valentina-ferragni-uali-metallic-ohrring-in-violett.html","title":{"rendered":"Valentina Ferragni Uali Metallic-Ohrring in Violett"},"content":{"rendered":"<div id=\"tab-description\" class=\"woocommerce-Tabs-panel woocommerce-Tabs-panel--description panel entry-content wc-tab\" role=\"tabpanel\" aria-labelledby=\"tab-title-description\">  Einzelner Ohrring aus Sterlingsilber mit Platinbeschichtung und violetter Metallic-Beschichtung. Oben mit Zirkonen besetzt. Der obere Kreis hat einen Durchmesser von 1 cm. Der Anh\u00e4nger ist 2,4 cm lang. Das Gesamtgewicht des Schmuckst\u00fccks betr\u00e4gt 3,4 g. Nickelfrei. Handgefertigt in Italien. Inklusive Garantie und offizieller Valentina Ferragni-Verpackung.  <\/div>\n","protected":false},"excerpt":{"rendered":"<p>Ein metallisches Violett, das Ihr Gesicht wie nie zuvor erstrahlen l\u00e4sst.<\/p>\n","protected":false},"featured_media":111020,"comment_status":"open","ping_status":"closed","template":"","meta":[],"product_brand":[206],"product_cat":[15],"product_tag":[],"class_list":{"0":"post-111017","1":"product","2":"type-product","3":"status-publish","4":"has-post-thumbnail","6":"product_brand-valentina-ferragni-studio","7":"product_cat-senza-categoria","8":"pa_collezione-valentina-ferragni-uali-de","10":"first","11":"outofstock","12":"sale","13":"taxable","14":"shipping-taxable","15":"purchasable","16":"product-type-simple"},"exclude_global_add_ons":[],"addons":[],"df_price":49,"df_sale_price":49,"df_regular_price":98,"df_image_link":"https:\/\/cdn02.fabioferro.eu\/wp-content\/uploads\/orecchino-valentina-ferragni-uali-metallic-violet-or-lu11.jpg","_links":{"self":[{"href":"https:\/\/www.fabioferro.eu\/de\/wp-json\/wp\/v2\/product\/111017","targetHints":{"allow":["GET"]}}],"collection":[{"href":"https:\/\/www.fabioferro.eu\/de\/wp-json\/wp\/v2\/product"}],"about":[{"href":"https:\/\/www.fabioferro.eu\/de\/wp-json\/wp\/v2\/types\/product"}],"replies":[{"embeddable":true,"href":"https:\/\/www.fabioferro.eu\/de\/wp-json\/wp\/v2\/comments?post=111017"}],"version-history":[{"count":0,"href":"https:\/\/www.fabioferro.eu\/de\/wp-json\/wp\/v2\/product\/111017\/revisions"}],"wp:featuredmedia":[{"embeddable":true,"href":"https:\/\/www.fabioferro.eu\/de\/wp-json\/wp\/v2\/media\/111020"}],"wp:attachment":[{"href":"https:\/\/www.fabioferro.eu\/de\/wp-json\/wp\/v2\/media?parent=111017"}],"wp:term":[{"taxonomy":"product_brand","embeddable":true,"href":"https:\/\/www.fabioferro.eu\/de\/wp-json\/wp\/v2\/product_brand?post=111017"},{"taxonomy":"product_cat","embeddable":true,"href":"https:\/\/www.fabioferro.eu\/de\/wp-json\/wp\/v2\/product_cat?post=111017"},{"taxonomy":"product_tag","embeddable":true,"href":"https:\/\/www.fabioferro.eu\/de\/wp-json\/wp\/v2\/product_tag?post=111017"}],"curies":[{"name":"wp","href":"https:\/\/api.w.org\/{rel}","templated":true}]}}