{"id":111030,"date":"2022-12-06T19:31:53","date_gmt":"2022-12-06T18:31:53","guid":{"rendered":"https:\/\/www.fabioferro.eu\/hamilton-khaki-field-murph-automatik-42-mm-uhr.html"},"modified":"2026-03-03T15:04:41","modified_gmt":"2026-03-03T14:04:41","slug":"hamilton-khaki-field-murph-automatik-42-mm-uhr","status":"publish","type":"product","link":"https:\/\/www.fabioferro.eu\/de\/hamilton-khaki-field-murph-automatik-42-mm-uhr.html","title":{"rendered":"Hamilton Khaki Field Murph Auto 42mm H70605731"},"content":{"rendered":"<p>Hamilton Khaki Field Murph Auto 42mm H70605731.<\/p>\n<p>F\u00fcr alle Liebhaber der &#8220;Interstellar&#8221;-Serie ist der lang ersehnte Moment endlich gekommen. Die Hamilton Khaki Field Murph Uhr ist eine originalgetreue Nachbildung der Uhr, die der Hauptdarsteller Murph im Film tr\u00e4gt. Die Uhr zeichnet sich durch das Wort Eureka in Morsezeichen auf dem lackierten Sekundenzeiger aus und ist ein echtes Muss f\u00fcr alle Filmfans und Hamilton-Liebhaber.<\/p>\n<p>Automatisches mechanisches Uhrwerk Swiss Made Cal. H-10 mit 80 Stunden Gangreserve.<\/p>\n<p>Geh\u00e4use aus satiniertem Stahl mit polierter Oberfl\u00e4che, Durchmesser mm 42,00, Dicke mm 11,00, Breite der Bandanst\u00f6\u00dfe mm 22. Wasserdichte, ger\u00e4ndelte Stahlkrone mit Hamilton-Logo.<\/p>\n<p>Schwarzes Zifferblatt mit beigem Stunden- und Minutenzeiger, Sekundenzeiger in der Mitte. Arabische Ziffern in Beige.<\/p>\n<p>Wasserdicht bis 10 atm.<\/p>\n<p>Kratzfestes Saphirkristallglas.<\/p>\n<p>Schwarzes Kalbslederarmband mit Kontrastn\u00e4hten, Dornschlie\u00dfe aus Stahl mit Hamilton-Logo.<\/p>\n<p>Neue Uhr mit original Hamilton Geh\u00e4use und 2 Jahren Garantie.<\/p>\n","protected":false},"excerpt":{"rendered":"<p>Hamilton Khaki Field Murph Auto 42mm H70605731, dasselbe Modell wie in dem Film Interstellar.<\/p>\n","protected":false},"featured_media":111033,"comment_status":"open","ping_status":"closed","template":"","meta":[],"product_brand":[],"product_cat":[5974],"product_tag":[7442],"class_list":{"0":"post-111030","1":"product","2":"type-product","3":"status-publish","4":"has-post-thumbnail","6":"product_cat-hamilton-herrenuhren","7":"product_tag-verfugbar","9":"first","10":"instock","11":"sale","12":"taxable","13":"shipping-taxable","14":"purchasable","15":"product-type-simple"},"exclude_global_add_ons":[],"addons":[],"df_price":876,"df_sale_price":876,"df_regular_price":1095,"df_image_link":"https:\/\/cdn02.fabioferro.eu\/wp-content\/uploads\/virtuemart\/product\/orologio-hamilton-uomo-khaki-field-murpf-special-packaging-H70605731.jpg","_links":{"self":[{"href":"https:\/\/www.fabioferro.eu\/de\/wp-json\/wp\/v2\/product\/111030","targetHints":{"allow":["GET"]}}],"collection":[{"href":"https:\/\/www.fabioferro.eu\/de\/wp-json\/wp\/v2\/product"}],"about":[{"href":"https:\/\/www.fabioferro.eu\/de\/wp-json\/wp\/v2\/types\/product"}],"replies":[{"embeddable":true,"href":"https:\/\/www.fabioferro.eu\/de\/wp-json\/wp\/v2\/comments?post=111030"}],"version-history":[{"count":0,"href":"https:\/\/www.fabioferro.eu\/de\/wp-json\/wp\/v2\/product\/111030\/revisions"}],"wp:featuredmedia":[{"embeddable":true,"href":"https:\/\/www.fabioferro.eu\/de\/wp-json\/wp\/v2\/media\/111033"}],"wp:attachment":[{"href":"https:\/\/www.fabioferro.eu\/de\/wp-json\/wp\/v2\/media?parent=111030"}],"wp:term":[{"taxonomy":"product_brand","embeddable":true,"href":"https:\/\/www.fabioferro.eu\/de\/wp-json\/wp\/v2\/product_brand?post=111030"},{"taxonomy":"product_cat","embeddable":true,"href":"https:\/\/www.fabioferro.eu\/de\/wp-json\/wp\/v2\/product_cat?post=111030"},{"taxonomy":"product_tag","embeddable":true,"href":"https:\/\/www.fabioferro.eu\/de\/wp-json\/wp\/v2\/product_tag?post=111030"}],"curies":[{"name":"wp","href":"https:\/\/api.w.org\/{rel}","templated":true}]}}