{"id":111077,"date":"2022-12-03T12:57:11","date_gmt":"2022-12-03T11:57:11","guid":{"rendered":"https:\/\/www.fabioferro.eu\/madi-laguna-pesca-halskette-mit-sechs-grossen-farbigen-quarzen.html"},"modified":"2025-06-06T16:11:51","modified_gmt":"2025-06-06T14:11:51","slug":"madi-laguna-pesca-halskette-mit-sechs-grossen-farbigen-quarzen","status":"publish","type":"product","link":"https:\/\/www.fabioferro.eu\/de\/madi-laguna-pesca-halskette-mit-sechs-grossen-farbigen-quarzen.html","title":{"rendered":"Madi Laguna Pesca Halskette mit sechs gro\u00dfen farbigen Quarzen"},"content":{"rendered":"<p>Halskette aus ros\u00e9vergoldetem Sterlingsilber. Die sechs Steine, aus denen er besteht, sind gro\u00dfz\u00fcgig bemessene hydrothermale Quarze in verschiedenen Schliffen und Farben: Rauchgrau, Pfirsich und Eis. Die L\u00e4nge kann dank der Endringe nach Belieben von 44 bis 48 cm eingestellt werden. Handgefertigt, hergestellt in Italien. Verschluss mit sicherem und praktischem Karabinerhaken. Die Halskette wird mit einer 2-Jahres-Garantie, einer Einkaufstasche und einer offiziellen Mad\u00ec-Box geliefert.<\/p>\n","protected":false},"excerpt":{"rendered":"<p>Ein Schmuckst\u00fcck, das in den ikonischen Farben der Pesca-Kollektion um den Hals einer jeden Frau strahlt.<\/p>\n","protected":false},"featured_media":111085,"comment_status":"open","ping_status":"closed","template":"","meta":[],"product_brand":[],"product_cat":[5951],"product_tag":[],"class_list":{"0":"post-111077","1":"product","2":"type-product","3":"status-publish","4":"has-post-thumbnail","6":"product_cat-madi-halsketten","8":"first","9":"instock","10":"sale","11":"taxable","12":"shipping-taxable","13":"purchasable","14":"product-type-simple"},"exclude_global_add_ons":[],"addons":[],"df_price":188.1,"df_sale_price":188.1,"df_regular_price":209,"df_image_link":"https:\/\/cdn02.fabioferro.eu\/wp-content\/uploads\/collana-madi-laguna-pesca-38845.jpg","_links":{"self":[{"href":"https:\/\/www.fabioferro.eu\/de\/wp-json\/wp\/v2\/product\/111077","targetHints":{"allow":["GET"]}}],"collection":[{"href":"https:\/\/www.fabioferro.eu\/de\/wp-json\/wp\/v2\/product"}],"about":[{"href":"https:\/\/www.fabioferro.eu\/de\/wp-json\/wp\/v2\/types\/product"}],"replies":[{"embeddable":true,"href":"https:\/\/www.fabioferro.eu\/de\/wp-json\/wp\/v2\/comments?post=111077"}],"version-history":[{"count":0,"href":"https:\/\/www.fabioferro.eu\/de\/wp-json\/wp\/v2\/product\/111077\/revisions"}],"wp:featuredmedia":[{"embeddable":true,"href":"https:\/\/www.fabioferro.eu\/de\/wp-json\/wp\/v2\/media\/111085"}],"wp:attachment":[{"href":"https:\/\/www.fabioferro.eu\/de\/wp-json\/wp\/v2\/media?parent=111077"}],"wp:term":[{"taxonomy":"product_brand","embeddable":true,"href":"https:\/\/www.fabioferro.eu\/de\/wp-json\/wp\/v2\/product_brand?post=111077"},{"taxonomy":"product_cat","embeddable":true,"href":"https:\/\/www.fabioferro.eu\/de\/wp-json\/wp\/v2\/product_cat?post=111077"},{"taxonomy":"product_tag","embeddable":true,"href":"https:\/\/www.fabioferro.eu\/de\/wp-json\/wp\/v2\/product_tag?post=111077"}],"curies":[{"name":"wp","href":"https:\/\/api.w.org\/{rel}","templated":true}]}}