{"id":111137,"date":"2022-11-17T11:05:17","date_gmt":"2022-11-17T10:05:17","guid":{"rendered":"https:\/\/www.fabioferro.eu\/weisse-ovale-fabio-ferro-suesswasser-zuchtperlen-halskette-75-8-mm.html"},"modified":"2022-11-17T11:05:17","modified_gmt":"2022-11-17T10:05:17","slug":"weisse-ovale-fabio-ferro-suesswasser-zuchtperlen-halskette-75-8-mm","status":"publish","type":"product","link":"https:\/\/www.fabioferro.eu\/de\/weisse-ovale-fabio-ferro-suesswasser-zuchtperlen-halskette-75-8-mm.html","title":{"rendered":"Wei\u00dfe ovale Fabio Ferro S\u00fc\u00dfwasser-Zuchtperlen Halskette 7,5-8 mm"},"content":{"rendered":"<p>Halskette aus nat\u00fcrlichen asiatischen Perlen, die einen Durchmesser von 7,5\/8 mm haben. Sie sind elegant aufgereiht und werden von einem runden 925 Sterling Silber Karabinerverschluss begleitet.<\/p>\n<p>Insgesamt gibt es 37 wei\u00dfe ovale Perlen, die durch Knoten voneinander getrennt sind.<\/p>\n<p>Sie werden mit der eleganten Perlenknoten-Methode aufgereiht, wodurch sie nicht miteinander in Ber\u00fchrung kommen und sicherer und stabiler werden. Das Risiko, sie zu verlieren oder zu ruinieren, ist also gleich null.<\/p>\n<p>Der 925er Silberclip ist sehr elegant und praktisch in der Anwendung.<\/p>\n<p>Die L\u00e4nge des Fadens betr\u00e4gt 44 cm einschlie\u00dflich des Verschlusses.<\/p>\n<p>Die Farbe der Perlen kann leicht von der Abbildung abweichen, da es sich um nat\u00fcrliche Perlen handelt und eine Perle von der anderen verschieden ist.<\/p>\n<p>Mit einer eleganten Schachtel und einer von Fabio Ferro unterzeichneten Qualit\u00e4ts- und Echtheitsgarantie.<\/p>\n","protected":false},"excerpt":{"rendered":"<p>Die Lichtreflexe jagen sich endlos am Hals der Tr\u00e4gerin dieses Schmuckst\u00fccks entlang.<\/p>\n","protected":false},"featured_media":111147,"comment_status":"open","ping_status":"closed","template":"","meta":[],"product_brand":[152],"product_cat":[6301],"product_tag":[7442],"class_list":{"0":"post-111137","1":"product","2":"type-product","3":"status-publish","4":"has-post-thumbnail","6":"product_brand-fabio-ferro-i-gioielli","7":"product_cat-perlenketten","8":"product_tag-verfugbar","10":"first","11":"instock","12":"sale","13":"taxable","14":"shipping-taxable","15":"purchasable","16":"product-type-simple"},"exclude_global_add_ons":[],"addons":[],"df_price":232,"df_sale_price":232,"df_regular_price":290,"df_image_link":"https:\/\/cdn02.fabioferro.eu\/wp-content\/uploads\/collana-di-perle-fabio-ferro-acqua-dolce-argento-ff1191.jpg","_links":{"self":[{"href":"https:\/\/www.fabioferro.eu\/de\/wp-json\/wp\/v2\/product\/111137","targetHints":{"allow":["GET"]}}],"collection":[{"href":"https:\/\/www.fabioferro.eu\/de\/wp-json\/wp\/v2\/product"}],"about":[{"href":"https:\/\/www.fabioferro.eu\/de\/wp-json\/wp\/v2\/types\/product"}],"replies":[{"embeddable":true,"href":"https:\/\/www.fabioferro.eu\/de\/wp-json\/wp\/v2\/comments?post=111137"}],"version-history":[{"count":0,"href":"https:\/\/www.fabioferro.eu\/de\/wp-json\/wp\/v2\/product\/111137\/revisions"}],"wp:featuredmedia":[{"embeddable":true,"href":"https:\/\/www.fabioferro.eu\/de\/wp-json\/wp\/v2\/media\/111147"}],"wp:attachment":[{"href":"https:\/\/www.fabioferro.eu\/de\/wp-json\/wp\/v2\/media?parent=111137"}],"wp:term":[{"taxonomy":"product_brand","embeddable":true,"href":"https:\/\/www.fabioferro.eu\/de\/wp-json\/wp\/v2\/product_brand?post=111137"},{"taxonomy":"product_cat","embeddable":true,"href":"https:\/\/www.fabioferro.eu\/de\/wp-json\/wp\/v2\/product_cat?post=111137"},{"taxonomy":"product_tag","embeddable":true,"href":"https:\/\/www.fabioferro.eu\/de\/wp-json\/wp\/v2\/product_tag?post=111137"}],"curies":[{"name":"wp","href":"https:\/\/api.w.org\/{rel}","templated":true}]}}