{"id":111153,"date":"2022-11-12T13:22:27","date_gmt":"2022-11-12T12:22:27","guid":{"rendered":"https:\/\/www.fabioferro.eu\/madi-laguna-tropfenohrringe-mit-aqua-gruenem-quarz.html"},"modified":"2025-06-06T15:55:16","modified_gmt":"2025-06-06T13:55:16","slug":"madi-laguna-tropfenohrringe-mit-aqua-gruenem-quarz","status":"publish","type":"product","link":"https:\/\/www.fabioferro.eu\/de\/madi-laguna-tropfenohrringe-mit-aqua-gruenem-quarz.html","title":{"rendered":"Madi Laguna Tropfenohrringe mit Aqua Gr\u00fcnem Quarz"},"content":{"rendered":"<p>Ohrringe mit Anh\u00e4nger aus ros\u00e9farbenem 925er Silber. Der gefasste Stein ist ein \u00f6kologischer Quarz in klarem Aquagr\u00fcn. Handgefertigt in Italien, Made in Italy. Einfacher und praktischer Klickverschluss. Die Ohrringe werden mit der offiziellen Mad\u00ec-Box, einer Einkaufstasche und 2 Jahren Garantie geliefert.<\/p>\n","protected":false},"excerpt":{"rendered":"<p>Das Aquagr\u00fcn des Steins bringt das Gesicht einer jeden Frau zum Strahlen.<\/p>\n","protected":false},"featured_media":111174,"comment_status":"open","ping_status":"closed","template":"","meta":[],"product_brand":[],"product_cat":[5921],"product_tag":[7447],"class_list":{"0":"post-111153","1":"product","2":"type-product","3":"status-publish","4":"has-post-thumbnail","6":"product_cat-madi-ohrringe","7":"product_tag-dispo-de","9":"first","10":"instock","11":"sale","12":"taxable","13":"shipping-taxable","14":"purchasable","15":"product-type-simple"},"exclude_global_add_ons":[],"addons":[],"df_price":116.55,"df_sale_price":116.55,"df_regular_price":129.5,"df_image_link":"https:\/\/cdn02.fabioferro.eu\/wp-content\/uploads\/orecchini-madi-goccia-verde-38936.jpg","_links":{"self":[{"href":"https:\/\/www.fabioferro.eu\/de\/wp-json\/wp\/v2\/product\/111153","targetHints":{"allow":["GET"]}}],"collection":[{"href":"https:\/\/www.fabioferro.eu\/de\/wp-json\/wp\/v2\/product"}],"about":[{"href":"https:\/\/www.fabioferro.eu\/de\/wp-json\/wp\/v2\/types\/product"}],"replies":[{"embeddable":true,"href":"https:\/\/www.fabioferro.eu\/de\/wp-json\/wp\/v2\/comments?post=111153"}],"version-history":[{"count":0,"href":"https:\/\/www.fabioferro.eu\/de\/wp-json\/wp\/v2\/product\/111153\/revisions"}],"wp:featuredmedia":[{"embeddable":true,"href":"https:\/\/www.fabioferro.eu\/de\/wp-json\/wp\/v2\/media\/111174"}],"wp:attachment":[{"href":"https:\/\/www.fabioferro.eu\/de\/wp-json\/wp\/v2\/media?parent=111153"}],"wp:term":[{"taxonomy":"product_brand","embeddable":true,"href":"https:\/\/www.fabioferro.eu\/de\/wp-json\/wp\/v2\/product_brand?post=111153"},{"taxonomy":"product_cat","embeddable":true,"href":"https:\/\/www.fabioferro.eu\/de\/wp-json\/wp\/v2\/product_cat?post=111153"},{"taxonomy":"product_tag","embeddable":true,"href":"https:\/\/www.fabioferro.eu\/de\/wp-json\/wp\/v2\/product_tag?post=111153"}],"curies":[{"name":"wp","href":"https:\/\/api.w.org\/{rel}","templated":true}]}}