{"id":111158,"date":"2022-11-16T20:05:00","date_gmt":"2022-11-16T19:05:00","guid":{"rendered":"https:\/\/www.fabioferro.eu\/madi-laguna-tropfenhalskette-mit-aqua-und-eisgruenem-quarz.html"},"modified":"2024-10-08T16:37:54","modified_gmt":"2024-10-08T14:37:54","slug":"madi-laguna-tropfenhalskette-mit-aqua-und-eisgruenem-quarz","status":"publish","type":"product","link":"https:\/\/www.fabioferro.eu\/de\/madi-laguna-tropfenhalskette-mit-aqua-und-eisgruenem-quarz.html","title":{"rendered":"Madi Laguna Tropfenhalskette mit Aqua und eisgr\u00fcnem Quarz"},"content":{"rendered":"<p>Halskette aus ros\u00e9vergoldetem 925er Silber.<\/p>\n<p>Es enth\u00e4lt 6 hydrothermale Quarze in zwei verschiedenen Gr\u00f6\u00dfen. Die gr\u00f6\u00dferen sind tealfarben, w\u00e4hrend die kleineren eisfarben sind.<\/p>\n<p>Die L\u00e4nge dieses Schmuckst\u00fccks ist dank der Ringe am Ende von 44 bis 48 cm verstellbar.<\/p>\n<p>Handgefertigt in Italien, hergestellt in Italien.<\/p>\n<p>Verschluss mit praktischem und sicherem Karabinerhaken.<\/p>\n<p>Halskette mit 2 Jahren Garantie, Einkaufstasche und offizieller Mad\u00ec-Box.<\/p>\n","protected":false},"excerpt":{"rendered":"<p>Ein Mad\u00ec-Schmuckst\u00fcck, das den Hals einer jeden Frau zum Strahlen bringt.<\/p>\n","protected":false},"featured_media":111176,"comment_status":"open","ping_status":"closed","template":"","meta":[],"product_brand":[203],"product_cat":[5951],"product_tag":[],"class_list":{"0":"post-111158","1":"product","2":"type-product","3":"status-publish","4":"has-post-thumbnail","6":"product_brand-madi","7":"product_cat-madi-halsketten","9":"first","10":"instock","11":"sale","12":"taxable","13":"shipping-taxable","14":"purchasable","15":"product-type-simple"},"exclude_global_add_ons":[],"addons":[],"df_price":188.1,"df_sale_price":188.1,"df_regular_price":209,"df_image_link":"https:\/\/cdn02.fabioferro.eu\/wp-content\/uploads\/collana-madi-goccia-verde-38944.jpg","_links":{"self":[{"href":"https:\/\/www.fabioferro.eu\/de\/wp-json\/wp\/v2\/product\/111158","targetHints":{"allow":["GET"]}}],"collection":[{"href":"https:\/\/www.fabioferro.eu\/de\/wp-json\/wp\/v2\/product"}],"about":[{"href":"https:\/\/www.fabioferro.eu\/de\/wp-json\/wp\/v2\/types\/product"}],"replies":[{"embeddable":true,"href":"https:\/\/www.fabioferro.eu\/de\/wp-json\/wp\/v2\/comments?post=111158"}],"version-history":[{"count":0,"href":"https:\/\/www.fabioferro.eu\/de\/wp-json\/wp\/v2\/product\/111158\/revisions"}],"wp:featuredmedia":[{"embeddable":true,"href":"https:\/\/www.fabioferro.eu\/de\/wp-json\/wp\/v2\/media\/111176"}],"wp:attachment":[{"href":"https:\/\/www.fabioferro.eu\/de\/wp-json\/wp\/v2\/media?parent=111158"}],"wp:term":[{"taxonomy":"product_brand","embeddable":true,"href":"https:\/\/www.fabioferro.eu\/de\/wp-json\/wp\/v2\/product_brand?post=111158"},{"taxonomy":"product_cat","embeddable":true,"href":"https:\/\/www.fabioferro.eu\/de\/wp-json\/wp\/v2\/product_cat?post=111158"},{"taxonomy":"product_tag","embeddable":true,"href":"https:\/\/www.fabioferro.eu\/de\/wp-json\/wp\/v2\/product_tag?post=111158"}],"curies":[{"name":"wp","href":"https:\/\/api.w.org\/{rel}","templated":true}]}}