{"id":111177,"date":"2022-11-08T17:58:45","date_gmt":"2022-11-08T16:58:45","guid":{"rendered":"https:\/\/www.fabioferro.eu\/madi-laguna-oliva-ohrringe-mit-doppeltem-gruenen-quarz.html"},"modified":"2024-10-17T18:08:10","modified_gmt":"2024-10-17T16:08:10","slug":"madi-laguna-oliva-ohrringe-mit-doppeltem-gruenen-quarz","status":"publish","type":"product","link":"https:\/\/www.fabioferro.eu\/de\/madi-laguna-oliva-ohrringe-mit-doppeltem-gruenen-quarz.html","title":{"rendered":"Madi Laguna Oliva Ohrringe mit doppeltem gr\u00fcnen Quarz"},"content":{"rendered":"<p>Ohrringe aus 925er ros\u00e9vergoldetem Silber. An jedem Schmuckst\u00fcck h\u00e4ngen zwei hydrothermale Quarzsteine in zwei verschiedenen Gr\u00fcnt\u00f6nen. Handgefertigt, Made in Italy. Bequemer Klickverschluss. Ohrringe werden mit 2 Jahren Garantie und offizieller Mad\u00ec Box geliefert.<\/p>\n","protected":false},"excerpt":{"rendered":"<p>Kombinieren Sie sie mit der Halskette Mad\u00ec Laguna Oliva mit Anh\u00e4ngern und lassen Sie sich von den frischen Gr\u00fcnt\u00f6nen \u00fcberw\u00e4ltigen.<\/p>\n","protected":false},"featured_media":111190,"comment_status":"open","ping_status":"closed","template":"","meta":[],"product_brand":[],"product_cat":[5921],"product_tag":[],"class_list":{"0":"post-111177","1":"product","2":"type-product","3":"status-publish","4":"has-post-thumbnail","6":"product_cat-madi-ohrringe","8":"first","9":"instock","10":"sale","11":"taxable","12":"shipping-taxable","13":"purchasable","14":"product-type-simple"},"exclude_global_add_ons":[],"addons":[],"df_price":134.55,"df_sale_price":134.55,"df_regular_price":149.5,"df_image_link":"https:\/\/cdn02.fabioferro.eu\/wp-content\/uploads\/orecchini-madi-oliva-verde-chiaro-e-scuro-38979.jpg","_links":{"self":[{"href":"https:\/\/www.fabioferro.eu\/de\/wp-json\/wp\/v2\/product\/111177","targetHints":{"allow":["GET"]}}],"collection":[{"href":"https:\/\/www.fabioferro.eu\/de\/wp-json\/wp\/v2\/product"}],"about":[{"href":"https:\/\/www.fabioferro.eu\/de\/wp-json\/wp\/v2\/types\/product"}],"replies":[{"embeddable":true,"href":"https:\/\/www.fabioferro.eu\/de\/wp-json\/wp\/v2\/comments?post=111177"}],"version-history":[{"count":0,"href":"https:\/\/www.fabioferro.eu\/de\/wp-json\/wp\/v2\/product\/111177\/revisions"}],"wp:featuredmedia":[{"embeddable":true,"href":"https:\/\/www.fabioferro.eu\/de\/wp-json\/wp\/v2\/media\/111190"}],"wp:attachment":[{"href":"https:\/\/www.fabioferro.eu\/de\/wp-json\/wp\/v2\/media?parent=111177"}],"wp:term":[{"taxonomy":"product_brand","embeddable":true,"href":"https:\/\/www.fabioferro.eu\/de\/wp-json\/wp\/v2\/product_brand?post=111177"},{"taxonomy":"product_cat","embeddable":true,"href":"https:\/\/www.fabioferro.eu\/de\/wp-json\/wp\/v2\/product_cat?post=111177"},{"taxonomy":"product_tag","embeddable":true,"href":"https:\/\/www.fabioferro.eu\/de\/wp-json\/wp\/v2\/product_tag?post=111177"}],"curies":[{"name":"wp","href":"https:\/\/api.w.org\/{rel}","templated":true}]}}