{"id":111179,"date":"2022-11-17T17:30:46","date_gmt":"2022-11-17T16:30:46","guid":{"rendered":"https:\/\/www.fabioferro.eu\/graues-meerwasser-fabio-eisenperlenkette-8-mm.html"},"modified":"2022-11-17T17:30:46","modified_gmt":"2022-11-17T16:30:46","slug":"graues-meerwasser-fabio-eisenperlenkette-8-mm","status":"publish","type":"product","link":"https:\/\/www.fabioferro.eu\/de\/graues-meerwasser-fabio-eisenperlenkette-8-mm.html","title":{"rendered":"Graues Meerwasser Fabio Eisenperlenkette 8 mm"},"content":{"rendered":"<p>Perlenkette mit Perlen aus Japan, die einen Durchmesser von 8 mm haben.<\/p>\n<p>Die 50 Perlen werden mit der Perlenknotentechnik aufgereiht, die ein sicheres Tragen und Eleganz garantiert und ein Reiben zwischen Perle und Perle verhindert.<\/p>\n<p>Die Schlie\u00dfe ist aus 18 Karat Wei\u00dfgold, handgefertigt. Er ist \u00e4u\u00dferst ungew\u00f6hnlich, da das ineinandergreifende T an beiden Enden mit Diamanten besetzt ist. Der Diamant hat 0,10 Karat, Farbe G und Reinheit VS1. Sie ist sehr praktisch und sicher zu tragen.<\/p>\n<p>Die L\u00e4nge des Schmuckst\u00fccks betr\u00e4gt 48 cm einschlie\u00dflich der Schlie\u00dfe.<\/p>\n<p>Mit einer eleganten Schachtel und einer von Fabio Ferro unterzeichneten Qualit\u00e4ts- und Echtheitsgarantie.<\/p>\n<p>&nbsp;<\/p>\n<p><img decoding=\"async\" class=\"alignnone size-full wp-image-68675\" src=\"https:\/\/cdn02.fabioferro.eu\/wp-content\/uploads\/IGI-4cs-chart-IT-scaled.jpg\" alt=\"\" width=\"1864\" height=\"2560\" title=\"\" srcset=\"https:\/\/cdn02.fabioferro.eu\/wp-content\/uploads\/IGI-4cs-chart-IT-scaled.jpg 1864w, https:\/\/cdn02.fabioferro.eu\/wp-content\/uploads\/IGI-4cs-chart-IT-768x1055.jpg 768w, https:\/\/cdn02.fabioferro.eu\/wp-content\/uploads\/IGI-4cs-chart-IT-1119x1536.jpg 1119w, https:\/\/cdn02.fabioferro.eu\/wp-content\/uploads\/IGI-4cs-chart-IT-1491x2048.jpg 1491w, https:\/\/cdn02.fabioferro.eu\/wp-content\/uploads\/IGI-4cs-chart-IT-990x1359.jpg 990w, https:\/\/cdn02.fabioferro.eu\/wp-content\/uploads\/IGI-4cs-chart-IT-441x606.jpg 441w, https:\/\/cdn02.fabioferro.eu\/wp-content\/uploads\/IGI-4cs-chart-IT-600x824.jpg 600w, https:\/\/cdn02.fabioferro.eu\/wp-content\/uploads\/IGI-4cs-chart-IT-150x206.jpg 150w\" sizes=\"(max-width: 1864px) 100vw, 1864px\" \/><\/p>\n","protected":false},"excerpt":{"rendered":"<p>Eine Folge von nat\u00fcrlichen grauen Reflexen, die die Farben der Natur vollst\u00e4ndig widerspiegeln. Sch\u00f6n, wahr und einfach in jeder Hinsicht.<\/p>\n","protected":false},"featured_media":111186,"comment_status":"open","ping_status":"closed","template":"","meta":[],"product_brand":[152],"product_cat":[6301],"product_tag":[],"class_list":{"0":"post-111179","1":"product","2":"type-product","3":"status-publish","4":"has-post-thumbnail","6":"product_brand-fabio-ferro-i-gioielli","7":"product_cat-perlenketten","9":"first","10":"outofstock","11":"sale","12":"taxable","13":"shipping-taxable","14":"purchasable","15":"product-type-simple"},"exclude_global_add_ons":[],"addons":[],"df_price":872,"df_sale_price":872,"df_regular_price":1090,"df_image_link":"https:\/\/cdn02.fabioferro.eu\/wp-content\/uploads\/collana-di-perle-fabio-ferro-coltivate-mare-ff1190.jpg","_links":{"self":[{"href":"https:\/\/www.fabioferro.eu\/de\/wp-json\/wp\/v2\/product\/111179","targetHints":{"allow":["GET"]}}],"collection":[{"href":"https:\/\/www.fabioferro.eu\/de\/wp-json\/wp\/v2\/product"}],"about":[{"href":"https:\/\/www.fabioferro.eu\/de\/wp-json\/wp\/v2\/types\/product"}],"replies":[{"embeddable":true,"href":"https:\/\/www.fabioferro.eu\/de\/wp-json\/wp\/v2\/comments?post=111179"}],"version-history":[{"count":0,"href":"https:\/\/www.fabioferro.eu\/de\/wp-json\/wp\/v2\/product\/111179\/revisions"}],"wp:featuredmedia":[{"embeddable":true,"href":"https:\/\/www.fabioferro.eu\/de\/wp-json\/wp\/v2\/media\/111186"}],"wp:attachment":[{"href":"https:\/\/www.fabioferro.eu\/de\/wp-json\/wp\/v2\/media?parent=111179"}],"wp:term":[{"taxonomy":"product_brand","embeddable":true,"href":"https:\/\/www.fabioferro.eu\/de\/wp-json\/wp\/v2\/product_brand?post=111179"},{"taxonomy":"product_cat","embeddable":true,"href":"https:\/\/www.fabioferro.eu\/de\/wp-json\/wp\/v2\/product_cat?post=111179"},{"taxonomy":"product_tag","embeddable":true,"href":"https:\/\/www.fabioferro.eu\/de\/wp-json\/wp\/v2\/product_tag?post=111179"}],"curies":[{"name":"wp","href":"https:\/\/api.w.org\/{rel}","templated":true}]}}