{"id":111184,"date":"2022-11-08T17:58:29","date_gmt":"2022-11-08T16:58:29","guid":{"rendered":"https:\/\/www.fabioferro.eu\/madi-laguna-oliva-ohrringe-mit-hydrothermalem-quarz.html"},"modified":"2024-08-08T08:56:46","modified_gmt":"2024-08-08T06:56:46","slug":"madi-laguna-oliva-ohrringe-mit-hydrothermalem-quarz","status":"publish","type":"product","link":"https:\/\/www.fabioferro.eu\/de\/madi-laguna-oliva-ohrringe-mit-hydrothermalem-quarz.html","title":{"rendered":"Madi Laguna Oliva Ohrringe mit hydrothermalem Quarz"},"content":{"rendered":"<p>Paar Anh\u00e4nger-Ohrringe aus ros\u00e9farbenem 925er Silber. Zwei hellgr\u00fcne hydrothermale Quarze. Handgefertigt, Hergestellt in Italien. Einfacher und bequemer Klickverschluss. Lieferung mit Originalverpackung von Mad\u00ec, Einkaufstasche und 2 Jahren Garantie.<\/p>\n","protected":false},"excerpt":{"rendered":"<p>Silberne Ohrringe mit sch\u00f6nem hellgr\u00fcnem Quarz.<\/p>\n","protected":false},"featured_media":111203,"comment_status":"open","ping_status":"closed","template":"","meta":[],"product_brand":[],"product_cat":[5921],"product_tag":[],"class_list":{"0":"post-111184","1":"product","2":"type-product","3":"status-publish","4":"has-post-thumbnail","6":"product_cat-madi-ohrringe","8":"first","9":"instock","10":"sale","11":"taxable","12":"shipping-taxable","13":"purchasable","14":"product-type-simple"},"exclude_global_add_ons":[],"addons":[],"df_price":116.55,"df_sale_price":116.55,"df_regular_price":129.5,"df_image_link":"https:\/\/cdn02.fabioferro.eu\/wp-content\/uploads\/orecchini-madi-oliva-chiari-38980.jpg","_links":{"self":[{"href":"https:\/\/www.fabioferro.eu\/de\/wp-json\/wp\/v2\/product\/111184","targetHints":{"allow":["GET"]}}],"collection":[{"href":"https:\/\/www.fabioferro.eu\/de\/wp-json\/wp\/v2\/product"}],"about":[{"href":"https:\/\/www.fabioferro.eu\/de\/wp-json\/wp\/v2\/types\/product"}],"replies":[{"embeddable":true,"href":"https:\/\/www.fabioferro.eu\/de\/wp-json\/wp\/v2\/comments?post=111184"}],"version-history":[{"count":0,"href":"https:\/\/www.fabioferro.eu\/de\/wp-json\/wp\/v2\/product\/111184\/revisions"}],"wp:featuredmedia":[{"embeddable":true,"href":"https:\/\/www.fabioferro.eu\/de\/wp-json\/wp\/v2\/media\/111203"}],"wp:attachment":[{"href":"https:\/\/www.fabioferro.eu\/de\/wp-json\/wp\/v2\/media?parent=111184"}],"wp:term":[{"taxonomy":"product_brand","embeddable":true,"href":"https:\/\/www.fabioferro.eu\/de\/wp-json\/wp\/v2\/product_brand?post=111184"},{"taxonomy":"product_cat","embeddable":true,"href":"https:\/\/www.fabioferro.eu\/de\/wp-json\/wp\/v2\/product_cat?post=111184"},{"taxonomy":"product_tag","embeddable":true,"href":"https:\/\/www.fabioferro.eu\/de\/wp-json\/wp\/v2\/product_tag?post=111184"}],"curies":[{"name":"wp","href":"https:\/\/api.w.org\/{rel}","templated":true}]}}