{"id":111191,"date":"2022-11-08T17:59:02","date_gmt":"2022-11-08T16:59:02","guid":{"rendered":"https:\/\/www.fabioferro.eu\/madi-laguna-mono-kleine-ohrringe-mit-aqua-gruenem-quarz.html"},"modified":"2024-09-06T16:35:19","modified_gmt":"2024-09-06T14:35:19","slug":"madi-laguna-mono-kleine-ohrringe-mit-aqua-gruenem-quarz","status":"publish","type":"product","link":"https:\/\/www.fabioferro.eu\/de\/madi-laguna-mono-kleine-ohrringe-mit-aqua-gruenem-quarz.html","title":{"rendered":"Madi Laguna Mono Kleine Ohrringe mit Aqua Gr\u00fcnem Quarz"},"content":{"rendered":"<p>Feste Ohrringe aus gl\u00e4nzendem, ros\u00e9vergoldetem 925er Sterlingsilber. Auf jedem Ohrring befindet sich ein hydrothermaler Quarz von bescheidener Gr\u00f6\u00dfe in einer blaugr\u00fcnen Farbe. Handgefertigt, hergestellt in Italien. Bequemer und sicherer Clipverschluss. Wird mit 2 Jahren Garantie, offizieller Mad\u00ec-Box und Einkaufstasche geliefert.<\/p>\n","protected":false},"excerpt":{"rendered":"<p>Wassergr\u00fcn ist eine der beiden Hauptfarben der Kollektion Laguna Mono, die von Mad\u00ec f\u00fcr ein junges Publikum entworfen wurde.<\/p>\n","protected":false},"featured_media":111204,"comment_status":"open","ping_status":"closed","template":"","meta":[],"product_brand":[],"product_cat":[5921],"product_tag":[],"class_list":{"0":"post-111191","1":"product","2":"type-product","3":"status-publish","4":"has-post-thumbnail","6":"product_cat-madi-ohrringe","8":"first","9":"instock","10":"sale","11":"taxable","12":"shipping-taxable","13":"purchasable","14":"product-type-simple"},"exclude_global_add_ons":[],"addons":[],"df_price":140.4,"df_sale_price":140.4,"df_regular_price":156,"df_image_link":"https:\/\/cdn02.fabioferro.eu\/wp-content\/uploads\/orecchini-madi-azzurri-piccoli-38999.jpg","_links":{"self":[{"href":"https:\/\/www.fabioferro.eu\/de\/wp-json\/wp\/v2\/product\/111191","targetHints":{"allow":["GET"]}}],"collection":[{"href":"https:\/\/www.fabioferro.eu\/de\/wp-json\/wp\/v2\/product"}],"about":[{"href":"https:\/\/www.fabioferro.eu\/de\/wp-json\/wp\/v2\/types\/product"}],"replies":[{"embeddable":true,"href":"https:\/\/www.fabioferro.eu\/de\/wp-json\/wp\/v2\/comments?post=111191"}],"version-history":[{"count":0,"href":"https:\/\/www.fabioferro.eu\/de\/wp-json\/wp\/v2\/product\/111191\/revisions"}],"wp:featuredmedia":[{"embeddable":true,"href":"https:\/\/www.fabioferro.eu\/de\/wp-json\/wp\/v2\/media\/111204"}],"wp:attachment":[{"href":"https:\/\/www.fabioferro.eu\/de\/wp-json\/wp\/v2\/media?parent=111191"}],"wp:term":[{"taxonomy":"product_brand","embeddable":true,"href":"https:\/\/www.fabioferro.eu\/de\/wp-json\/wp\/v2\/product_brand?post=111191"},{"taxonomy":"product_cat","embeddable":true,"href":"https:\/\/www.fabioferro.eu\/de\/wp-json\/wp\/v2\/product_cat?post=111191"},{"taxonomy":"product_tag","embeddable":true,"href":"https:\/\/www.fabioferro.eu\/de\/wp-json\/wp\/v2\/product_tag?post=111191"}],"curies":[{"name":"wp","href":"https:\/\/api.w.org\/{rel}","templated":true}]}}