{"id":111194,"date":"2022-11-17T12:41:07","date_gmt":"2022-11-17T11:41:07","guid":{"rendered":"https:\/\/www.fabioferro.eu\/fabio-eisen-meerwasser-japanische-perlenkette-7-75-mm.html"},"modified":"2022-11-17T12:41:07","modified_gmt":"2022-11-17T11:41:07","slug":"fabio-eisen-meerwasser-japanische-perlenkette-7-75-mm","status":"publish","type":"product","link":"https:\/\/www.fabioferro.eu\/de\/fabio-eisen-meerwasser-japanische-perlenkette-7-75-mm.html","title":{"rendered":"Fabio Eisen Meerwasser Japanische Perlenkette 7-7,5 mm"},"content":{"rendered":"<p>Halskette aus Meeresperlen, die aus dem japanischen Raum stammen und einen Durchmesser von 8,5\/9 mm haben.<\/p>\n<p>Siebenundf\u00fcnfzig Perlen sind elegant mit der Perlenknotentechnik aufgereiht, die sicheres Tragen und Eleganz garantiert und ein Reiben zwischen Perle und Perle verhindert.<\/p>\n<p>Die Schlie\u00dfe ist aus 18 Karat Ros\u00e9gold handgefertigt. Sie stellt eine elegante Blume dar, die die beiden Enden des Fadens verbindet. Sein Gewicht betr\u00e4gt 3,3 g. Einfach zu tragen und sehr sch\u00f6n anzuschauen.<\/p>\n<p>Die L\u00e4nge der Halskette betr\u00e4gt 49 cm einschlie\u00dflich Verschluss.<\/p>\n<p>Begleitet von einer speziellen Schachtel und einer Qualit\u00e4ts- und Echtheitsgarantie, unterzeichnet von Fabio Ferro.<\/p>\n","protected":false},"excerpt":{"rendered":"<p>Viele kleine Perlen, die den Hals hinunterflie\u00dfen und eine harmonische Bewegung erzeugen, die den Betrachter mit offenem Mund zur\u00fcckl\u00e4sst.<\/p>\n","protected":false},"featured_media":111206,"comment_status":"open","ping_status":"closed","template":"","meta":[],"product_brand":[152],"product_cat":[6301],"product_tag":[],"class_list":{"0":"post-111194","1":"product","2":"type-product","3":"status-publish","4":"has-post-thumbnail","6":"product_brand-fabio-ferro-i-gioielli","7":"product_cat-perlenketten","9":"first","10":"outofstock","11":"sale","12":"taxable","13":"shipping-taxable","14":"purchasable","15":"product-type-simple"},"exclude_global_add_ons":[],"addons":[],"df_price":1200,"df_sale_price":1200,"df_regular_price":1500,"df_image_link":"https:\/\/cdn02.fabioferro.eu\/wp-content\/uploads\/collana-di-perle-acqua-di-mare-chiusura-in-argento-alepe2.jpg","_links":{"self":[{"href":"https:\/\/www.fabioferro.eu\/de\/wp-json\/wp\/v2\/product\/111194","targetHints":{"allow":["GET"]}}],"collection":[{"href":"https:\/\/www.fabioferro.eu\/de\/wp-json\/wp\/v2\/product"}],"about":[{"href":"https:\/\/www.fabioferro.eu\/de\/wp-json\/wp\/v2\/types\/product"}],"replies":[{"embeddable":true,"href":"https:\/\/www.fabioferro.eu\/de\/wp-json\/wp\/v2\/comments?post=111194"}],"version-history":[{"count":0,"href":"https:\/\/www.fabioferro.eu\/de\/wp-json\/wp\/v2\/product\/111194\/revisions"}],"wp:featuredmedia":[{"embeddable":true,"href":"https:\/\/www.fabioferro.eu\/de\/wp-json\/wp\/v2\/media\/111206"}],"wp:attachment":[{"href":"https:\/\/www.fabioferro.eu\/de\/wp-json\/wp\/v2\/media?parent=111194"}],"wp:term":[{"taxonomy":"product_brand","embeddable":true,"href":"https:\/\/www.fabioferro.eu\/de\/wp-json\/wp\/v2\/product_brand?post=111194"},{"taxonomy":"product_cat","embeddable":true,"href":"https:\/\/www.fabioferro.eu\/de\/wp-json\/wp\/v2\/product_cat?post=111194"},{"taxonomy":"product_tag","embeddable":true,"href":"https:\/\/www.fabioferro.eu\/de\/wp-json\/wp\/v2\/product_tag?post=111194"}],"curies":[{"name":"wp","href":"https:\/\/api.w.org\/{rel}","templated":true}]}}