{"id":111200,"date":"2022-11-23T16:11:09","date_gmt":"2022-11-23T15:11:09","guid":{"rendered":"https:\/\/www.fabioferro.eu\/hamilton-khaki-feld-murph-38-mm-uhr.html"},"modified":"2025-04-03T10:08:19","modified_gmt":"2025-04-03T08:08:19","slug":"hamilton-khaki-feld-murph-38-mm-uhr","status":"publish","type":"product","link":"https:\/\/www.fabioferro.eu\/de\/hamilton-khaki-feld-murph-38-mm-uhr.html","title":{"rendered":"Hamilton Khaki Field Murph 38mm H70405730"},"content":{"rendered":"<p><span style=\"vertical-align: inherit;\"><span style=\"vertical-align: inherit;\">Hamilton Khaki Field Murph 38mm H70405730 mit mechanischem Uhrwerk mit Automatikaufzug, Kaliber H-10 mit 80 Stunden Gangreserve.<\/span><\/span><\/p>\n<p><span style=\"vertical-align: inherit;\"><span style=\"vertical-align: inherit;\">Nivachron-Spirale aus Titanlegierung, unempfindlich gegen\u00fcber Magnetfeldern.<\/span><\/span><\/p>\n<p><span style=\"vertical-align: inherit;\"><span style=\"vertical-align: inherit;\">Geh\u00e4use aus Edelstahl mit einem Durchmesser von 38 mm, Breite der Bandanst\u00f6\u00dfe 20 mm. Ger\u00e4ndelte, herausziehbare Krone zum Einstellen der Uhrzeit.<\/span><\/span><\/p>\n<p><span style=\"vertical-align: inherit;\"><span style=\"vertical-align: inherit;\">Wasserdicht bis zu 10 bar\/100 Meter.<\/span><\/span><\/p>\n<p><span style=\"vertical-align: inherit;\"><span style=\"vertical-align: inherit;\">Gl\u00e4nzendes schwarzes Zifferblatt, mit Logo bei 12 Uhr, spezieller Lumibrite-Zeiger auch im Dunkeln sichtbar.<\/span><\/span><\/p>\n<p><span style=\"vertical-align: inherit;\"><span style=\"vertical-align: inherit;\">Entspiegeltes konvexes Saphirglas.<\/span><\/span><\/p>\n<p><span style=\"vertical-align: inherit;\"><span style=\"vertical-align: inherit;\">Verschraubte transparente R\u00fcckseite.<\/span><\/span><\/p>\n<p><span style=\"vertical-align: inherit;\"><span style=\"vertical-align: inherit;\">Armband aus schwarzem Rindsleder. Breite der Schlaufe 20 mm, Schlie\u00dfe 18 mm. <\/span><\/span><\/p>\n<p><span style=\"vertical-align: inherit;\"><span style=\"vertical-align: inherit;\">Die Uhr wird von einer 2-Jahres-Garantie und einer offiziellen Hamilton-Verpackung begleitet.<\/span><\/span><\/p>\n","protected":false},"excerpt":{"rendered":"<p><span style=\"vertical-align: inherit;\"><span style=\"vertical-align: inherit;\">Hamilton Khaki Field Murph 38mm H70405730, die eine Geschichte zu erz\u00e4hlen hat, und die es kaum erwarten kann, Ihre zu h\u00f6ren.<\/span><\/span><\/p>\n","protected":false},"featured_media":111211,"comment_status":"open","ping_status":"closed","template":"","meta":[],"product_brand":[161],"product_cat":[5974],"product_tag":[],"class_list":{"0":"post-111200","1":"product","2":"type-product","3":"status-publish","4":"has-post-thumbnail","6":"product_brand-hamilton","7":"product_cat-hamilton-herrenuhren","8":"pa_collezione-hamilton-khaki-feld","10":"first","11":"instock","12":"sale","13":"taxable","14":"shipping-taxable","15":"purchasable","16":"product-type-simple"},"exclude_global_add_ons":[],"addons":[],"df_price":796,"df_sale_price":796,"df_regular_price":995,"df_image_link":"https:\/\/cdn02.fabioferro.eu\/wp-content\/uploads\/orologio-hamilton-khaki-field-murph-h70405730.jpg","_links":{"self":[{"href":"https:\/\/www.fabioferro.eu\/de\/wp-json\/wp\/v2\/product\/111200","targetHints":{"allow":["GET"]}}],"collection":[{"href":"https:\/\/www.fabioferro.eu\/de\/wp-json\/wp\/v2\/product"}],"about":[{"href":"https:\/\/www.fabioferro.eu\/de\/wp-json\/wp\/v2\/types\/product"}],"replies":[{"embeddable":true,"href":"https:\/\/www.fabioferro.eu\/de\/wp-json\/wp\/v2\/comments?post=111200"}],"version-history":[{"count":0,"href":"https:\/\/www.fabioferro.eu\/de\/wp-json\/wp\/v2\/product\/111200\/revisions"}],"wp:featuredmedia":[{"embeddable":true,"href":"https:\/\/www.fabioferro.eu\/de\/wp-json\/wp\/v2\/media\/111211"}],"wp:attachment":[{"href":"https:\/\/www.fabioferro.eu\/de\/wp-json\/wp\/v2\/media?parent=111200"}],"wp:term":[{"taxonomy":"product_brand","embeddable":true,"href":"https:\/\/www.fabioferro.eu\/de\/wp-json\/wp\/v2\/product_brand?post=111200"},{"taxonomy":"product_cat","embeddable":true,"href":"https:\/\/www.fabioferro.eu\/de\/wp-json\/wp\/v2\/product_cat?post=111200"},{"taxonomy":"product_tag","embeddable":true,"href":"https:\/\/www.fabioferro.eu\/de\/wp-json\/wp\/v2\/product_tag?post=111200"}],"curies":[{"name":"wp","href":"https:\/\/api.w.org\/{rel}","templated":true}]}}