{"id":111227,"date":"2022-11-08T17:58:25","date_gmt":"2022-11-08T16:58:25","guid":{"rendered":"https:\/\/www.fabioferro.eu\/madi-laguna-mono-lange-halskette-mit-neun-gruenen-wassersteinen.html"},"modified":"2024-09-06T16:34:44","modified_gmt":"2024-09-06T14:34:44","slug":"madi-laguna-mono-lange-halskette-mit-neun-gruenen-wassersteinen","status":"publish","type":"product","link":"https:\/\/www.fabioferro.eu\/de\/madi-laguna-mono-lange-halskette-mit-neun-gruenen-wassersteinen.html","title":{"rendered":"Madi Laguna Mono lange Halskette mit neun gr\u00fcnen Wassersteinen"},"content":{"rendered":"<p>Chanel-Halskette, komplett aus ros\u00e9vergoldetem 925er Silber. Die neun kleinen, stumpf geschliffenen Steine sind aus \u00f6kologischem Quarz in einer blaugr\u00fcnen Farbe. Die Gesamtl\u00e4nge betr\u00e4gt 90 cm, die nicht verstellbar ist, aber auch mit einer Doppelschlaufe getragen werden kann. Halskette handgefertigt in Italien, Made in Italy. Verschluss mit zuverl\u00e4ssigem Karabinerhaken. Halskette mit 2-Jahres-Garantie, Einkaufstasche und Original Mad\u00ec-Box.<\/p>\n","protected":false},"excerpt":{"rendered":"<p>Wundersch\u00f6ne Chanel-Halskette mit aquagr\u00fcnem \u00d6ko-Quarz. Einfach und vielseitig f\u00fcr jede Gelegenheit.<\/p>\n","protected":false},"featured_media":111239,"comment_status":"open","ping_status":"closed","template":"","meta":[],"product_brand":[],"product_cat":[5951],"product_tag":[],"class_list":{"0":"post-111227","1":"product","2":"type-product","3":"status-publish","4":"has-post-thumbnail","6":"product_cat-madi-halsketten","8":"first","9":"instock","10":"sale","11":"taxable","12":"shipping-taxable","13":"purchasable","14":"product-type-simple"},"exclude_global_add_ons":[],"addons":[],"df_price":242.1,"df_sale_price":242.1,"df_regular_price":269,"df_image_link":"https:\/\/cdn02.fabioferro.eu\/wp-content\/uploads\/collana-madi-lunga-verde-38959.jpg","_links":{"self":[{"href":"https:\/\/www.fabioferro.eu\/de\/wp-json\/wp\/v2\/product\/111227","targetHints":{"allow":["GET"]}}],"collection":[{"href":"https:\/\/www.fabioferro.eu\/de\/wp-json\/wp\/v2\/product"}],"about":[{"href":"https:\/\/www.fabioferro.eu\/de\/wp-json\/wp\/v2\/types\/product"}],"replies":[{"embeddable":true,"href":"https:\/\/www.fabioferro.eu\/de\/wp-json\/wp\/v2\/comments?post=111227"}],"version-history":[{"count":0,"href":"https:\/\/www.fabioferro.eu\/de\/wp-json\/wp\/v2\/product\/111227\/revisions"}],"wp:featuredmedia":[{"embeddable":true,"href":"https:\/\/www.fabioferro.eu\/de\/wp-json\/wp\/v2\/media\/111239"}],"wp:attachment":[{"href":"https:\/\/www.fabioferro.eu\/de\/wp-json\/wp\/v2\/media?parent=111227"}],"wp:term":[{"taxonomy":"product_brand","embeddable":true,"href":"https:\/\/www.fabioferro.eu\/de\/wp-json\/wp\/v2\/product_brand?post=111227"},{"taxonomy":"product_cat","embeddable":true,"href":"https:\/\/www.fabioferro.eu\/de\/wp-json\/wp\/v2\/product_cat?post=111227"},{"taxonomy":"product_tag","embeddable":true,"href":"https:\/\/www.fabioferro.eu\/de\/wp-json\/wp\/v2\/product_tag?post=111227"}],"curies":[{"name":"wp","href":"https:\/\/api.w.org\/{rel}","templated":true}]}}