{"id":111236,"date":"2022-11-08T17:58:54","date_gmt":"2022-11-08T16:58:54","guid":{"rendered":"https:\/\/www.fabioferro.eu\/madi-laguna-oliva-anhaenger-halskette-mit-quadratischem-hydrothermalquarz.html"},"modified":"2024-09-06T16:35:16","modified_gmt":"2024-09-06T14:35:16","slug":"madi-laguna-oliva-anhaenger-halskette-mit-quadratischem-hydrothermalquarz","status":"publish","type":"product","link":"https:\/\/www.fabioferro.eu\/de\/madi-laguna-oliva-anhaenger-halskette-mit-quadratischem-hydrothermalquarz.html","title":{"rendered":"Madi Laguna Oliva Anh\u00e4nger Halskette mit quadratischem Hydrothermalquarz"},"content":{"rendered":"<p>Collier aus ros\u00e9farbenem 925er Silber. Die Anh\u00e4nger sind quadratische hydrothermale Quarze, einer hellgr\u00fcn und einer dunkelgr\u00fcn. Die L\u00e4nge der Halskette betr\u00e4gt 42 cm, wobei die Anh\u00e4ngerteile 3,5 cm abfallen. Handgefertigt, Hergestellt in Italien. Der perfekte Verschluss wird durch einen Karabinerhaken gew\u00e4hrleistet. Das Juwel wird mit 2 Jahren Garantie, Einkaufstasche und offizieller Mad\u00ec-Box geliefert.<\/p>\n","protected":false},"excerpt":{"rendered":"<p>Zwei Anh\u00e4nger, die durch ihre Schlichtheit verzaubern.<\/p>\n","protected":false},"featured_media":111245,"comment_status":"open","ping_status":"closed","template":"","meta":[],"product_brand":[],"product_cat":[5951],"product_tag":[7442],"class_list":{"0":"post-111236","1":"product","2":"type-product","3":"status-publish","4":"has-post-thumbnail","6":"product_cat-madi-halsketten","7":"product_tag-verfugbar","9":"first","10":"instock","11":"sale","12":"taxable","13":"shipping-taxable","14":"purchasable","15":"product-type-simple"},"exclude_global_add_ons":[],"addons":[],"df_price":106.2,"df_sale_price":106.2,"df_regular_price":118,"df_image_link":"https:\/\/cdn02.fabioferro.eu\/wp-content\/uploads\/collana-madi-oliva-chiaro-scuro-38986.jpg","_links":{"self":[{"href":"https:\/\/www.fabioferro.eu\/de\/wp-json\/wp\/v2\/product\/111236","targetHints":{"allow":["GET"]}}],"collection":[{"href":"https:\/\/www.fabioferro.eu\/de\/wp-json\/wp\/v2\/product"}],"about":[{"href":"https:\/\/www.fabioferro.eu\/de\/wp-json\/wp\/v2\/types\/product"}],"replies":[{"embeddable":true,"href":"https:\/\/www.fabioferro.eu\/de\/wp-json\/wp\/v2\/comments?post=111236"}],"version-history":[{"count":0,"href":"https:\/\/www.fabioferro.eu\/de\/wp-json\/wp\/v2\/product\/111236\/revisions"}],"wp:featuredmedia":[{"embeddable":true,"href":"https:\/\/www.fabioferro.eu\/de\/wp-json\/wp\/v2\/media\/111245"}],"wp:attachment":[{"href":"https:\/\/www.fabioferro.eu\/de\/wp-json\/wp\/v2\/media?parent=111236"}],"wp:term":[{"taxonomy":"product_brand","embeddable":true,"href":"https:\/\/www.fabioferro.eu\/de\/wp-json\/wp\/v2\/product_brand?post=111236"},{"taxonomy":"product_cat","embeddable":true,"href":"https:\/\/www.fabioferro.eu\/de\/wp-json\/wp\/v2\/product_cat?post=111236"},{"taxonomy":"product_tag","embeddable":true,"href":"https:\/\/www.fabioferro.eu\/de\/wp-json\/wp\/v2\/product_tag?post=111236"}],"curies":[{"name":"wp","href":"https:\/\/api.w.org\/{rel}","templated":true}]}}