{"id":111255,"date":"2022-11-08T17:58:17","date_gmt":"2022-11-08T16:58:17","guid":{"rendered":"https:\/\/www.fabioferro.eu\/madi-laguna-mono-halskette-mit-sechs-gruenen-quarzen.html"},"modified":"2024-10-04T19:22:28","modified_gmt":"2024-10-04T17:22:28","slug":"madi-laguna-mono-halskette-mit-sechs-gruenen-quarzen","status":"publish","type":"product","link":"https:\/\/www.fabioferro.eu\/de\/madi-laguna-mono-halskette-mit-sechs-gruenen-quarzen.html","title":{"rendered":"Madi Laguna Mono-Halskette mit sechs gr\u00fcnen Quarzen"},"content":{"rendered":"<p>Halskette komplett aus ros\u00e9vergoldetem 925er Silber. Verziert mit 6 blaugr\u00fcnen hydrothermalen Quarzen. Die L\u00e4nge ist dank der Ringe am Ende der Kette von 44 bis 48 cm einstellbar. Handgefertigt in Italien, hergestellt in Italien. Sicherer Karabinerhakenverschluss. Die Halskette wird mit einer 2-Jahres-Garantie, einer Einkaufstasche und einer offiziellen Mad\u00ec-Box geliefert.<\/p>\n","protected":false},"excerpt":{"rendered":"<p>Legen Sie sich die Frische des Teal um den Hals mit dieser edlen und zugleich schlichten Halskette aus der Kollektion Laguna Mono.<\/p>\n","protected":false},"featured_media":111256,"comment_status":"open","ping_status":"closed","template":"","meta":[],"product_brand":[],"product_cat":[5951],"product_tag":[7442],"class_list":{"0":"post-111255","1":"product","2":"type-product","3":"status-publish","4":"has-post-thumbnail","6":"product_cat-madi-halsketten","7":"product_tag-verfugbar","9":"first","10":"instock","11":"sale","12":"taxable","13":"shipping-taxable","14":"purchasable","15":"product-type-simple"},"exclude_global_add_ons":[],"addons":[],"df_price":188.1,"df_sale_price":188.1,"df_regular_price":209,"df_image_link":"https:\/\/cdn02.fabioferro.eu\/wp-content\/uploads\/collana-madi-verde-acqua-38911.jpg","_links":{"self":[{"href":"https:\/\/www.fabioferro.eu\/de\/wp-json\/wp\/v2\/product\/111255","targetHints":{"allow":["GET"]}}],"collection":[{"href":"https:\/\/www.fabioferro.eu\/de\/wp-json\/wp\/v2\/product"}],"about":[{"href":"https:\/\/www.fabioferro.eu\/de\/wp-json\/wp\/v2\/types\/product"}],"replies":[{"embeddable":true,"href":"https:\/\/www.fabioferro.eu\/de\/wp-json\/wp\/v2\/comments?post=111255"}],"version-history":[{"count":0,"href":"https:\/\/www.fabioferro.eu\/de\/wp-json\/wp\/v2\/product\/111255\/revisions"}],"wp:featuredmedia":[{"embeddable":true,"href":"https:\/\/www.fabioferro.eu\/de\/wp-json\/wp\/v2\/media\/111256"}],"wp:attachment":[{"href":"https:\/\/www.fabioferro.eu\/de\/wp-json\/wp\/v2\/media?parent=111255"}],"wp:term":[{"taxonomy":"product_brand","embeddable":true,"href":"https:\/\/www.fabioferro.eu\/de\/wp-json\/wp\/v2\/product_brand?post=111255"},{"taxonomy":"product_cat","embeddable":true,"href":"https:\/\/www.fabioferro.eu\/de\/wp-json\/wp\/v2\/product_cat?post=111255"},{"taxonomy":"product_tag","embeddable":true,"href":"https:\/\/www.fabioferro.eu\/de\/wp-json\/wp\/v2\/product_tag?post=111255"}],"curies":[{"name":"wp","href":"https:\/\/api.w.org\/{rel}","templated":true}]}}