{"id":111261,"date":"2022-11-08T10:38:26","date_gmt":"2022-11-08T09:38:26","guid":{"rendered":"https:\/\/www.fabioferro.eu\/suesswasserperlen-weiss-7-75-mm-fabio-ferro-zuchtperlen-halskette.html"},"modified":"2022-11-08T10:38:26","modified_gmt":"2022-11-08T09:38:26","slug":"suesswasserperlen-weiss-7-75-mm-fabio-ferro-zuchtperlen-halskette","status":"publish","type":"product","link":"https:\/\/www.fabioferro.eu\/de\/suesswasserperlen-weiss-7-75-mm-fabio-ferro-zuchtperlen-halskette.html","title":{"rendered":"S\u00fc\u00dfwasserperlen wei\u00df 7-7,5 mm Fabio Ferro Zuchtperlen Halskette"},"content":{"rendered":"<p>Halskette aus nat\u00fcrlichen runden asiatischen Perlen mit einem Durchmesser von 7-7,5 mm.<\/p>\n<p>Strang mit 59 wei\u00dfen Perlen, die durch kleine Knoten voneinander getrennt sind.<\/p>\n<p>Sie werden mit der eleganten Perlenknoten-Methode aufgereiht, wodurch sie nicht miteinander in Ber\u00fchrung kommen und sicherer und stabiler werden. Das Risiko, sie zu verlieren oder zu ruinieren, ist also gleich null.<\/p>\n<p>Der Verschluss aus 925er Sterlingsilber ist mit roter Emaille in Form eines Herzens \u00fcberzogen, in das die beiden zu \u00f6ffnenden Enden zum Tragen hineingleiten. Dar\u00fcber hinaus sind drei rot emaillierte Ringe in geringem Abstand von der Schlie\u00dfe eingef\u00fcgt, die das Schmuckst\u00fcck versch\u00f6nern.<\/p>\n<p>Die L\u00e4nge entspricht 46 cm einschlie\u00dflich der Schlie\u00dfe.<\/p>\n<p>Die Farbe der Perlen kann leicht von der Abbildung abweichen, da es sich um nat\u00fcrliche Perlen handelt und eine Perle von der anderen verschieden ist.<\/p>\n<p>Zusammen mit einer speziellen Verpackung und einer von Fabio Ferro unterzeichneten Qualit\u00e4tsgarantie.<\/p>\n","protected":false},"excerpt":{"rendered":"<p>Die eleganten Perlen werden von einem zarten roten Herz begleitet, das ihre Farbe und Bedeutung unterstreicht.<\/p>\n","protected":false},"featured_media":111269,"comment_status":"open","ping_status":"closed","template":"","meta":[],"product_brand":[152],"product_cat":[6301],"product_tag":[7442],"class_list":{"0":"post-111261","1":"product","2":"type-product","3":"status-publish","4":"has-post-thumbnail","6":"product_brand-fabio-ferro-i-gioielli","7":"product_cat-perlenketten","8":"product_tag-verfugbar","10":"first","11":"outofstock","12":"sale","13":"taxable","14":"shipping-taxable","15":"purchasable","16":"product-type-simple"},"exclude_global_add_ons":[],"addons":[],"df_price":432,"df_sale_price":432,"df_regular_price":540,"df_image_link":"https:\/\/cdn02.fabioferro.eu\/wp-content\/uploads\/collana-di-perle-fabio-ferro-acqua-dolce-cuore-rosso-smalto-ff1028.jpg","_links":{"self":[{"href":"https:\/\/www.fabioferro.eu\/de\/wp-json\/wp\/v2\/product\/111261","targetHints":{"allow":["GET"]}}],"collection":[{"href":"https:\/\/www.fabioferro.eu\/de\/wp-json\/wp\/v2\/product"}],"about":[{"href":"https:\/\/www.fabioferro.eu\/de\/wp-json\/wp\/v2\/types\/product"}],"replies":[{"embeddable":true,"href":"https:\/\/www.fabioferro.eu\/de\/wp-json\/wp\/v2\/comments?post=111261"}],"version-history":[{"count":0,"href":"https:\/\/www.fabioferro.eu\/de\/wp-json\/wp\/v2\/product\/111261\/revisions"}],"wp:featuredmedia":[{"embeddable":true,"href":"https:\/\/www.fabioferro.eu\/de\/wp-json\/wp\/v2\/media\/111269"}],"wp:attachment":[{"href":"https:\/\/www.fabioferro.eu\/de\/wp-json\/wp\/v2\/media?parent=111261"}],"wp:term":[{"taxonomy":"product_brand","embeddable":true,"href":"https:\/\/www.fabioferro.eu\/de\/wp-json\/wp\/v2\/product_brand?post=111261"},{"taxonomy":"product_cat","embeddable":true,"href":"https:\/\/www.fabioferro.eu\/de\/wp-json\/wp\/v2\/product_cat?post=111261"},{"taxonomy":"product_tag","embeddable":true,"href":"https:\/\/www.fabioferro.eu\/de\/wp-json\/wp\/v2\/product_tag?post=111261"}],"curies":[{"name":"wp","href":"https:\/\/api.w.org\/{rel}","templated":true}]}}