{"id":111263,"date":"2022-11-02T17:10:36","date_gmt":"2022-11-02T16:10:36","guid":{"rendered":"https:\/\/www.fabioferro.eu\/suesswasser-mehrfarbig-gezuechtete-eisen-fabio-perlen-halskette-8-85-mm.html"},"modified":"2025-06-06T16:20:01","modified_gmt":"2025-06-06T14:20:01","slug":"suesswasser-mehrfarbig-gezuechtete-eisen-fabio-perlen-halskette-8-85-mm","status":"publish","type":"product","link":"https:\/\/www.fabioferro.eu\/de\/suesswasser-mehrfarbig-gezuechtete-eisen-fabio-perlen-halskette-8-85-mm.html","title":{"rendered":"S\u00fc\u00dfwasser Mehrfarbig Gez\u00fcchtete Eisen Fabio Perlen Halskette 8-8,5 mm"},"content":{"rendered":"<p>Halskette aus asiatischen Naturperlen mit 8\/8,5 mm Durchmesser mit ros\u00e9vergoldetem Silberverschluss.<\/p>\n<p>Die Gesamtzahl der Strang ist 42 Perlen in verschiedenen Farben, aber gut in der Halskette als Ganzes abgestimmt.<\/p>\n<p>Sie werden mit der eleganten Perlenknoten-Methode aufgereiht, wodurch sie nicht miteinander in Ber\u00fchrung kommen und sicherer und stabiler werden. Das Risiko, sie zu verlieren oder zu ruinieren, ist also gleich null.<\/p>\n<p>Der Verschluss aus ros\u00e9vergoldetem 925er Sterlingsilber ist ein eleganter Karabinerverschluss, der sich sowohl vorne als auch hinten sch\u00f6n anfassen l\u00e4sst.<\/p>\n<p>Die Gesamtl\u00e4nge betr\u00e4gt 45 cm einschlie\u00dflich Verschluss.<\/p>\n<p>Die Farbe der Perlen kann leicht von der Abbildung abweichen, da es sich um nat\u00fcrliche Perlen handelt und eine Perle von der anderen verschieden ist.<\/p>\n<p>Begleitet von einer eleganten Box mit Qualit\u00e4tsgarantie, signiert von Fabio Ferro.<\/p>\n","protected":false},"excerpt":{"rendered":"<p>Spiegelungen und Farben spielen immer wieder miteinander und bringen Ihre Augen beim Betrachten dieses Schmuckst\u00fccks zum Funkeln.<\/p>\n","protected":false},"featured_media":111275,"comment_status":"open","ping_status":"closed","template":"","meta":[],"product_brand":[152],"product_cat":[6301],"product_tag":[7442],"class_list":{"0":"post-111263","1":"product","2":"type-product","3":"status-publish","4":"has-post-thumbnail","6":"product_brand-fabio-ferro-i-gioielli","7":"product_cat-perlenketten","8":"product_tag-verfugbar","10":"first","11":"instock","12":"sale","13":"taxable","14":"shipping-taxable","15":"purchasable","16":"product-type-simple"},"exclude_global_add_ons":[],"addons":[],"df_price":252,"df_sale_price":252,"df_regular_price":315,"df_image_link":"https:\/\/cdn02.fabioferro.eu\/wp-content\/uploads\/collana-fabio-ferro-perle-acqua-dolce-ff1216.jpg","_links":{"self":[{"href":"https:\/\/www.fabioferro.eu\/de\/wp-json\/wp\/v2\/product\/111263","targetHints":{"allow":["GET"]}}],"collection":[{"href":"https:\/\/www.fabioferro.eu\/de\/wp-json\/wp\/v2\/product"}],"about":[{"href":"https:\/\/www.fabioferro.eu\/de\/wp-json\/wp\/v2\/types\/product"}],"replies":[{"embeddable":true,"href":"https:\/\/www.fabioferro.eu\/de\/wp-json\/wp\/v2\/comments?post=111263"}],"version-history":[{"count":0,"href":"https:\/\/www.fabioferro.eu\/de\/wp-json\/wp\/v2\/product\/111263\/revisions"}],"wp:featuredmedia":[{"embeddable":true,"href":"https:\/\/www.fabioferro.eu\/de\/wp-json\/wp\/v2\/media\/111275"}],"wp:attachment":[{"href":"https:\/\/www.fabioferro.eu\/de\/wp-json\/wp\/v2\/media?parent=111263"}],"wp:term":[{"taxonomy":"product_brand","embeddable":true,"href":"https:\/\/www.fabioferro.eu\/de\/wp-json\/wp\/v2\/product_brand?post=111263"},{"taxonomy":"product_cat","embeddable":true,"href":"https:\/\/www.fabioferro.eu\/de\/wp-json\/wp\/v2\/product_cat?post=111263"},{"taxonomy":"product_tag","embeddable":true,"href":"https:\/\/www.fabioferro.eu\/de\/wp-json\/wp\/v2\/product_tag?post=111263"}],"curies":[{"name":"wp","href":"https:\/\/api.w.org\/{rel}","templated":true}]}}