{"id":111266,"date":"2022-10-20T18:01:57","date_gmt":"2022-10-20T16:01:57","guid":{"rendered":"https:\/\/www.fabioferro.eu\/hamilton-pan-europ-automatikuhr-blau-42-mm.html"},"modified":"2025-04-03T10:08:07","modified_gmt":"2025-04-03T08:08:07","slug":"hamilton-pan-europ-automatikuhr-blau-42-mm","status":"publish","type":"product","link":"https:\/\/www.fabioferro.eu\/de\/hamilton-pan-europ-automatikuhr-blau-42-mm.html","title":{"rendered":"Hamilton Pan Europ Blau 42mm H35405741"},"content":{"rendered":"<p>Hamilton Pan Europ Blau 42mm H35405741 Day-Date Automatik in Stahl mit doppeltem Armband.<\/p>\n<p>Mechanisches Automatikwerk Swiss Made Kaliber H-30 mit 80 Stunden Gangreserve.<\/p>\n<p>Geh\u00e4use aus satiniertem Stahl mit polierter Oberfl\u00e4che, Durchmesser 42,00 mm. Wasserdichte, ger\u00e4ndelte Stahlkrone mit Hamilton-Logo. Schwarzer fester Au\u00dfenrahmen.<\/p>\n<p>Blaues Zifferblatt mit schwarzer L\u00fcnette, Stunden- und Minutenzeiger aus Metall mit Leuchtmasse, schwarzer Zentralsekundenzeiger. Tages-\/Datumsscheibe bei 3 Uhr.<\/p>\n<p>Kratzfestes Saphirkristallglas.<\/p>\n<p>Spezialbox mit zweitem Nato-Band in Blau, Rot und Wei\u00df, das gegen das Original ausgetauscht werden kann.<\/p>\n<p>Wasserdichtigkeit 5 bar\/100 Meter mit Stahlboden und Saphirglas, das mit 4 Schrauben gesichert ist.<\/p>\n<p>Die Uhr wird von einer offiziellen Hamilton-Box und 2 Jahren Garantie begleitet.<\/p>\n","protected":false},"excerpt":{"rendered":"<p>Hamilton Pan Europ Blue 42mm H35405741 mit einzigartigen Eigenschaften. R\u00e4umlicher Stil trifft auf Swizzer-Technik.<\/p>\n","protected":false},"featured_media":111281,"comment_status":"open","ping_status":"closed","template":"","meta":[],"product_brand":[161],"product_cat":[5974],"product_tag":[],"class_list":{"0":"post-111266","1":"product","2":"type-product","3":"status-publish","4":"has-post-thumbnail","6":"product_brand-hamilton","7":"product_cat-hamilton-herrenuhren","8":"pa_collezione-hamilton-amerikanischer-klassiker","10":"first","11":"instock","12":"sale","13":"taxable","14":"shipping-taxable","15":"purchasable","16":"product-type-simple"},"exclude_global_add_ons":[],"addons":[],"df_price":996,"df_sale_price":996,"df_regular_price":1245,"df_image_link":"https:\/\/cdn02.fabioferro.eu\/wp-content\/uploads\/orologio-hamilton-pan-europ-blu-automatico-h35405741.jpg","_links":{"self":[{"href":"https:\/\/www.fabioferro.eu\/de\/wp-json\/wp\/v2\/product\/111266","targetHints":{"allow":["GET"]}}],"collection":[{"href":"https:\/\/www.fabioferro.eu\/de\/wp-json\/wp\/v2\/product"}],"about":[{"href":"https:\/\/www.fabioferro.eu\/de\/wp-json\/wp\/v2\/types\/product"}],"replies":[{"embeddable":true,"href":"https:\/\/www.fabioferro.eu\/de\/wp-json\/wp\/v2\/comments?post=111266"}],"version-history":[{"count":0,"href":"https:\/\/www.fabioferro.eu\/de\/wp-json\/wp\/v2\/product\/111266\/revisions"}],"wp:featuredmedia":[{"embeddable":true,"href":"https:\/\/www.fabioferro.eu\/de\/wp-json\/wp\/v2\/media\/111281"}],"wp:attachment":[{"href":"https:\/\/www.fabioferro.eu\/de\/wp-json\/wp\/v2\/media?parent=111266"}],"wp:term":[{"taxonomy":"product_brand","embeddable":true,"href":"https:\/\/www.fabioferro.eu\/de\/wp-json\/wp\/v2\/product_brand?post=111266"},{"taxonomy":"product_cat","embeddable":true,"href":"https:\/\/www.fabioferro.eu\/de\/wp-json\/wp\/v2\/product_cat?post=111266"},{"taxonomy":"product_tag","embeddable":true,"href":"https:\/\/www.fabioferro.eu\/de\/wp-json\/wp\/v2\/product_tag?post=111266"}],"curies":[{"name":"wp","href":"https:\/\/api.w.org\/{rel}","templated":true}]}}