{"id":111274,"date":"2022-11-08T17:49:00","date_gmt":"2022-11-08T16:49:00","guid":{"rendered":"https:\/\/www.fabioferro.eu\/madi-laguna-mono-lange-halskette-mit-neun-blauen-steinen.html"},"modified":"2024-09-06T16:34:34","modified_gmt":"2024-09-06T14:34:34","slug":"madi-laguna-mono-lange-halskette-mit-neun-blauen-steinen","status":"publish","type":"product","link":"https:\/\/www.fabioferro.eu\/de\/madi-laguna-mono-lange-halskette-mit-neun-blauen-steinen.html","title":{"rendered":"Madi Laguna Mono lange Halskette mit neun blauen Steinen"},"content":{"rendered":"<p>Langes Collier von Chanel aus ros\u00e9farbenem 925er Silber. Die Kette ist mit neun kleinen, abgeschr\u00e4gten hydrothermalen Quarzen in hellblauer Farbe besetzt. Nicht verstellbare L\u00e4nge von 90 cm, kann aber auch mit einem doppelten Scho\u00df getragen werden. Handgefertigt, Hergestellt in Italien. Sicherer Karabinerhakenverschluss. Die Halskette wird mit einer offiziellen Mad\u00ec-Box, 2 Jahren Garantie und einer Einkaufstasche geliefert.<\/p>\n","protected":false},"excerpt":{"rendered":"<p>Neun blaue Quarze, verbunden mit dem Rosa des Goldes. Ein jugendliches Juwel der Marke Mad\u00ec.<\/p>\n","protected":false},"featured_media":111286,"comment_status":"open","ping_status":"closed","template":"","meta":[],"product_brand":[203],"product_cat":[5951],"product_tag":[],"class_list":{"0":"post-111274","1":"product","2":"type-product","3":"status-publish","4":"has-post-thumbnail","6":"product_brand-madi","7":"product_cat-madi-halsketten","9":"first","10":"instock","11":"sale","12":"taxable","13":"shipping-taxable","14":"purchasable","15":"product-type-simple"},"exclude_global_add_ons":[],"addons":[],"df_price":242.1,"df_sale_price":242.1,"df_regular_price":269,"df_image_link":"https:\/\/cdn02.fabioferro.eu\/wp-content\/uploads\/collana-madi-lunga-azzurra-38960.jpg","_links":{"self":[{"href":"https:\/\/www.fabioferro.eu\/de\/wp-json\/wp\/v2\/product\/111274","targetHints":{"allow":["GET"]}}],"collection":[{"href":"https:\/\/www.fabioferro.eu\/de\/wp-json\/wp\/v2\/product"}],"about":[{"href":"https:\/\/www.fabioferro.eu\/de\/wp-json\/wp\/v2\/types\/product"}],"replies":[{"embeddable":true,"href":"https:\/\/www.fabioferro.eu\/de\/wp-json\/wp\/v2\/comments?post=111274"}],"version-history":[{"count":0,"href":"https:\/\/www.fabioferro.eu\/de\/wp-json\/wp\/v2\/product\/111274\/revisions"}],"wp:featuredmedia":[{"embeddable":true,"href":"https:\/\/www.fabioferro.eu\/de\/wp-json\/wp\/v2\/media\/111286"}],"wp:attachment":[{"href":"https:\/\/www.fabioferro.eu\/de\/wp-json\/wp\/v2\/media?parent=111274"}],"wp:term":[{"taxonomy":"product_brand","embeddable":true,"href":"https:\/\/www.fabioferro.eu\/de\/wp-json\/wp\/v2\/product_brand?post=111274"},{"taxonomy":"product_cat","embeddable":true,"href":"https:\/\/www.fabioferro.eu\/de\/wp-json\/wp\/v2\/product_cat?post=111274"},{"taxonomy":"product_tag","embeddable":true,"href":"https:\/\/www.fabioferro.eu\/de\/wp-json\/wp\/v2\/product_tag?post=111274"}],"curies":[{"name":"wp","href":"https:\/\/api.w.org\/{rel}","templated":true}]}}