{"id":111312,"date":"2022-11-08T17:14:37","date_gmt":"2022-11-08T16:14:37","guid":{"rendered":"https:\/\/www.fabioferro.eu\/madi-laguna-collection-ring-mit-hellgruenem-hydrothermalquarz.html"},"modified":"2024-10-30T09:49:51","modified_gmt":"2024-10-30T08:49:51","slug":"madi-laguna-collection-ring-mit-hellgruenem-hydrothermalquarz","status":"publish","type":"product","link":"https:\/\/www.fabioferro.eu\/de\/madi-laguna-collection-ring-mit-hellgruenem-hydrothermalquarz.html","title":{"rendered":"Madi Laguna Collection Ring mit hellgr\u00fcnem Hydrothermalquarz"},"content":{"rendered":"<p>Einzelner Ring aus ros\u00e9vergoldetem 925er Silber. Einzigartiger hellgr\u00fcner hydrothermaler Quarz. Handgefertigt in Italien, Made in Italy. Wird von einer Mad\u00ec-Box und 2 Jahren Garantie begleitet.<\/p>\n","protected":false},"excerpt":{"rendered":"<p>Dieser schlichte, hellgr\u00fcne Ring passt perfekt zu einem l\u00e4ssigen Outfit.<\/p>\n","protected":false},"featured_media":111339,"comment_status":"open","ping_status":"closed","template":"","meta":[],"product_brand":[],"product_cat":[7595],"product_tag":[],"class_list":{"0":"post-111312","1":"product","2":"type-product","3":"status-publish","4":"has-post-thumbnail","6":"product_cat-madi-ringe-de","8":"first","9":"instock","10":"sale","11":"taxable","12":"shipping-taxable","13":"purchasable","14":"product-type-variable","15":"has-default-attributes"},"exclude_global_add_ons":[],"addons":[],"df_price":106.2,"df_sale_price":"","df_regular_price":106.2,"df_image_link":"https:\/\/cdn02.fabioferro.eu\/wp-content\/uploads\/anello-madi-oliva-chiaro-38981.jpg","_links":{"self":[{"href":"https:\/\/www.fabioferro.eu\/de\/wp-json\/wp\/v2\/product\/111312","targetHints":{"allow":["GET"]}}],"collection":[{"href":"https:\/\/www.fabioferro.eu\/de\/wp-json\/wp\/v2\/product"}],"about":[{"href":"https:\/\/www.fabioferro.eu\/de\/wp-json\/wp\/v2\/types\/product"}],"replies":[{"embeddable":true,"href":"https:\/\/www.fabioferro.eu\/de\/wp-json\/wp\/v2\/comments?post=111312"}],"version-history":[{"count":0,"href":"https:\/\/www.fabioferro.eu\/de\/wp-json\/wp\/v2\/product\/111312\/revisions"}],"wp:featuredmedia":[{"embeddable":true,"href":"https:\/\/www.fabioferro.eu\/de\/wp-json\/wp\/v2\/media\/111339"}],"wp:attachment":[{"href":"https:\/\/www.fabioferro.eu\/de\/wp-json\/wp\/v2\/media?parent=111312"}],"wp:term":[{"taxonomy":"product_brand","embeddable":true,"href":"https:\/\/www.fabioferro.eu\/de\/wp-json\/wp\/v2\/product_brand?post=111312"},{"taxonomy":"product_cat","embeddable":true,"href":"https:\/\/www.fabioferro.eu\/de\/wp-json\/wp\/v2\/product_cat?post=111312"},{"taxonomy":"product_tag","embeddable":true,"href":"https:\/\/www.fabioferro.eu\/de\/wp-json\/wp\/v2\/product_tag?post=111312"}],"curies":[{"name":"wp","href":"https:\/\/api.w.org\/{rel}","templated":true}]}}