{"id":111335,"date":"2022-11-02T16:31:58","date_gmt":"2022-11-02T15:31:58","guid":{"rendered":"https:\/\/www.fabioferro.eu\/fabio-ferro-gezuechtete-suesswasser-perlen-oval-weiss-halskette-8-9-mm.html"},"modified":"2022-11-02T16:31:58","modified_gmt":"2022-11-02T15:31:58","slug":"fabio-ferro-gezuechtete-suesswasser-perlen-oval-weiss-halskette-8-9-mm","status":"publish","type":"product","link":"https:\/\/www.fabioferro.eu\/de\/fabio-ferro-gezuechtete-suesswasser-perlen-oval-weiss-halskette-8-9-mm.html","title":{"rendered":"Fabio Ferro Gez\u00fcchtete S\u00fc\u00dfwasser Perlen Oval Wei\u00df Halskette 8-9 mm"},"content":{"rendered":"<p>Halskette aus S\u00fc\u00dfwasser-Zuchtperlen mit einem Durchmesser von 8,5\/9 mm, mit praktischem Verschluss aus Sterlingsilber.<\/p>\n<p>Die Perlen haben eine ovale Form und sind insgesamt 35.<\/p>\n<p>Sie werden fachm\u00e4nnisch und mit viel Geschick und Professionalit\u00e4t Knoten f\u00fcr Knoten aufgereiht, so dass sie sicher und gut verteilt werden k\u00f6nnen. Diese Technik wird angewandt, um zu vermeiden, dass die beiden Teile aneinander reiben, was nur zu einer Verschlechterung f\u00fchren w\u00fcrde.<\/p>\n<p>Der Verschluss ist mit einem umlaufenden Federring versehen, den Sie je nach Wunsch im Blickfeld oder hinter dem Hals halten k\u00f6nnen.<\/p>\n<p>Die Gesamtl\u00e4nge betr\u00e4gt 45 cm einschlie\u00dflich des Verschlusses.<\/p>\n<p>Die Farbe der Perlen kann leicht von der Abbildung abweichen, da es sich um nat\u00fcrliche Perlen handelt und eine Perle von der anderen verschieden ist.<\/p>\n<p>Es wird mit einer eleganten Schachtel und einer von Fabio Ferro unterzeichneten Qualit\u00e4tsgarantie geliefert.<\/p>\n","protected":false},"excerpt":{"rendered":"<p>Eine s\u00fc\u00dfe Abfolge von Perlen, die sich gegenseitig verfolgen und eine Liebesgeschichte erz\u00e4hlen, die niemals enden wird.<\/p>\n","protected":false},"featured_media":111359,"comment_status":"open","ping_status":"closed","template":"","meta":[],"product_brand":[152],"product_cat":[6301],"product_tag":[7442],"class_list":{"0":"post-111335","1":"product","2":"type-product","3":"status-publish","4":"has-post-thumbnail","6":"product_brand-fabio-ferro-i-gioielli","7":"product_cat-perlenketten","8":"product_tag-verfugbar","10":"first","11":"instock","12":"sale","13":"taxable","14":"shipping-taxable","15":"purchasable","16":"product-type-simple"},"exclude_global_add_ons":[],"addons":[],"df_price":316,"df_sale_price":316,"df_regular_price":395,"df_image_link":"https:\/\/cdn02.fabioferro.eu\/wp-content\/uploads\/collana-di-perle-fabio-ferro-ovali-acqua-dolce-asia743-2-1.jpg","_links":{"self":[{"href":"https:\/\/www.fabioferro.eu\/de\/wp-json\/wp\/v2\/product\/111335","targetHints":{"allow":["GET"]}}],"collection":[{"href":"https:\/\/www.fabioferro.eu\/de\/wp-json\/wp\/v2\/product"}],"about":[{"href":"https:\/\/www.fabioferro.eu\/de\/wp-json\/wp\/v2\/types\/product"}],"replies":[{"embeddable":true,"href":"https:\/\/www.fabioferro.eu\/de\/wp-json\/wp\/v2\/comments?post=111335"}],"version-history":[{"count":0,"href":"https:\/\/www.fabioferro.eu\/de\/wp-json\/wp\/v2\/product\/111335\/revisions"}],"wp:featuredmedia":[{"embeddable":true,"href":"https:\/\/www.fabioferro.eu\/de\/wp-json\/wp\/v2\/media\/111359"}],"wp:attachment":[{"href":"https:\/\/www.fabioferro.eu\/de\/wp-json\/wp\/v2\/media?parent=111335"}],"wp:term":[{"taxonomy":"product_brand","embeddable":true,"href":"https:\/\/www.fabioferro.eu\/de\/wp-json\/wp\/v2\/product_brand?post=111335"},{"taxonomy":"product_cat","embeddable":true,"href":"https:\/\/www.fabioferro.eu\/de\/wp-json\/wp\/v2\/product_cat?post=111335"},{"taxonomy":"product_tag","embeddable":true,"href":"https:\/\/www.fabioferro.eu\/de\/wp-json\/wp\/v2\/product_tag?post=111335"}],"curies":[{"name":"wp","href":"https:\/\/api.w.org\/{rel}","templated":true}]}}