{"id":111492,"date":"2022-10-05T17:34:15","date_gmt":"2022-10-05T15:34:15","guid":{"rendered":"https:\/\/www.fabioferro.eu\/fabio-ferro-vulcan-weissgold-und-diamant-101-karat-verlobungsring.html"},"modified":"2025-03-14T17:48:32","modified_gmt":"2025-03-14T16:48:32","slug":"fabio-ferro-vulcan-weissgold-und-diamant-101-karat-verlobungsring","status":"publish","type":"product","link":"https:\/\/www.fabioferro.eu\/de\/fabio-ferro-vulcan-weissgold-und-diamant-101-karat-verlobungsring.html","title":{"rendered":"Fabio Ferro Vulcan Wei\u00dfgold und Diamant 1,01 Karat Verlobungsring"},"content":{"rendered":"<p>In unserer Goldschmiedewerkstatt handgefertigter Ring, 100% made in Italy. Der als Mittelst\u00fcck gefasste Brillant hat ein Gewicht von 1,01 Karat, Farbe G und Reinheit VS2. Der Schaft ist immer elegant mit der Karatangabe und dem Logo &#8216;Fabio Ferro I Gioielli&#8217; lasergraviert.<\/p>\n<p>Die H\u00f6he der L\u00fcnette betr\u00e4gt 6 mm, die Breite 8 mm. Das Gesamtgewicht des Schmuckst\u00fccks betr\u00e4gt ca. 4,35 g. Die tats\u00e4chlichen Eigenschaften des Schmuckst\u00fccks entnehmen Sie bitte der Beschreibung, das Foto dient nur zu Demonstrationszwecken. Wird von einer speziellen Verpackung und einer Garantie f\u00fcr die Qualit\u00e4t der verwendeten Materialien begleitet.<\/p>\n<p>&nbsp;<\/p>\n<p><img decoding=\"async\" class=\"alignnone size-full wp-image-68675\" src=\"https:\/\/cdn02.fabioferro.eu\/wp-content\/uploads\/IGI-4cs-chart-IT-scaled.jpg\" alt=\"\" width=\"1864\" height=\"2560\" title=\"\" srcset=\"https:\/\/cdn02.fabioferro.eu\/wp-content\/uploads\/IGI-4cs-chart-IT-scaled.jpg 1864w, https:\/\/cdn02.fabioferro.eu\/wp-content\/uploads\/IGI-4cs-chart-IT-768x1055.jpg 768w, https:\/\/cdn02.fabioferro.eu\/wp-content\/uploads\/IGI-4cs-chart-IT-1119x1536.jpg 1119w, https:\/\/cdn02.fabioferro.eu\/wp-content\/uploads\/IGI-4cs-chart-IT-1491x2048.jpg 1491w, https:\/\/cdn02.fabioferro.eu\/wp-content\/uploads\/IGI-4cs-chart-IT-990x1359.jpg 990w, https:\/\/cdn02.fabioferro.eu\/wp-content\/uploads\/IGI-4cs-chart-IT-441x606.jpg 441w, https:\/\/cdn02.fabioferro.eu\/wp-content\/uploads\/IGI-4cs-chart-IT-600x824.jpg 600w, https:\/\/cdn02.fabioferro.eu\/wp-content\/uploads\/IGI-4cs-chart-IT-150x206.jpg 150w\" sizes=\"(max-width: 1864px) 100vw, 1864px\" \/><\/p>\n","protected":false},"excerpt":{"rendered":"<p>Das Juwel, das Sie vom ersten Moment an sprachlos machen wird.<\/p>\n","protected":false},"featured_media":111532,"comment_status":"open","ping_status":"closed","template":"","meta":[],"product_brand":[152],"product_cat":[6021],"product_tag":[],"class_list":{"0":"post-111492","1":"product","2":"type-product","3":"status-publish","4":"has-post-thumbnail","6":"product_brand-fabio-ferro-i-gioielli","7":"product_cat-verlobungsringe","9":"first","10":"instock","11":"sale","12":"taxable","13":"shipping-taxable","14":"purchasable","15":"product-type-variable","16":"has-default-attributes"},"exclude_global_add_ons":[],"addons":[],"df_price":9520,"df_sale_price":"","df_regular_price":9520,"df_image_link":"https:\/\/cdn02.fabioferro.eu\/wp-content\/uploads\/anello-fabio-ferro-solitario-carato-in-oro-e-diamanti.jpg","_links":{"self":[{"href":"https:\/\/www.fabioferro.eu\/de\/wp-json\/wp\/v2\/product\/111492","targetHints":{"allow":["GET"]}}],"collection":[{"href":"https:\/\/www.fabioferro.eu\/de\/wp-json\/wp\/v2\/product"}],"about":[{"href":"https:\/\/www.fabioferro.eu\/de\/wp-json\/wp\/v2\/types\/product"}],"replies":[{"embeddable":true,"href":"https:\/\/www.fabioferro.eu\/de\/wp-json\/wp\/v2\/comments?post=111492"}],"version-history":[{"count":0,"href":"https:\/\/www.fabioferro.eu\/de\/wp-json\/wp\/v2\/product\/111492\/revisions"}],"wp:featuredmedia":[{"embeddable":true,"href":"https:\/\/www.fabioferro.eu\/de\/wp-json\/wp\/v2\/media\/111532"}],"wp:attachment":[{"href":"https:\/\/www.fabioferro.eu\/de\/wp-json\/wp\/v2\/media?parent=111492"}],"wp:term":[{"taxonomy":"product_brand","embeddable":true,"href":"https:\/\/www.fabioferro.eu\/de\/wp-json\/wp\/v2\/product_brand?post=111492"},{"taxonomy":"product_cat","embeddable":true,"href":"https:\/\/www.fabioferro.eu\/de\/wp-json\/wp\/v2\/product_cat?post=111492"},{"taxonomy":"product_tag","embeddable":true,"href":"https:\/\/www.fabioferro.eu\/de\/wp-json\/wp\/v2\/product_tag?post=111492"}],"curies":[{"name":"wp","href":"https:\/\/api.w.org\/{rel}","templated":true}]}}