{"id":111694,"date":"2022-10-06T17:48:08","date_gmt":"2022-10-06T15:48:08","guid":{"rendered":"https:\/\/www.fabioferro.eu\/fabio-ferro-interlocking-weissgold-und-diamant-070-karat-verlobungsring.html"},"modified":"2025-03-14T17:48:22","modified_gmt":"2025-03-14T16:48:22","slug":"fabio-ferro-interlocking-weissgold-und-diamant-070-karat-verlobungsring","status":"publish","type":"product","link":"https:\/\/www.fabioferro.eu\/de\/fabio-ferro-interlocking-weissgold-und-diamant-070-karat-verlobungsring.html","title":{"rendered":"Fabio Ferro Interlocking Wei\u00dfgold und Diamant 0,70 Karat Verlobungsring"},"content":{"rendered":"<p>In unserer Goldschmiedewerkstatt handgefertigter Ring, ganz aus 18 Karat Wei\u00dfgold.<\/p>\n<p>Der gefasste Diamant wiegt 0,70 Karat und zeichnet sich durch eine Farbe von G und eine Reinheit von SI1 aus.<\/p>\n<p>Die elegante Fassung besteht aus einer f\u00fcnfzinkigen L\u00fcnette, die den Stein sicher h\u00e4lt. Er ist 7 mm hoch und 8 mm breit und wiegt 5,35 Gramm.<\/p>\n<p>Der Stein ist GIA-zertifiziert. Beim Verkauf wird das Zertifikat dem Schmuckst\u00fcck beigef\u00fcgt.<\/p>\n<p>Der Schaft ist mit einer Lasergravur versehen, die das Karat des Diamanten und das Logo von Fabio Ferro I Gioielli angibt.<\/p>\n<p>Bitte verlassen Sie sich auf die Beschreibung f\u00fcr die tats\u00e4chlichen Eigenschaften des Juwels, das Foto ist nur zu Demonstrationszwecken.<\/p>\n<p>Zusammen mit einer speziellen Verpackung und einer von Fabio Ferro unterzeichneten Qualit\u00e4tsgarantie.<\/p>\n<p><img decoding=\"async\" class=\"alignnone size-full wp-image-68675\" src=\"https:\/\/cdn02.fabioferro.eu\/wp-content\/uploads\/IGI-4cs-chart-IT-scaled.jpg\" alt=\"\" width=\"1864\" height=\"2560\" title=\"\" srcset=\"https:\/\/cdn02.fabioferro.eu\/wp-content\/uploads\/IGI-4cs-chart-IT-scaled.jpg 1864w, https:\/\/cdn02.fabioferro.eu\/wp-content\/uploads\/IGI-4cs-chart-IT-768x1055.jpg 768w, https:\/\/cdn02.fabioferro.eu\/wp-content\/uploads\/IGI-4cs-chart-IT-1119x1536.jpg 1119w, https:\/\/cdn02.fabioferro.eu\/wp-content\/uploads\/IGI-4cs-chart-IT-1491x2048.jpg 1491w, https:\/\/cdn02.fabioferro.eu\/wp-content\/uploads\/IGI-4cs-chart-IT-990x1359.jpg 990w, https:\/\/cdn02.fabioferro.eu\/wp-content\/uploads\/IGI-4cs-chart-IT-441x606.jpg 441w, https:\/\/cdn02.fabioferro.eu\/wp-content\/uploads\/IGI-4cs-chart-IT-600x824.jpg 600w, https:\/\/cdn02.fabioferro.eu\/wp-content\/uploads\/IGI-4cs-chart-IT-150x206.jpg 150w\" sizes=\"(max-width: 1864px) 100vw, 1864px\" \/><\/p>\n","protected":false},"excerpt":{"rendered":"<p>Eine elegante Kontrasteinfassung, die den Diamanten, der die Hauptrolle in diesem Schmuckst\u00fcck spielt, unterst\u00fctzt. Er passt zu jeder Gelegenheit und wei\u00df, wie man auff\u00e4llt.<\/p>\n","protected":false},"featured_media":111717,"comment_status":"open","ping_status":"closed","template":"","meta":[],"product_brand":[152],"product_cat":[6021],"product_tag":[],"class_list":{"0":"post-111694","1":"product","2":"type-product","3":"status-publish","4":"has-post-thumbnail","6":"product_brand-fabio-ferro-i-gioielli","7":"product_cat-verlobungsringe","9":"first","10":"instock","11":"sale","12":"taxable","13":"shipping-taxable","14":"purchasable","15":"product-type-variable","16":"has-default-attributes"},"exclude_global_add_ons":[],"addons":[],"df_price":4136,"df_sale_price":"","df_regular_price":4136,"df_image_link":"https:\/\/cdn02.fabioferro.eu\/wp-content\/uploads\/anello-solitario-di-fidanzamento-fabio-ferro-ff1112.jpg","_links":{"self":[{"href":"https:\/\/www.fabioferro.eu\/de\/wp-json\/wp\/v2\/product\/111694","targetHints":{"allow":["GET"]}}],"collection":[{"href":"https:\/\/www.fabioferro.eu\/de\/wp-json\/wp\/v2\/product"}],"about":[{"href":"https:\/\/www.fabioferro.eu\/de\/wp-json\/wp\/v2\/types\/product"}],"replies":[{"embeddable":true,"href":"https:\/\/www.fabioferro.eu\/de\/wp-json\/wp\/v2\/comments?post=111694"}],"version-history":[{"count":0,"href":"https:\/\/www.fabioferro.eu\/de\/wp-json\/wp\/v2\/product\/111694\/revisions"}],"wp:featuredmedia":[{"embeddable":true,"href":"https:\/\/www.fabioferro.eu\/de\/wp-json\/wp\/v2\/media\/111717"}],"wp:attachment":[{"href":"https:\/\/www.fabioferro.eu\/de\/wp-json\/wp\/v2\/media?parent=111694"}],"wp:term":[{"taxonomy":"product_brand","embeddable":true,"href":"https:\/\/www.fabioferro.eu\/de\/wp-json\/wp\/v2\/product_brand?post=111694"},{"taxonomy":"product_cat","embeddable":true,"href":"https:\/\/www.fabioferro.eu\/de\/wp-json\/wp\/v2\/product_cat?post=111694"},{"taxonomy":"product_tag","embeddable":true,"href":"https:\/\/www.fabioferro.eu\/de\/wp-json\/wp\/v2\/product_tag?post=111694"}],"curies":[{"name":"wp","href":"https:\/\/api.w.org\/{rel}","templated":true}]}}