{"id":112057,"date":"2022-08-05T15:45:28","date_gmt":"2022-08-05T13:45:28","guid":{"rendered":"https:\/\/www.fabioferro.eu\/uhr-longines-master-collection-jahreskalender-automatik-weiss-40-mm.html"},"modified":"2025-06-06T15:49:13","modified_gmt":"2025-06-06T13:49:13","slug":"uhr-longines-master-collection-jahreskalender-automatik-weiss-40-mm","status":"publish","type":"product","link":"https:\/\/www.fabioferro.eu\/de\/uhr-longines-master-collection-jahreskalender-automatik-weiss-40-mm.html","title":{"rendered":"Uhr Longines Master Collection Jahreskalender Automatik Wei\u00df 40 mm"},"content":{"rendered":"<p>Eine Uhr mit einem mechanischen Automatikwerk mit einer Frequenz von 25.200 Halbschwingungen pro Stunde und einer Gangreserve von etwa 72 Stunden. Das Longines-Kaliber L897 verwaltet die Funktionen Stunde, Minute, Sekunde und Datum mit Jahreskalender.<\/p>\n<p>Edelstahlgeh\u00e4use mit einem Durchmesser von 40 mm, einer Dicke von 10,80 mm und einem Gewicht von 78,8 g. Der Abstand zwischen den Anst\u00f6\u00dfen betr\u00e4gt 21 mm. Wasserdicht bis 3 bar\/30 Meter. Die R\u00fcckseite ist aus transparentem Saphirglas und erm\u00f6glicht einen guten Blick auf den Mechanismus.<\/p>\n<p>Das silberne Zifferblatt aus Gerstenk\u00f6rnern macht Platz f\u00fcr Indexe mit aufgemalten arabischen Ziffern und gebl\u00e4uten Stahlzeigern.<\/p>\n<p>Das braune Alligatorlederarmband endet mit einer Dreifach-Sicherheitsfaltschlie\u00dfe und einem \u00d6ffnungsmechanismus mit Druckknopf. Sie ist mit dem CITES-Zeichen versehen, einer Organisation, die den Handel mit gef\u00e4hrdeten Tieren kontrolliert. Sie stellt sicher, dass die Verwendung von Materialien tierischen und\/oder pflanzlichen Ursprungs keine Probleme f\u00fcr Flora und Fauna und ihre \u00d6kosysteme verursacht.<\/p>\n<p>Die Uhr wird von der offiziellen Longines-Box und 5 Jahren Garantie begleitet.<\/p>\n","protected":false},"excerpt":{"rendered":"<p>Die Longines Master Collection verbindet klassische Eleganz mit h\u00f6chster Qualit\u00e4t, f\u00fcr alle, die au\u00dfergew\u00f6hnliche Uhren sch\u00e4tzen.<\/p>\n","protected":false},"featured_media":112063,"comment_status":"open","ping_status":"closed","template":"","meta":[],"product_brand":[5391],"product_cat":[5953],"product_tag":[],"class_list":{"0":"post-112057","1":"product","2":"type-product","3":"status-publish","4":"has-post-thumbnail","6":"product_brand-longines","7":"product_cat-longines-herrenuhren","8":"pa_collezione-longines-master-kollektion","10":"first","11":"instock","12":"taxable","13":"shipping-taxable","14":"purchasable","15":"product-type-simple"},"exclude_global_add_ons":[],"addons":[],"df_price":2750,"df_sale_price":"","df_regular_price":2750,"df_image_link":"https:\/\/cdn02.fabioferro.eu\/wp-content\/uploads\/orologio-longines-master-collection-bianco-automatico-l29104783.jpg","_links":{"self":[{"href":"https:\/\/www.fabioferro.eu\/de\/wp-json\/wp\/v2\/product\/112057","targetHints":{"allow":["GET"]}}],"collection":[{"href":"https:\/\/www.fabioferro.eu\/de\/wp-json\/wp\/v2\/product"}],"about":[{"href":"https:\/\/www.fabioferro.eu\/de\/wp-json\/wp\/v2\/types\/product"}],"replies":[{"embeddable":true,"href":"https:\/\/www.fabioferro.eu\/de\/wp-json\/wp\/v2\/comments?post=112057"}],"version-history":[{"count":0,"href":"https:\/\/www.fabioferro.eu\/de\/wp-json\/wp\/v2\/product\/112057\/revisions"}],"wp:featuredmedia":[{"embeddable":true,"href":"https:\/\/www.fabioferro.eu\/de\/wp-json\/wp\/v2\/media\/112063"}],"wp:attachment":[{"href":"https:\/\/www.fabioferro.eu\/de\/wp-json\/wp\/v2\/media?parent=112057"}],"wp:term":[{"taxonomy":"product_brand","embeddable":true,"href":"https:\/\/www.fabioferro.eu\/de\/wp-json\/wp\/v2\/product_brand?post=112057"},{"taxonomy":"product_cat","embeddable":true,"href":"https:\/\/www.fabioferro.eu\/de\/wp-json\/wp\/v2\/product_cat?post=112057"},{"taxonomy":"product_tag","embeddable":true,"href":"https:\/\/www.fabioferro.eu\/de\/wp-json\/wp\/v2\/product_tag?post=112057"}],"curies":[{"name":"wp","href":"https:\/\/api.w.org\/{rel}","templated":true}]}}