{"id":112059,"date":"2022-08-05T19:14:28","date_gmt":"2022-08-05T17:14:28","guid":{"rendered":"https:\/\/www.fabioferro.eu\/longines-heritage-avigation-bigeye-titanium-chronograph-blau-41-mm-uhr.html"},"modified":"2024-12-16T13:39:38","modified_gmt":"2024-12-16T12:39:38","slug":"longines-heritage-avigation-bigeye-titanium-chronograph-blau-41-mm-uhr","status":"publish","type":"product","link":"https:\/\/www.fabioferro.eu\/de\/longines-heritage-avigation-bigeye-titanium-chronograph-blau-41-mm-uhr.html","title":{"rendered":"Longines Heritage Avigation Bigeye Titanium Chronograph Blau 41 mm Uhr"},"content":{"rendered":"<p>Mechanische Chronographenuhr mit Automatikaufzug, Longines-Kaliber L688 mit 28.800 Halbschwingungen pro Stunde und einer Gangreserve von ca. 66 Stunden. Stunden-, Minuten- und kleine Sekundenfunktion bei 9 Uhr.<\/p>\n<p>Chronograph mit S\u00e4ulenwerk. Funktionen zur Messung von 60 Sekunden, 30-Minuten-Z\u00e4hler bei 3 Uhr und 12-Stunden-Z\u00e4hler bei 6 Uhr.<\/p>\n<p>Sehr leichtes Titangeh\u00e4use mit einem Durchmesser von 41 mm, einer Breite zwischen den Anst\u00f6\u00dfen von 20 mm und einer Dicke von 14,5 mm. Gesamtgewicht 77,3 g. Es ist wasserdicht bis zu 3 bar\/30 Meter. Der Geh\u00e4useboden ist verschraubt und der Welt der Luftfahrt gewidmet.<\/p>\n<p>Das kratzfeste Saphirglas ist gew\u00f6lbt und auf der Innenseite mehrschichtig antireflektierend.<\/p>\n<p>Petroleum-Zifferblatt mit gemalten arabischen Ziffern, schwarze Zeiger. Ausgestattet mit der Schweizer Super-LumiNova-Technologie f\u00fcr perfekte Sicht auch bei Dunkelheit. Logo auf 12 Uhr.<\/p>\n<p>Besonderes und spezielles braunes Kalbslederarmband mit Longines-Schlie\u00dfe.<\/p>\n<p>Die Uhr wird von der offiziellen Longines-Box und 5 Jahren Garantie begleitet.<\/p>\n","protected":false},"excerpt":{"rendered":"<p>Zwischen Longines und der Welt der Luftfahrt besteht seit jeher eine enge Verbindung. Die Heritage Avigation-Kollektion soll dieser langj\u00e4hrigen Zusammenarbeit zwischen den beiden Unternehmen neues Leben einhauchen.<\/p>\n","protected":false},"featured_media":112068,"comment_status":"open","ping_status":"closed","template":"","meta":[],"product_brand":[5391],"product_cat":[5966,5953],"product_tag":[],"class_list":{"0":"post-112059","1":"product","2":"type-product","3":"status-publish","4":"has-post-thumbnail","6":"product_brand-longines","7":"product_cat-longines-damenuhren","8":"product_cat-longines-herrenuhren","9":"pa_collezione-longines-heritage-avigation-de","11":"first","12":"instock","13":"taxable","14":"shipping-taxable","15":"purchasable","16":"product-type-simple"},"exclude_global_add_ons":[],"addons":[],"df_price":4250,"df_sale_price":"","df_regular_price":4250,"df_image_link":"https:\/\/cdn02.fabioferro.eu\/wp-content\/uploads\/orologio-longines-heritage-avigation-bigeye-blu-l28161932.jpg","_links":{"self":[{"href":"https:\/\/www.fabioferro.eu\/de\/wp-json\/wp\/v2\/product\/112059","targetHints":{"allow":["GET"]}}],"collection":[{"href":"https:\/\/www.fabioferro.eu\/de\/wp-json\/wp\/v2\/product"}],"about":[{"href":"https:\/\/www.fabioferro.eu\/de\/wp-json\/wp\/v2\/types\/product"}],"replies":[{"embeddable":true,"href":"https:\/\/www.fabioferro.eu\/de\/wp-json\/wp\/v2\/comments?post=112059"}],"version-history":[{"count":0,"href":"https:\/\/www.fabioferro.eu\/de\/wp-json\/wp\/v2\/product\/112059\/revisions"}],"wp:featuredmedia":[{"embeddable":true,"href":"https:\/\/www.fabioferro.eu\/de\/wp-json\/wp\/v2\/media\/112068"}],"wp:attachment":[{"href":"https:\/\/www.fabioferro.eu\/de\/wp-json\/wp\/v2\/media?parent=112059"}],"wp:term":[{"taxonomy":"product_brand","embeddable":true,"href":"https:\/\/www.fabioferro.eu\/de\/wp-json\/wp\/v2\/product_brand?post=112059"},{"taxonomy":"product_cat","embeddable":true,"href":"https:\/\/www.fabioferro.eu\/de\/wp-json\/wp\/v2\/product_cat?post=112059"},{"taxonomy":"product_tag","embeddable":true,"href":"https:\/\/www.fabioferro.eu\/de\/wp-json\/wp\/v2\/product_tag?post=112059"}],"curies":[{"name":"wp","href":"https:\/\/api.w.org\/{rel}","templated":true}]}}