{"id":112106,"date":"2022-08-05T11:24:31","date_gmt":"2022-08-05T09:24:31","guid":{"rendered":"https:\/\/www.fabioferro.eu\/longines-master-collection-uhr-weiss-chronograph-40-mm.html"},"modified":"2024-12-16T13:47:12","modified_gmt":"2024-12-16T12:47:12","slug":"longines-master-collection-uhr-weiss-chronograph-40-mm","status":"publish","type":"product","link":"https:\/\/www.fabioferro.eu\/de\/longines-master-collection-uhr-weiss-chronograph-40-mm.html","title":{"rendered":"Longines Master Collection Uhr Wei\u00df Chronograph 40 mm"},"content":{"rendered":"<p>Eine Chronographenuhr mit einem mechanischen S\u00e4ulenuhrwerk mit Automatikaufzug, einer Frequenz von 28.800 Halbschwingungen pro Stunde und einer Gangreserve von etwa 66 Stunden. Das Kaliber Longines L687 steuert die Funktionen Stunde, Minute und kleine Sekunde.<\/p>\n<p>Sie verf\u00fcgt \u00fcber die Funktionen Stunde, Minute und kleine Sekunde sowie eine 24-Stunden-Anzeige bei 9 Uhr. F\u00fcr die Mondphasen gibt es eine eigene Anzeige bei 6 Uhr.<\/p>\n<p>Chronographenmechanismus mit zentralem 60-Sekunden-Zeiger, Mondphasenanzeige mit 12-Stunden-Z\u00e4hler bei 6 Uhr und 30-Minuten-Z\u00e4hler mit Tag und Datum bei 12 Uhr.<\/p>\n<p>Edelstahlgeh\u00e4use mit einem Durchmesser von 40 mm, einer Dicke von 14,30 mm und einem Gewicht von 93,7 g. Der Abstand zwischen den Anst\u00f6\u00dfen betr\u00e4gt 21 mm. Wasserdicht bis 3 bar\/30 Meter. Die R\u00fcckseite ist aus transparentem Saphirglas und erm\u00f6glicht einen guten Blick auf den Mechanismus. Die ger\u00e4ndelte Krone wird oben und unten von den beiden Chronographendr\u00fcckern eingefasst.<\/p>\n<p>Das silberne Zifferblatt aus Gerstenk\u00f6rnern macht Platz f\u00fcr Indexe mit aufgemalten arabischen Ziffern und gebl\u00e4uten Stahlzeigern.<\/p>\n<p>Das braune Alligatorlederarmband endet mit einer Dreifach-Sicherheitsfaltschlie\u00dfe und einem \u00d6ffnungsmechanismus mit Druckknopf. Sie ist mit dem CITES-Zeichen versehen, einer Organisation, die den Handel mit gef\u00e4hrdeten Tieren kontrolliert. Sie stellt sicher, dass die Verwendung von Materialien tierischen und\/oder pflanzlichen Ursprungs keine Probleme f\u00fcr Flora und Fauna und ihre \u00d6kosysteme verursacht.<\/p>\n<p>Die Uhr wird von der offiziellen Longines-Box und 5 Jahren Garantie begleitet.<\/p>\n","protected":false},"excerpt":{"rendered":"<p>Die Longines Master Collection verbindet klassische Eleganz mit h\u00f6chster Qualit\u00e4t, f\u00fcr alle, die au\u00dfergew\u00f6hnliche Uhren sch\u00e4tzen.<\/p>\n","protected":false},"featured_media":112129,"comment_status":"open","ping_status":"closed","template":"","meta":[],"product_brand":[5391],"product_cat":[5953],"product_tag":[],"class_list":{"0":"post-112106","1":"product","2":"type-product","3":"status-publish","4":"has-post-thumbnail","6":"product_brand-longines","7":"product_cat-longines-herrenuhren","8":"pa_collezione-longines-master-kollektion","10":"first","11":"instock","12":"taxable","13":"shipping-taxable","14":"purchasable","15":"product-type-simple"},"exclude_global_add_ons":[],"addons":[],"df_price":3950,"df_sale_price":"","df_regular_price":3950,"df_image_link":"https:\/\/cdn02.fabioferro.eu\/wp-content\/uploads\/orologio-longines-maste-collection-cronografo-l26734783.jpg","_links":{"self":[{"href":"https:\/\/www.fabioferro.eu\/de\/wp-json\/wp\/v2\/product\/112106","targetHints":{"allow":["GET"]}}],"collection":[{"href":"https:\/\/www.fabioferro.eu\/de\/wp-json\/wp\/v2\/product"}],"about":[{"href":"https:\/\/www.fabioferro.eu\/de\/wp-json\/wp\/v2\/types\/product"}],"replies":[{"embeddable":true,"href":"https:\/\/www.fabioferro.eu\/de\/wp-json\/wp\/v2\/comments?post=112106"}],"version-history":[{"count":0,"href":"https:\/\/www.fabioferro.eu\/de\/wp-json\/wp\/v2\/product\/112106\/revisions"}],"wp:featuredmedia":[{"embeddable":true,"href":"https:\/\/www.fabioferro.eu\/de\/wp-json\/wp\/v2\/media\/112129"}],"wp:attachment":[{"href":"https:\/\/www.fabioferro.eu\/de\/wp-json\/wp\/v2\/media?parent=112106"}],"wp:term":[{"taxonomy":"product_brand","embeddable":true,"href":"https:\/\/www.fabioferro.eu\/de\/wp-json\/wp\/v2\/product_brand?post=112106"},{"taxonomy":"product_cat","embeddable":true,"href":"https:\/\/www.fabioferro.eu\/de\/wp-json\/wp\/v2\/product_cat?post=112106"},{"taxonomy":"product_tag","embeddable":true,"href":"https:\/\/www.fabioferro.eu\/de\/wp-json\/wp\/v2\/product_tag?post=112106"}],"curies":[{"name":"wp","href":"https:\/\/api.w.org\/{rel}","templated":true}]}}