{"id":112127,"date":"2022-08-30T16:32:31","date_gmt":"2022-08-30T14:32:31","guid":{"rendered":"https:\/\/www.fabioferro.eu\/hamilton-khaki-navy-frogman-auto-schwarz-46-mm-uhr.html"},"modified":"2025-06-06T16:04:34","modified_gmt":"2025-06-06T14:04:34","slug":"hamilton-khaki-navy-frogman-auto-schwarz-46-mm-uhr","status":"publish","type":"product","link":"https:\/\/www.fabioferro.eu\/de\/hamilton-khaki-navy-frogman-auto-schwarz-46-mm-uhr.html","title":{"rendered":"Hamilton Khaki Navy Frogman 46mm H77825330"},"content":{"rendered":"<p>Hamilton Khaki Navy Frogman 46mm H77825330 mechanische Automatik, mit dem Kaliber H-10, das bis zu 80 Stunden Gangreserve bietet.<\/p>\n<p>Das polierte und satinierte Edelstahlgeh\u00e4use hat einen Durchmesser von 46 mm und eignet sich perfekt f\u00fcr Wassersportarten, die einen Neoprenanzug erfordern.<\/p>\n<p>Pressfit-R\u00fcckseite mit lasergraviertem Frogman-Logo.<\/p>\n<p>Das schwarze Zifferblatt sorgt f\u00fcr eine hervorragende Ablesbarkeit, nicht zuletzt dank der mit Lumibrite beschichteten Indizes und Zeiger f\u00fcr die Ablesbarkeit im Dunkeln. Die Indizes sind alle vom Sockel aus reliefartig gestaltet.<\/p>\n<p>Die Krone bei 3 Uhr verf\u00fcgt \u00fcber einen speziellen Wasserschutz. Zum Einstellen der Uhrzeit wird das Geh\u00e4use einfach aufgeschraubt und die Krone herausgezogen, wie es bei anderen Modellen \u00fcblich ist.<\/p>\n<p>Einseitig drehbares schwarzes Zifferblatt zur Einstellung der Eintauchzeit.<\/p>\n<p>Das Kautschukband mit Dornschlie\u00dfe macht das Tragen dieser ausgesprochen sportlichen Uhr einfacher und leichter.<\/p>\n<p>Wasserdicht bis zu 30 bar\/300 Meter.<\/p>\n<p>Entspiegeltes konvexes Saphirglas.<\/p>\n<p>Die Uhr wird von der offiziellen Hamilton-Box und der Garantie begleitet.<\/p>\n","protected":false},"excerpt":{"rendered":"<p>Hamilton Khaki Navy Frogman 46mm H77825330, ein Modell f\u00fcr alle, die sich gerne auf den Ozeanen tummeln.<\/p>\n","protected":false},"featured_media":112141,"comment_status":"open","ping_status":"closed","template":"","meta":[],"product_brand":[161],"product_cat":[5974],"product_tag":[7551,7442],"class_list":{"0":"post-112127","1":"product","2":"type-product","3":"status-publish","4":"has-post-thumbnail","6":"product_brand-hamilton","7":"product_cat-hamilton-herrenuhren","8":"product_tag-ausschlusse","9":"product_tag-verfugbar","10":"pa_collezione-hamilton-khaki-marine","12":"first","13":"instock","14":"sale","15":"taxable","16":"shipping-taxable","17":"purchasable","18":"product-type-simple"},"exclude_global_add_ons":[],"addons":[],"df_price":993.75,"df_sale_price":993.75,"df_regular_price":1325,"df_image_link":"https:\/\/cdn02.fabioferro.eu\/wp-content\/uploads\/orologio-hamilton-frogman-auto-h77825330-6.jpg","_links":{"self":[{"href":"https:\/\/www.fabioferro.eu\/de\/wp-json\/wp\/v2\/product\/112127","targetHints":{"allow":["GET"]}}],"collection":[{"href":"https:\/\/www.fabioferro.eu\/de\/wp-json\/wp\/v2\/product"}],"about":[{"href":"https:\/\/www.fabioferro.eu\/de\/wp-json\/wp\/v2\/types\/product"}],"replies":[{"embeddable":true,"href":"https:\/\/www.fabioferro.eu\/de\/wp-json\/wp\/v2\/comments?post=112127"}],"version-history":[{"count":0,"href":"https:\/\/www.fabioferro.eu\/de\/wp-json\/wp\/v2\/product\/112127\/revisions"}],"wp:featuredmedia":[{"embeddable":true,"href":"https:\/\/www.fabioferro.eu\/de\/wp-json\/wp\/v2\/media\/112141"}],"wp:attachment":[{"href":"https:\/\/www.fabioferro.eu\/de\/wp-json\/wp\/v2\/media?parent=112127"}],"wp:term":[{"taxonomy":"product_brand","embeddable":true,"href":"https:\/\/www.fabioferro.eu\/de\/wp-json\/wp\/v2\/product_brand?post=112127"},{"taxonomy":"product_cat","embeddable":true,"href":"https:\/\/www.fabioferro.eu\/de\/wp-json\/wp\/v2\/product_cat?post=112127"},{"taxonomy":"product_tag","embeddable":true,"href":"https:\/\/www.fabioferro.eu\/de\/wp-json\/wp\/v2\/product_tag?post=112127"}],"curies":[{"name":"wp","href":"https:\/\/api.w.org\/{rel}","templated":true}]}}