{"id":112171,"date":"2022-08-03T19:22:23","date_gmt":"2022-08-03T17:22:23","guid":{"rendered":"https:\/\/www.fabioferro.eu\/longines-dolcevita-leder-blau-quarz-208-x-32-mm-uhr.html"},"modified":"2024-12-16T13:39:32","modified_gmt":"2024-12-16T12:39:32","slug":"longines-dolcevita-leder-blau-quarz-208-x-32-mm-uhr","status":"publish","type":"product","link":"https:\/\/www.fabioferro.eu\/de\/longines-dolcevita-leder-blau-quarz-208-x-32-mm-uhr.html","title":{"rendered":"Longines DolceVita Leder Blau Quarz 20,8 x 32 mm Uhr"},"content":{"rendered":"<p>Uhr mit Quarzwerk, Kaliber Longines L178. Stunden-, Minuten- und Sekundenanzeige bei 6 Uhr. Spezielle E.O.L.-Funktion, auch bekannt als &#8220;End of Life&#8221;, die fr\u00fchzeitig vor einer schwachen Batterieladung warnt, so dass die Batterie gewechselt werden kann, bevor sie leer ist.<\/p>\n<p>Geh\u00e4use aus Edelstahl, Ma\u00dfe 20,8 x 32 mm. Die Dicke betr\u00e4gt 6,90 mm und der Abstand zwischen den Anst\u00f6\u00dfen 15 mm. Die maximale Wasserdichtigkeit betr\u00e4gt 3 bar\/30 Meter. Das Gesamtgewicht betr\u00e4gt 19 g.<\/p>\n<p>Das Saphirglas ist kratzfest und gew\u00f6lbt.<\/p>\n<p>Das silberfarbene Flinqu\u00e9-Zifferblatt verf\u00fcgt \u00fcber Stundenmarkierungen mit aufgemalten r\u00f6mischen Ziffern, eine kleine Sekundenanzeige bei 6 Uhr und blaue Zeiger, die die Sicht bei jedem Licht verbessern.<\/p>\n<p>Das blaue Alligatorlederarmband garantiert einen hohen Tragekomfort. Longines-Dornschlie\u00dfe und austauschbares Longines-System f\u00fcr den autonomen Wechsel des Stils Ihres Zeitmessers.<\/p>\n<p>Die Uhr wird von der offiziellen Longines-Box und einer 2-j\u00e4hrigen Garantie begleitet.<\/p>\n","protected":false},"excerpt":{"rendered":"<p>Seit ihrer Gr\u00fcndung hat die Longines DolceVita der Welt die Sch\u00f6nheit und Eleganz dieser besonderen Formen vermittelt.<\/p>\n","protected":false},"featured_media":112173,"comment_status":"open","ping_status":"closed","template":"","meta":[],"product_brand":[5391],"product_cat":[5966],"product_tag":[],"class_list":{"0":"post-112171","1":"product","2":"type-product","3":"status-publish","4":"has-post-thumbnail","6":"product_brand-longines","7":"product_cat-longines-damenuhren","8":"pa_collezione-longines-dolcevita-de","10":"first","11":"instock","12":"taxable","13":"shipping-taxable","14":"purchasable","15":"product-type-simple"},"exclude_global_add_ons":[],"addons":[],"df_price":1600,"df_sale_price":"","df_regular_price":1600,"df_image_link":"https:\/\/cdn02.fabioferro.eu\/wp-content\/uploads\/orologio-longines-dolcevita-quartz-blu-l52554717.jpg","_links":{"self":[{"href":"https:\/\/www.fabioferro.eu\/de\/wp-json\/wp\/v2\/product\/112171","targetHints":{"allow":["GET"]}}],"collection":[{"href":"https:\/\/www.fabioferro.eu\/de\/wp-json\/wp\/v2\/product"}],"about":[{"href":"https:\/\/www.fabioferro.eu\/de\/wp-json\/wp\/v2\/types\/product"}],"replies":[{"embeddable":true,"href":"https:\/\/www.fabioferro.eu\/de\/wp-json\/wp\/v2\/comments?post=112171"}],"version-history":[{"count":0,"href":"https:\/\/www.fabioferro.eu\/de\/wp-json\/wp\/v2\/product\/112171\/revisions"}],"wp:featuredmedia":[{"embeddable":true,"href":"https:\/\/www.fabioferro.eu\/de\/wp-json\/wp\/v2\/media\/112173"}],"wp:attachment":[{"href":"https:\/\/www.fabioferro.eu\/de\/wp-json\/wp\/v2\/media?parent=112171"}],"wp:term":[{"taxonomy":"product_brand","embeddable":true,"href":"https:\/\/www.fabioferro.eu\/de\/wp-json\/wp\/v2\/product_brand?post=112171"},{"taxonomy":"product_cat","embeddable":true,"href":"https:\/\/www.fabioferro.eu\/de\/wp-json\/wp\/v2\/product_cat?post=112171"},{"taxonomy":"product_tag","embeddable":true,"href":"https:\/\/www.fabioferro.eu\/de\/wp-json\/wp\/v2\/product_tag?post=112171"}],"curies":[{"name":"wp","href":"https:\/\/api.w.org\/{rel}","templated":true}]}}