{"id":112208,"date":"2022-08-03T19:33:24","date_gmt":"2022-08-03T17:33:24","guid":{"rendered":"https:\/\/www.fabioferro.eu\/longines-dolcevita-lederuhr-gruen-quarz-233-x-37-mm.html"},"modified":"2024-12-16T13:39:30","modified_gmt":"2024-12-16T12:39:30","slug":"longines-dolcevita-lederuhr-gruen-quarz-233-x-37-mm","status":"publish","type":"product","link":"https:\/\/www.fabioferro.eu\/de\/longines-dolcevita-lederuhr-gruen-quarz-233-x-37-mm.html","title":{"rendered":"Longines DolceVita Lederuhr Gr\u00fcn Quarz 23,3 x 37 mm"},"content":{"rendered":"<p>Uhr mit Quarzwerk, Kaliber Longines L178. Stunden-, Minuten- und Sekundenanzeige bei 6 Uhr. Spezielle E.O.L.-Funktion, auch bekannt als &#8220;End of Life&#8221;, die fr\u00fchzeitig vor einer schwachen Batterieladung warnt, so dass die Batterie gewechselt werden kann, bevor sie leer ist.<\/p>\n<p>Geh\u00e4use aus Edelstahl, Ma\u00dfe 23,3 x 37 mm. Die Dicke betr\u00e4gt 7,20 mm und der Abstand zwischen den Anst\u00f6\u00dfen 17 mm. Die maximale Wasserdichtigkeit betr\u00e4gt 3 bar\/30 Meter. Das Gesamtgewicht betr\u00e4gt 25,1 g.<\/p>\n<p>Das Saphirglas ist kratzfest und gew\u00f6lbt.<\/p>\n<p>Das silberfarbene Flinqu\u00e9-Zifferblatt verf\u00fcgt \u00fcber Stundenmarkierungen mit aufgemalten r\u00f6mischen Ziffern, eine kleine Sekundenanzeige bei 6 Uhr und blaue Zeiger, die die Sicht bei jedem Licht verbessern.<\/p>\n<p>Das gr\u00fcne Alligatorlederband garantiert einen hohen Tragekomfort. Longines-Dornschlie\u00dfe und austauschbares Longines-System f\u00fcr den autonomen Wechsel des Stils Ihres Zeitmessers.<\/p>\n<p>Die Uhr wird von der offiziellen Longines-Box und einer 2-j\u00e4hrigen Garantie begleitet.<\/p>\n","protected":false},"excerpt":{"rendered":"<p>Seit ihrer Gr\u00fcndung hat die Longines DolceVita der Welt die Sch\u00f6nheit und Eleganz dieser besonderen Formen vermittelt.<\/p>\n","protected":false},"featured_media":112210,"comment_status":"open","ping_status":"closed","template":"","meta":[],"product_brand":[5391],"product_cat":[5966],"product_tag":[],"class_list":{"0":"post-112208","1":"product","2":"type-product","3":"status-publish","4":"has-post-thumbnail","6":"product_brand-longines","7":"product_cat-longines-damenuhren","8":"pa_collezione-longines-dolcevita-de","10":"first","11":"instock","12":"taxable","13":"shipping-taxable","14":"purchasable","15":"product-type-simple"},"exclude_global_add_ons":[],"addons":[],"df_price":1600,"df_sale_price":"","df_regular_price":1600,"df_image_link":"https:\/\/cdn02.fabioferro.eu\/wp-content\/uploads\/orologio-longines-dolcevita-verde-quartz-l5512471a.jpg","_links":{"self":[{"href":"https:\/\/www.fabioferro.eu\/de\/wp-json\/wp\/v2\/product\/112208","targetHints":{"allow":["GET"]}}],"collection":[{"href":"https:\/\/www.fabioferro.eu\/de\/wp-json\/wp\/v2\/product"}],"about":[{"href":"https:\/\/www.fabioferro.eu\/de\/wp-json\/wp\/v2\/types\/product"}],"replies":[{"embeddable":true,"href":"https:\/\/www.fabioferro.eu\/de\/wp-json\/wp\/v2\/comments?post=112208"}],"version-history":[{"count":0,"href":"https:\/\/www.fabioferro.eu\/de\/wp-json\/wp\/v2\/product\/112208\/revisions"}],"wp:featuredmedia":[{"embeddable":true,"href":"https:\/\/www.fabioferro.eu\/de\/wp-json\/wp\/v2\/media\/112210"}],"wp:attachment":[{"href":"https:\/\/www.fabioferro.eu\/de\/wp-json\/wp\/v2\/media?parent=112208"}],"wp:term":[{"taxonomy":"product_brand","embeddable":true,"href":"https:\/\/www.fabioferro.eu\/de\/wp-json\/wp\/v2\/product_brand?post=112208"},{"taxonomy":"product_cat","embeddable":true,"href":"https:\/\/www.fabioferro.eu\/de\/wp-json\/wp\/v2\/product_cat?post=112208"},{"taxonomy":"product_tag","embeddable":true,"href":"https:\/\/www.fabioferro.eu\/de\/wp-json\/wp\/v2\/product_tag?post=112208"}],"curies":[{"name":"wp","href":"https:\/\/api.w.org\/{rel}","templated":true}]}}