{"id":112219,"date":"2022-08-02T11:40:18","date_gmt":"2022-08-02T09:40:18","guid":{"rendered":"https:\/\/www.fabioferro.eu\/longines-legend-diver-blau-automatik-42-mm-uhr.html"},"modified":"2022-08-02T11:40:18","modified_gmt":"2022-08-02T09:40:18","slug":"longines-legend-diver-blau-automatik-42-mm-uhr","status":"publish","type":"product","link":"https:\/\/www.fabioferro.eu\/de\/longines-legend-diver-blau-automatik-42-mm-uhr.html","title":{"rendered":"Longines Legend Diver Blau Automatik 42 mm Uhr"},"content":{"rendered":"<p>Uhr mit mechanischem Uhrwerk mit automatischem Aufzug. Longines Kaliber L888 mit einer Frequenz von 25.200 Halbschwingungen pro Stunde und einer Gangreserve von bis zu 72 Stunden. Stunden-, Minuten- und Sekundenfunktionen. Er montiert die Siliziumspirale, die eine h\u00f6here Pr\u00e4zision und eine gr\u00f6\u00dfere magnetische Best\u00e4ndigkeit garantiert.<\/p>\n<p>Geh\u00e4use und Schlie\u00dfe der Uhr sind komplett aus Edelstahl gefertigt. Der Geh\u00e4useboden ist verschraubt und macht die Uhr wasserdicht bis 30 bar\/300 Meter. Sie misst 42 mm im Durchmesser, der Abstand zwischen den Anst\u00f6\u00dfen betr\u00e4gt 22 mm. Die Dicke betr\u00e4gt 12,70 mm. Verschraubte Krone. Das Gesamtgewicht der Uhr betr\u00e4gt 87,6 g.<\/p>\n<p>Kratzfestes, gew\u00f6lbtes Saphirglas, mehrschichtige Antireflexbeschichtung auf der Innenseite.<\/p>\n<p>Das blaue Zifferblatt spiegelt den Stil der Pioniere perfekt wider. Alle Indexe und arabischen Ziffern sind gemalt. Die Zeiger sind ros\u00e9vergoldet und dank der Schweizer Super-LumiNova-Technologie auch im Dunkeln sichtbar. F\u00fcr die Messung von Tauchzeiten steht eine rotierende interne Rehautfunktion zur Verf\u00fcgung.<\/p>\n<p>Das blaue Kalbslederarmband misst 22 mm. Klassische Longines-Logoschlie\u00dfe. Sie ist mit dem CITES-Zeichen versehen, einer Organisation, die den Handel mit gef\u00e4hrdeten Tieren kontrolliert. Sie stellt sicher, dass die Verwendung von Materialien tierischen und\/oder pflanzlichen Ursprungs keine Probleme f\u00fcr Flora und Fauna und ihre \u00d6kosysteme verursacht.<\/p>\n<p>Die Uhr wird von der offiziellen Longines-Box und 5 Jahren Garantie begleitet.<\/p>\n<p>&nbsp;<\/p>\n<div class=\"video-container\"><iframe loading=\"lazy\" title=\"The Longines Legend Diver Watch - Fabio Ferro i Gioielli\" width=\"1170\" height=\"658\" src=\"https:\/\/www.youtube.com\/embed\/dCpR66-o_Ws?feature=oembed\" frameborder=\"0\" allow=\"accelerometer; autoplay; clipboard-write; encrypted-media; gyroscope; picture-in-picture; web-share\" allowfullscreen><\/iframe><\/div>\n","protected":false},"excerpt":{"rendered":"<p>Die erste patentierte Uhr mit wasserdichtem Geh\u00e4use und Dr\u00fcckern, direkt aus dem Jahr 1937, einer Zeit, in der Qualit\u00e4t an diesen technologischen Kriterien gemessen wurde.<\/p>\n","protected":false},"featured_media":112224,"comment_status":"open","ping_status":"closed","template":"","meta":[],"product_brand":[5391],"product_cat":[5953],"product_tag":[],"class_list":{"0":"post-112219","1":"product","2":"type-product","3":"status-publish","4":"has-post-thumbnail","6":"product_brand-longines","7":"product_cat-longines-herrenuhren","8":"pa_collezione-longines-legend-taucheruhr","10":"first","11":"instock","12":"taxable","13":"shipping-taxable","14":"purchasable","15":"product-type-simple"},"exclude_global_add_ons":[],"addons":[],"df_price":2800,"df_sale_price":"","df_regular_price":2800,"df_image_link":"https:\/\/cdn02.fabioferro.eu\/wp-content\/uploads\/orologio-longines-legend-diver-watch-l37744902.jpg","_links":{"self":[{"href":"https:\/\/www.fabioferro.eu\/de\/wp-json\/wp\/v2\/product\/112219","targetHints":{"allow":["GET"]}}],"collection":[{"href":"https:\/\/www.fabioferro.eu\/de\/wp-json\/wp\/v2\/product"}],"about":[{"href":"https:\/\/www.fabioferro.eu\/de\/wp-json\/wp\/v2\/types\/product"}],"replies":[{"embeddable":true,"href":"https:\/\/www.fabioferro.eu\/de\/wp-json\/wp\/v2\/comments?post=112219"}],"version-history":[{"count":0,"href":"https:\/\/www.fabioferro.eu\/de\/wp-json\/wp\/v2\/product\/112219\/revisions"}],"wp:featuredmedia":[{"embeddable":true,"href":"https:\/\/www.fabioferro.eu\/de\/wp-json\/wp\/v2\/media\/112224"}],"wp:attachment":[{"href":"https:\/\/www.fabioferro.eu\/de\/wp-json\/wp\/v2\/media?parent=112219"}],"wp:term":[{"taxonomy":"product_brand","embeddable":true,"href":"https:\/\/www.fabioferro.eu\/de\/wp-json\/wp\/v2\/product_brand?post=112219"},{"taxonomy":"product_cat","embeddable":true,"href":"https:\/\/www.fabioferro.eu\/de\/wp-json\/wp\/v2\/product_cat?post=112219"},{"taxonomy":"product_tag","embeddable":true,"href":"https:\/\/www.fabioferro.eu\/de\/wp-json\/wp\/v2\/product_tag?post=112219"}],"curies":[{"name":"wp","href":"https:\/\/api.w.org\/{rel}","templated":true}]}}