{"id":112280,"date":"2022-08-02T19:54:17","date_gmt":"2022-08-02T17:54:17","guid":{"rendered":"https:\/\/www.fabioferro.eu\/longines-spirit-blu-chronometer-automatik-42-mm-uhr.html"},"modified":"2024-12-16T13:47:05","modified_gmt":"2024-12-16T12:47:05","slug":"longines-spirit-blu-chronometer-automatik-42-mm-uhr","status":"publish","type":"product","link":"https:\/\/www.fabioferro.eu\/de\/longines-spirit-blu-chronometer-automatik-42-mm-uhr.html","title":{"rendered":"Longines Spirit Blu Chronometer Automatik 42 mm Uhr"},"content":{"rendered":"<p>Diese Uhr mit mechanischem Automatikwerk ist mit dem Kaliber Longines L688.4 ausgestattet, das mit einer Unruhspirale aus monokristallinem Silizium versehen ist. Dieses neuartige Material garantiert eine hohe Sto\u00df- und Magnetismusfestigkeit sowie eine geringe Verschlei\u00dfanf\u00e4lligkeit. Die Gangreserve betr\u00e4gt bis zu 66 Stunden, w\u00e4hrend die Schwingungen pro Stunde 28.800 betragen. Funktionen: Stunden, Minuten, kleine Sekunde bei 9 Uhr und Datum.<\/p>\n<p>Sie ist ein Schweizer und international COSC-zertifizierter Chronometer.<\/p>\n<p>Chronographenwerk mit S\u00e4ulenrad und zentraler 60-Sekunden-Funktion, 30-Minuten-Z\u00e4hler bei 3 Uhr und 12-Stunden-Z\u00e4hler bei 6 Uhr.<\/p>\n<p>Geh\u00e4use aus Edelstahl, Durchmesser 42 mm, Dicke 16,50 mm, wasserdicht bis 10 bar\/100 m, Gewicht 123,1 g. Der Abstand zwischen den Anst\u00f6\u00dfen betr\u00e4gt 22 mm. Die Krone ist verschraubt.<\/p>\n<p>Das blaue Sonnenschliff-Zifferblatt erleichtert das Ablesen der Uhrzeit zu jeder Tageszeit, auch dank der Schweizer Super-LumiNova-Technologie, die das Ablesen der Uhrzeit auch im Dunkeln erm\u00f6glicht. Die arabischen Ziffern sind appliziert, und die Zeiger sind satiniert und versilbert.<\/p>\n<p>Der blaue Kalbslederriemen endet mit einem Schnallenverschluss. Sie ist mit dem CITES-Zeichen versehen, einer Organisation, die den Handel mit gef\u00e4hrdeten Tieren kontrolliert. Sie stellt sicher, dass die Verwendung von Materialien tierischen und\/oder pflanzlichen Ursprungs keine Probleme f\u00fcr Flora und Fauna und ihre \u00d6kosysteme verursacht. Longines Schnallenverschluss.<\/p>\n<p>Die Uhr wird von der offiziellen Longines-Box und 5 Jahren Garantie begleitet.<\/p>\n","protected":false},"excerpt":{"rendered":"<p>Eine Uhr, die die Flieger der Vergangenheit viele Jahre lang begleitet hat und die heute als Referenz f\u00fcr unz\u00e4hlige Enthusiasten und Liebhaber alter und moderner Technik dient.<\/p>\n","protected":false},"featured_media":112298,"comment_status":"open","ping_status":"closed","template":"","meta":[],"product_brand":[5391],"product_cat":[5953],"product_tag":[],"class_list":{"0":"post-112280","1":"product","2":"type-product","3":"status-publish","4":"has-post-thumbnail","6":"product_brand-longines","7":"product_cat-longines-herrenuhren","8":"pa_collezione-longines-spirit-de","10":"first","11":"instock","12":"taxable","13":"shipping-taxable","14":"purchasable","15":"product-type-simple"},"exclude_global_add_ons":[],"addons":[],"df_price":3600,"df_sale_price":"","df_regular_price":3600,"df_image_link":"https:\/\/cdn02.fabioferro.eu\/wp-content\/uploads\/orologio-longines-aviation-spirit-chrono-l38204930.jpg","_links":{"self":[{"href":"https:\/\/www.fabioferro.eu\/de\/wp-json\/wp\/v2\/product\/112280","targetHints":{"allow":["GET"]}}],"collection":[{"href":"https:\/\/www.fabioferro.eu\/de\/wp-json\/wp\/v2\/product"}],"about":[{"href":"https:\/\/www.fabioferro.eu\/de\/wp-json\/wp\/v2\/types\/product"}],"replies":[{"embeddable":true,"href":"https:\/\/www.fabioferro.eu\/de\/wp-json\/wp\/v2\/comments?post=112280"}],"version-history":[{"count":0,"href":"https:\/\/www.fabioferro.eu\/de\/wp-json\/wp\/v2\/product\/112280\/revisions"}],"wp:featuredmedia":[{"embeddable":true,"href":"https:\/\/www.fabioferro.eu\/de\/wp-json\/wp\/v2\/media\/112298"}],"wp:attachment":[{"href":"https:\/\/www.fabioferro.eu\/de\/wp-json\/wp\/v2\/media?parent=112280"}],"wp:term":[{"taxonomy":"product_brand","embeddable":true,"href":"https:\/\/www.fabioferro.eu\/de\/wp-json\/wp\/v2\/product_brand?post=112280"},{"taxonomy":"product_cat","embeddable":true,"href":"https:\/\/www.fabioferro.eu\/de\/wp-json\/wp\/v2\/product_cat?post=112280"},{"taxonomy":"product_tag","embeddable":true,"href":"https:\/\/www.fabioferro.eu\/de\/wp-json\/wp\/v2\/product_tag?post=112280"}],"curies":[{"name":"wp","href":"https:\/\/api.w.org\/{rel}","templated":true}]}}