{"id":112397,"date":"2022-07-13T19:40:24","date_gmt":"2022-07-13T17:40:24","guid":{"rendered":"https:\/\/www.fabioferro.eu\/valentina-ferragni-kate-mint-fusskettchen-armband.html"},"modified":"2022-07-13T19:40:24","modified_gmt":"2022-07-13T17:40:24","slug":"valentina-ferragni-kate-mint-fusskettchen-armband","status":"publish","type":"product","link":"https:\/\/www.fabioferro.eu\/de\/valentina-ferragni-kate-mint-fusskettchen-armband.html","title":{"rendered":"Valentina Ferragni Kate Mint Fu\u00dfkettchen Armband"},"content":{"rendered":"<p>Armband\/Kn\u00f6chel aus 925\/1000 Sterlingsilber, gelbvergoldet.<\/p>\n<p>Hergestellt aus 100 % nachhaltigem Garn.<\/p>\n<p>Gr\u00fcne Emaillierung.<\/p>\n<p>L\u00e4nge 30 cm einstellbar.<\/p>\n<p>Hergestellt in Italien.<\/p>\n<p>Begleitet von der offiziellen Valentina Ferragni Studio Garantie und Verpackung.<\/p>\n","protected":false},"excerpt":{"rendered":"<p>W\u00e4hlen Sie, wie und wo Sie dieses Modeschmuckst\u00fcck tragen m\u00f6chten, am Kn\u00f6chel oder am Handgelenk?<\/p>\n","protected":false},"featured_media":112408,"comment_status":"open","ping_status":"closed","template":"","meta":[],"product_brand":[206],"product_cat":[15],"product_tag":[7442],"class_list":{"0":"post-112397","1":"product","2":"type-product","3":"status-publish","4":"has-post-thumbnail","6":"product_brand-valentina-ferragni-studio","7":"product_cat-senza-categoria","8":"product_tag-verfugbar","9":"pa_collezione-valentina-ferragni-kate-de","11":"first","12":"outofstock","13":"sale","14":"taxable","15":"shipping-taxable","16":"purchasable","17":"product-type-simple"},"exclude_global_add_ons":[],"addons":[],"df_price":24,"df_sale_price":24,"df_regular_price":48,"df_image_link":"https:\/\/cdn02.fabioferro.eu\/wp-content\/uploads\/cavigliera-valentina-ferragni-kate-mint.jpg","_links":{"self":[{"href":"https:\/\/www.fabioferro.eu\/de\/wp-json\/wp\/v2\/product\/112397","targetHints":{"allow":["GET"]}}],"collection":[{"href":"https:\/\/www.fabioferro.eu\/de\/wp-json\/wp\/v2\/product"}],"about":[{"href":"https:\/\/www.fabioferro.eu\/de\/wp-json\/wp\/v2\/types\/product"}],"replies":[{"embeddable":true,"href":"https:\/\/www.fabioferro.eu\/de\/wp-json\/wp\/v2\/comments?post=112397"}],"version-history":[{"count":0,"href":"https:\/\/www.fabioferro.eu\/de\/wp-json\/wp\/v2\/product\/112397\/revisions"}],"wp:featuredmedia":[{"embeddable":true,"href":"https:\/\/www.fabioferro.eu\/de\/wp-json\/wp\/v2\/media\/112408"}],"wp:attachment":[{"href":"https:\/\/www.fabioferro.eu\/de\/wp-json\/wp\/v2\/media?parent=112397"}],"wp:term":[{"taxonomy":"product_brand","embeddable":true,"href":"https:\/\/www.fabioferro.eu\/de\/wp-json\/wp\/v2\/product_brand?post=112397"},{"taxonomy":"product_cat","embeddable":true,"href":"https:\/\/www.fabioferro.eu\/de\/wp-json\/wp\/v2\/product_cat?post=112397"},{"taxonomy":"product_tag","embeddable":true,"href":"https:\/\/www.fabioferro.eu\/de\/wp-json\/wp\/v2\/product_tag?post=112397"}],"curies":[{"name":"wp","href":"https:\/\/api.w.org\/{rel}","templated":true}]}}