{"id":112412,"date":"2022-07-27T12:46:06","date_gmt":"2022-07-27T10:46:06","guid":{"rendered":"https:\/\/www.fabioferro.eu\/longines-hydroconquest-schwarz-automatik-41-mm-uhr-2.html"},"modified":"2026-01-23T18:42:50","modified_gmt":"2026-01-23T17:42:50","slug":"longines-hydroconquest-schwarz-automatik-41-mm-uhr-2","status":"publish","type":"product","link":"https:\/\/www.fabioferro.eu\/de\/longines-hydroconquest-schwarz-automatik-41-mm-uhr-2.html","title":{"rendered":"Longines Hydroconquest Schwarz Automatik 41 mm Uhr"},"content":{"rendered":"<p>Uhr mit mechanischem Automatikwerk, Longines Kaliber L888. Die Frequenz betr\u00e4gt 25.200 Schwingungen pro Stunde. Die Gangreserve betr\u00e4gt bis zu 72 Stunden. Sie verf\u00fcgt \u00fcber Stunden-, Minuten- und Datumsfunktionen.<\/p>\n<p>Das Geh\u00e4use ist aus poliertem und satiniertem Edelstahl gefertigt und hat einen Durchmesser von 41 mm. Es ist 11,90 mm dick und bis 30 bar\/300 Meter wasserdicht. Die undurchsichtige R\u00fcckseite ist verschraubt.<\/p>\n<p>Saphirglas mit Antireflexionsbeschichtung, sonnen- und kratzfest.<\/p>\n<p>Das Gesamtgewicht der Uhr betr\u00e4gt 127,8 g.<\/p>\n<p>Die ros\u00e9vergoldete L\u00fcnette besteht vollst\u00e4ndig aus Keramik und ist einseitig drehbar. Speziell f\u00fcr die Einstellung der Tauchzeit entwickelt.<\/p>\n<p>Das Zifferblatt zeichnet sich durch ein schwarzes Detail und ein Halo-Design aus, das das Ablesen der Zeit unter allen Bedingungen erleichtert. Die arabischen Ziffern 6, 9, 12 und das Datumsfeld bei 3 Uhr sind vorhanden. Sowohl die Indexe als auch die mit Ros\u00e9gold \u00fcberzogenen Zeiger sind mit Super-LumiNova f\u00fcr optimale Sicht im Dunkeln ausgestattet.<\/p>\n<p>Armband aus schwarzem Gummi. Doppelt gesicherte Faltschlie\u00dfe mit Push-Pull-\u00d6ffnungsmechanismus. Der Abstand zwischen den \u00d6sen betr\u00e4gt 21 mm.<\/p>\n<p>Die Uhr wird mit der offiziellen Longines-Box und 5 Jahren Garantie geliefert.<\/p>\n<p>&nbsp;<\/p>\n<div class=\"video-container\"><iframe loading=\"lazy\" title=\"Longines HydroConquest, New Look in Green - Fabio Ferro i Gioielli\" width=\"1170\" height=\"658\" src=\"https:\/\/www.youtube.com\/embed\/GHxIMWzt4fA?feature=oembed\" frameborder=\"0\" allow=\"accelerometer; autoplay; clipboard-write; encrypted-media; gyroscope; picture-in-picture; web-share\" allowfullscreen><\/iframe><\/div>\n","protected":false},"excerpt":{"rendered":"<p>Eine Uhr, die sich durch Eleganz, Sportlichkeit und Stil auszeichnet. Pr\u00e4zise, immer am Ball, ist sie das Wahrzeichen der Sportlinie von Longines.<\/p>\n","protected":false},"featured_media":112425,"comment_status":"open","ping_status":"closed","template":"","meta":[],"product_brand":[5391],"product_cat":[5953],"product_tag":[],"class_list":{"0":"post-112412","1":"product","2":"type-product","3":"status-publish","4":"has-post-thumbnail","6":"product_brand-longines","7":"product_cat-longines-herrenuhren","8":"pa_collezione-longines-hydroconquest-de","10":"first","11":"instock","12":"taxable","13":"shipping-taxable","14":"purchasable","15":"product-type-simple"},"exclude_global_add_ons":[],"addons":[],"df_price":2250,"df_sale_price":"","df_regular_price":2250,"df_image_link":"https:\/\/cdn02.fabioferro.eu\/wp-content\/uploads\/orologio-longines-hydroconquest-automatic-caucciu-nero-l37813589.jpg","_links":{"self":[{"href":"https:\/\/www.fabioferro.eu\/de\/wp-json\/wp\/v2\/product\/112412","targetHints":{"allow":["GET"]}}],"collection":[{"href":"https:\/\/www.fabioferro.eu\/de\/wp-json\/wp\/v2\/product"}],"about":[{"href":"https:\/\/www.fabioferro.eu\/de\/wp-json\/wp\/v2\/types\/product"}],"replies":[{"embeddable":true,"href":"https:\/\/www.fabioferro.eu\/de\/wp-json\/wp\/v2\/comments?post=112412"}],"version-history":[{"count":0,"href":"https:\/\/www.fabioferro.eu\/de\/wp-json\/wp\/v2\/product\/112412\/revisions"}],"wp:featuredmedia":[{"embeddable":true,"href":"https:\/\/www.fabioferro.eu\/de\/wp-json\/wp\/v2\/media\/112425"}],"wp:attachment":[{"href":"https:\/\/www.fabioferro.eu\/de\/wp-json\/wp\/v2\/media?parent=112412"}],"wp:term":[{"taxonomy":"product_brand","embeddable":true,"href":"https:\/\/www.fabioferro.eu\/de\/wp-json\/wp\/v2\/product_brand?post=112412"},{"taxonomy":"product_cat","embeddable":true,"href":"https:\/\/www.fabioferro.eu\/de\/wp-json\/wp\/v2\/product_cat?post=112412"},{"taxonomy":"product_tag","embeddable":true,"href":"https:\/\/www.fabioferro.eu\/de\/wp-json\/wp\/v2\/product_tag?post=112412"}],"curies":[{"name":"wp","href":"https:\/\/api.w.org\/{rel}","templated":true}]}}