{"id":112453,"date":"2022-07-13T19:43:34","date_gmt":"2022-07-13T17:43:34","guid":{"rendered":"https:\/\/www.fabioferro.eu\/fusskettchen-armband-valentina-ferragni-kate-flieder.html"},"modified":"2022-07-13T19:43:34","modified_gmt":"2022-07-13T17:43:34","slug":"fusskettchen-armband-valentina-ferragni-kate-flieder","status":"publish","type":"product","link":"https:\/\/www.fabioferro.eu\/de\/fusskettchen-armband-valentina-ferragni-kate-flieder.html","title":{"rendered":"Fu\u00dfkettchen Armband Valentina Ferragni Kate Flieder"},"content":{"rendered":"<p>Armband\/Kn\u00f6chel aus 925\/1000 Sterlingsilber, gelbvergoldet.<\/p>\n<p>Hergestellt aus 100% nachhaltigem Garn.<\/p>\n<p>Lila Emaillierung.<\/p>\n<p>L\u00e4nge 30 cm einstellbar.<\/p>\n<p>Hergestellt in Italien.<\/p>\n<p>Begleitet von der offiziellen Valentina Ferragni Studio Garantie und Verpackung.<\/p>\n","protected":false},"excerpt":{"rendered":"<p>W\u00e4hlen Sie, wie und wo Sie dieses Modeschmuckst\u00fcck tragen m\u00f6chten, am Kn\u00f6chel oder am Handgelenk?<\/p>\n","protected":false},"featured_media":112462,"comment_status":"open","ping_status":"closed","template":"","meta":[],"product_brand":[206],"product_cat":[15],"product_tag":[7442],"class_list":{"0":"post-112453","1":"product","2":"type-product","3":"status-publish","4":"has-post-thumbnail","6":"product_brand-valentina-ferragni-studio","7":"product_cat-senza-categoria","8":"product_tag-verfugbar","9":"pa_collezione-valentina-ferragni-kate-de","11":"first","12":"outofstock","13":"sale","14":"taxable","15":"shipping-taxable","16":"purchasable","17":"product-type-simple"},"exclude_global_add_ons":[],"addons":[],"df_price":24,"df_sale_price":24,"df_regular_price":48,"df_image_link":"https:\/\/cdn02.fabioferro.eu\/wp-content\/uploads\/cavigliera-valentina-ferragni-kate-lilla.jpg","_links":{"self":[{"href":"https:\/\/www.fabioferro.eu\/de\/wp-json\/wp\/v2\/product\/112453","targetHints":{"allow":["GET"]}}],"collection":[{"href":"https:\/\/www.fabioferro.eu\/de\/wp-json\/wp\/v2\/product"}],"about":[{"href":"https:\/\/www.fabioferro.eu\/de\/wp-json\/wp\/v2\/types\/product"}],"replies":[{"embeddable":true,"href":"https:\/\/www.fabioferro.eu\/de\/wp-json\/wp\/v2\/comments?post=112453"}],"version-history":[{"count":0,"href":"https:\/\/www.fabioferro.eu\/de\/wp-json\/wp\/v2\/product\/112453\/revisions"}],"wp:featuredmedia":[{"embeddable":true,"href":"https:\/\/www.fabioferro.eu\/de\/wp-json\/wp\/v2\/media\/112462"}],"wp:attachment":[{"href":"https:\/\/www.fabioferro.eu\/de\/wp-json\/wp\/v2\/media?parent=112453"}],"wp:term":[{"taxonomy":"product_brand","embeddable":true,"href":"https:\/\/www.fabioferro.eu\/de\/wp-json\/wp\/v2\/product_brand?post=112453"},{"taxonomy":"product_cat","embeddable":true,"href":"https:\/\/www.fabioferro.eu\/de\/wp-json\/wp\/v2\/product_cat?post=112453"},{"taxonomy":"product_tag","embeddable":true,"href":"https:\/\/www.fabioferro.eu\/de\/wp-json\/wp\/v2\/product_tag?post=112453"}],"curies":[{"name":"wp","href":"https:\/\/api.w.org\/{rel}","templated":true}]}}