{"id":112496,"date":"2022-06-01T20:29:37","date_gmt":"2022-06-01T18:29:37","guid":{"rendered":"https:\/\/www.fabioferro.eu\/giovanni-raspini-rolo-gigante-armband.html"},"modified":"2024-10-30T10:02:19","modified_gmt":"2024-10-30T09:02:19","slug":"giovanni-raspini-rolo-gigante-armband","status":"publish","type":"product","link":"https:\/\/www.fabioferro.eu\/de\/giovanni-raspini-rolo-gigante-armband.html","title":{"rendered":"Giovanni Raspini Rol\u00f2 Gigante Armband"},"content":{"rendered":"<p>Armband aus 925er Sterlingsilber.<\/p>\n<p>Handgefertigt, hergestellt in Italien.<\/p>\n<p>Einstellbare L\u00e4nge. Gr\u00f6\u00dfe M: 21 cm, Gr\u00f6\u00dfe L: 23 cm.<\/p>\n<p>Begleitet von der offiziellen Giovanni Raspini Box und Garantie.<\/p>\n","protected":false},"excerpt":{"rendered":"<p>Ketten, die sich miteinander verbinden und endlose Bande bilden.<\/p>\n","protected":false},"featured_media":112505,"comment_status":"open","ping_status":"closed","template":"","meta":[],"product_brand":[],"product_cat":[7569],"product_tag":[],"class_list":{"0":"post-112496","1":"product","2":"type-product","3":"status-publish","4":"has-post-thumbnail","6":"product_cat-armbander-giovanni-raspini","8":"first","9":"instock","10":"sale","11":"taxable","12":"shipping-taxable","13":"purchasable","14":"product-type-variable","15":"has-default-attributes"},"exclude_global_add_ons":[],"addons":[],"df_price":432,"df_sale_price":"","df_regular_price":432,"df_image_link":"https:\/\/cdn02.fabioferro.eu\/wp-content\/uploads\/virtuemart\/product\/bracciale-giovanni-raspini-rol-grande-6927-2.jpg","_links":{"self":[{"href":"https:\/\/www.fabioferro.eu\/de\/wp-json\/wp\/v2\/product\/112496","targetHints":{"allow":["GET"]}}],"collection":[{"href":"https:\/\/www.fabioferro.eu\/de\/wp-json\/wp\/v2\/product"}],"about":[{"href":"https:\/\/www.fabioferro.eu\/de\/wp-json\/wp\/v2\/types\/product"}],"replies":[{"embeddable":true,"href":"https:\/\/www.fabioferro.eu\/de\/wp-json\/wp\/v2\/comments?post=112496"}],"version-history":[{"count":0,"href":"https:\/\/www.fabioferro.eu\/de\/wp-json\/wp\/v2\/product\/112496\/revisions"}],"wp:featuredmedia":[{"embeddable":true,"href":"https:\/\/www.fabioferro.eu\/de\/wp-json\/wp\/v2\/media\/112505"}],"wp:attachment":[{"href":"https:\/\/www.fabioferro.eu\/de\/wp-json\/wp\/v2\/media?parent=112496"}],"wp:term":[{"taxonomy":"product_brand","embeddable":true,"href":"https:\/\/www.fabioferro.eu\/de\/wp-json\/wp\/v2\/product_brand?post=112496"},{"taxonomy":"product_cat","embeddable":true,"href":"https:\/\/www.fabioferro.eu\/de\/wp-json\/wp\/v2\/product_cat?post=112496"},{"taxonomy":"product_tag","embeddable":true,"href":"https:\/\/www.fabioferro.eu\/de\/wp-json\/wp\/v2\/product_tag?post=112496"}],"curies":[{"name":"wp","href":"https:\/\/api.w.org\/{rel}","templated":true}]}}