{"id":112624,"date":"2022-06-01T20:28:59","date_gmt":"2022-06-01T18:28:59","guid":{"rendered":"https:\/\/www.fabioferro.eu\/ring-rue-des-mille-jungle-tribe-chevalier-herz-rot.html"},"modified":"2022-06-01T20:28:59","modified_gmt":"2022-06-01T18:28:59","slug":"ring-rue-des-mille-jungle-tribe-chevalier-herz-rot","status":"publish","type":"product","link":"https:\/\/www.fabioferro.eu\/de\/ring-rue-des-mille-jungle-tribe-chevalier-herz-rot.html","title":{"rendered":"Ring Rue des Mille Jungle Tribe Chevalier Herz Rot"},"content":{"rendered":"<p>Ring aus 925\/1000 Sterlingsilber mit 18-kar\u00e4tiger Vergoldung, Zirkonia und roter Emaille.<\/p>\n<p>Der Ring ist mit einem offenen Schaft versehen, so dass die Gr\u00f6\u00dfe durch leichtes Ziehen unabh\u00e4ngig eingestellt werden kann.<\/p>\n<p>Hergestellt in Italien.<\/p>\n<p>Mit offizieller Rue des Mille-Box und Garantie.<\/p>\n","protected":false},"excerpt":{"rendered":"<p>Sie entscheiden, wo, wie und wann Sie es tragen.<\/p>\n","protected":false},"featured_media":112632,"comment_status":"open","ping_status":"closed","template":"","meta":[],"product_brand":[205],"product_cat":[6207],"product_tag":[],"class_list":{"0":"post-112624","1":"product","2":"type-product","3":"status-publish","4":"has-post-thumbnail","6":"product_brand-rue-des-mille","7":"product_cat-ringe-rue-des-mille","9":"first","10":"outofstock","11":"sale","12":"taxable","13":"shipping-taxable","14":"purchasable","15":"product-type-simple"},"exclude_global_add_ons":[],"addons":[],"df_price":48,"df_sale_price":48,"df_regular_price":80,"df_image_link":"https:\/\/cdn02.fabioferro.eu\/wp-content\/uploads\/virtuemart\/product\/anello-rue-des-mille-cuore-jungle-tribe-anj-02-fr.jpg","_links":{"self":[{"href":"https:\/\/www.fabioferro.eu\/de\/wp-json\/wp\/v2\/product\/112624","targetHints":{"allow":["GET"]}}],"collection":[{"href":"https:\/\/www.fabioferro.eu\/de\/wp-json\/wp\/v2\/product"}],"about":[{"href":"https:\/\/www.fabioferro.eu\/de\/wp-json\/wp\/v2\/types\/product"}],"replies":[{"embeddable":true,"href":"https:\/\/www.fabioferro.eu\/de\/wp-json\/wp\/v2\/comments?post=112624"}],"version-history":[{"count":0,"href":"https:\/\/www.fabioferro.eu\/de\/wp-json\/wp\/v2\/product\/112624\/revisions"}],"wp:featuredmedia":[{"embeddable":true,"href":"https:\/\/www.fabioferro.eu\/de\/wp-json\/wp\/v2\/media\/112632"}],"wp:attachment":[{"href":"https:\/\/www.fabioferro.eu\/de\/wp-json\/wp\/v2\/media?parent=112624"}],"wp:term":[{"taxonomy":"product_brand","embeddable":true,"href":"https:\/\/www.fabioferro.eu\/de\/wp-json\/wp\/v2\/product_brand?post=112624"},{"taxonomy":"product_cat","embeddable":true,"href":"https:\/\/www.fabioferro.eu\/de\/wp-json\/wp\/v2\/product_cat?post=112624"},{"taxonomy":"product_tag","embeddable":true,"href":"https:\/\/www.fabioferro.eu\/de\/wp-json\/wp\/v2\/product_tag?post=112624"}],"curies":[{"name":"wp","href":"https:\/\/api.w.org\/{rel}","templated":true}]}}