{"id":112637,"date":"2022-06-01T20:28:55","date_gmt":"2022-06-01T18:28:55","guid":{"rendered":"https:\/\/www.fabioferro.eu\/valentina-ferragni-joy-baby-fluo-pink-und-limette-ohrringe.html"},"modified":"2022-06-01T20:28:55","modified_gmt":"2022-06-01T18:28:55","slug":"valentina-ferragni-joy-baby-fluo-pink-und-limette-ohrringe","status":"publish","type":"product","link":"https:\/\/www.fabioferro.eu\/de\/valentina-ferragni-joy-baby-fluo-pink-und-limette-ohrringe.html","title":{"rendered":"Valentina Ferragni Joy Baby Fluo Pink und Limette Ohrringe"},"content":{"rendered":"<p>Ohrringe aus 925\/1000 Silber.<\/p>\n<p>Fluoreszierendes Rosa und fluoreszierendes Gr\u00fcn.<\/p>\n<p>H\u00f6he cm.<\/p>\n<p>Hergestellt in Italien.<\/p>\n<p>Begleitet von der offiziellen Valentina Ferragni Studio Verpackung und Garantie.<\/p>\n","protected":false},"excerpt":{"rendered":"<p>Perfektion gibt es f\u00fcr jede Gr\u00f6\u00dfe, auch f\u00fcr die kleinste.<\/p>\n","protected":false},"featured_media":112646,"comment_status":"open","ping_status":"closed","template":"","meta":[],"product_brand":[206],"product_cat":[15],"product_tag":[7442],"class_list":{"0":"post-112637","1":"product","2":"type-product","3":"status-publish","4":"has-post-thumbnail","6":"product_brand-valentina-ferragni-studio","7":"product_cat-senza-categoria","8":"product_tag-verfugbar","9":"pa_collezione-valentina-ferragni-freude","11":"first","12":"outofstock","13":"sale","14":"taxable","15":"shipping-taxable","16":"purchasable","17":"product-type-simple"},"exclude_global_add_ons":[],"addons":[],"df_price":27.5,"df_sale_price":27.5,"df_regular_price":55,"df_image_link":"https:\/\/cdn02.fabioferro.eu\/wp-content\/uploads\/virtuemart\/product\/orecchini-valentina-ferragni-baby-joy-fluo-pink-lime-2.jpg","_links":{"self":[{"href":"https:\/\/www.fabioferro.eu\/de\/wp-json\/wp\/v2\/product\/112637","targetHints":{"allow":["GET"]}}],"collection":[{"href":"https:\/\/www.fabioferro.eu\/de\/wp-json\/wp\/v2\/product"}],"about":[{"href":"https:\/\/www.fabioferro.eu\/de\/wp-json\/wp\/v2\/types\/product"}],"replies":[{"embeddable":true,"href":"https:\/\/www.fabioferro.eu\/de\/wp-json\/wp\/v2\/comments?post=112637"}],"version-history":[{"count":0,"href":"https:\/\/www.fabioferro.eu\/de\/wp-json\/wp\/v2\/product\/112637\/revisions"}],"wp:featuredmedia":[{"embeddable":true,"href":"https:\/\/www.fabioferro.eu\/de\/wp-json\/wp\/v2\/media\/112646"}],"wp:attachment":[{"href":"https:\/\/www.fabioferro.eu\/de\/wp-json\/wp\/v2\/media?parent=112637"}],"wp:term":[{"taxonomy":"product_brand","embeddable":true,"href":"https:\/\/www.fabioferro.eu\/de\/wp-json\/wp\/v2\/product_brand?post=112637"},{"taxonomy":"product_cat","embeddable":true,"href":"https:\/\/www.fabioferro.eu\/de\/wp-json\/wp\/v2\/product_cat?post=112637"},{"taxonomy":"product_tag","embeddable":true,"href":"https:\/\/www.fabioferro.eu\/de\/wp-json\/wp\/v2\/product_tag?post=112637"}],"curies":[{"name":"wp","href":"https:\/\/api.w.org\/{rel}","templated":true}]}}