{"id":112655,"date":"2022-06-01T20:28:58","date_gmt":"2022-06-01T18:28:58","guid":{"rendered":"https:\/\/www.fabioferro.eu\/ring-rue-des-mille-jungle-tribe-chevalier-weisses-herz.html"},"modified":"2025-06-06T16:14:47","modified_gmt":"2025-06-06T14:14:47","slug":"ring-rue-des-mille-jungle-tribe-chevalier-weisses-herz","status":"publish","type":"product","link":"https:\/\/www.fabioferro.eu\/de\/ring-rue-des-mille-jungle-tribe-chevalier-weisses-herz.html","title":{"rendered":"Ring Rue des Mille Jungle Tribe Chevalier Wei\u00dfes Herz"},"content":{"rendered":"<p>Ring aus 925\/1000 Sterlingsilber, mit 18-kar\u00e4tiger Goldplattierung, Zirkonia und wei\u00dfer Emaille. Der Ring hat einen offenen Schaft, so dass die Gr\u00f6\u00dfe durch leichtes Ziehen unabh\u00e4ngig angepasst werden kann. Hergestellt in Italien. Mit offizieller Rue des Mille-Box und Garantie.<\/p>\n","protected":false},"excerpt":{"rendered":"<p>Sie entscheiden, wo, wie und wann Sie es tragen.<\/p>\n","protected":false},"featured_media":112660,"comment_status":"open","ping_status":"closed","template":"","meta":[],"product_brand":[205],"product_cat":[6207],"product_tag":[],"class_list":{"0":"post-112655","1":"product","2":"type-product","3":"status-publish","4":"has-post-thumbnail","6":"product_brand-rue-des-mille","7":"product_cat-ringe-rue-des-mille","9":"first","10":"outofstock","11":"sale","12":"taxable","13":"shipping-taxable","14":"purchasable","15":"product-type-simple"},"exclude_global_add_ons":[],"addons":[],"df_price":48,"df_sale_price":48,"df_regular_price":80,"df_image_link":"https:\/\/cdn02.fabioferro.eu\/wp-content\/uploads\/virtuemart\/product\/anello-rue-des-mille-cuore-anj-02-fb.jpg","_links":{"self":[{"href":"https:\/\/www.fabioferro.eu\/de\/wp-json\/wp\/v2\/product\/112655","targetHints":{"allow":["GET"]}}],"collection":[{"href":"https:\/\/www.fabioferro.eu\/de\/wp-json\/wp\/v2\/product"}],"about":[{"href":"https:\/\/www.fabioferro.eu\/de\/wp-json\/wp\/v2\/types\/product"}],"replies":[{"embeddable":true,"href":"https:\/\/www.fabioferro.eu\/de\/wp-json\/wp\/v2\/comments?post=112655"}],"version-history":[{"count":0,"href":"https:\/\/www.fabioferro.eu\/de\/wp-json\/wp\/v2\/product\/112655\/revisions"}],"wp:featuredmedia":[{"embeddable":true,"href":"https:\/\/www.fabioferro.eu\/de\/wp-json\/wp\/v2\/media\/112660"}],"wp:attachment":[{"href":"https:\/\/www.fabioferro.eu\/de\/wp-json\/wp\/v2\/media?parent=112655"}],"wp:term":[{"taxonomy":"product_brand","embeddable":true,"href":"https:\/\/www.fabioferro.eu\/de\/wp-json\/wp\/v2\/product_brand?post=112655"},{"taxonomy":"product_cat","embeddable":true,"href":"https:\/\/www.fabioferro.eu\/de\/wp-json\/wp\/v2\/product_cat?post=112655"},{"taxonomy":"product_tag","embeddable":true,"href":"https:\/\/www.fabioferro.eu\/de\/wp-json\/wp\/v2\/product_tag?post=112655"}],"curies":[{"name":"wp","href":"https:\/\/api.w.org\/{rel}","templated":true}]}}