{"id":112666,"date":"2022-06-01T20:28:51","date_gmt":"2022-06-01T18:28:51","guid":{"rendered":"https:\/\/www.fabioferro.eu\/valentina-ferragni-mia-weisser-ring-3.html"},"modified":"2024-10-30T10:02:12","modified_gmt":"2024-10-30T09:02:12","slug":"valentina-ferragni-mia-weisser-ring-3","status":"publish","type":"product","link":"https:\/\/www.fabioferro.eu\/de\/valentina-ferragni-mia-weisser-ring-3.html","title":{"rendered":"Valentina Ferragni Mia Wei\u00dfer Ring"},"content":{"rendered":"<p>Ring aus 925er gelbvergoldetem Sterlingsilber mit wei\u00dfer Emaille und wei\u00dfem Zirkonia. Handgefertigt in Italien. Wird von der offiziellen Valentina Ferragni Box und Garantie begleitet.<\/p>\n","protected":false},"excerpt":{"rendered":"<p>Der Ring ist denen gewidmet, die etwas zu bieten haben.<\/p>\n","protected":false},"featured_media":68094,"comment_status":"open","ping_status":"closed","template":"","meta":[],"product_brand":[206],"product_cat":[15],"product_tag":[7442],"class_list":{"0":"post-112666","1":"product","2":"type-product","3":"status-publish","4":"has-post-thumbnail","6":"product_brand-valentina-ferragni-studio","7":"product_cat-senza-categoria","8":"product_tag-verfugbar","9":"pa_collezione-valentina-ferragni-mia-de","11":"first","12":"outofstock","13":"sale","14":"taxable","15":"shipping-taxable","16":"purchasable","17":"product-type-variable","18":"has-default-attributes"},"exclude_global_add_ons":[],"addons":[],"df_price":90,"df_sale_price":"","df_regular_price":90,"df_image_link":"https:\/\/cdn02.fabioferro.eu\/wp-content\/uploads\/anello-valentina-ferragni-mia-white.jpeg","_links":{"self":[{"href":"https:\/\/www.fabioferro.eu\/de\/wp-json\/wp\/v2\/product\/112666","targetHints":{"allow":["GET"]}}],"collection":[{"href":"https:\/\/www.fabioferro.eu\/de\/wp-json\/wp\/v2\/product"}],"about":[{"href":"https:\/\/www.fabioferro.eu\/de\/wp-json\/wp\/v2\/types\/product"}],"replies":[{"embeddable":true,"href":"https:\/\/www.fabioferro.eu\/de\/wp-json\/wp\/v2\/comments?post=112666"}],"version-history":[{"count":0,"href":"https:\/\/www.fabioferro.eu\/de\/wp-json\/wp\/v2\/product\/112666\/revisions"}],"wp:featuredmedia":[{"embeddable":true,"href":"https:\/\/www.fabioferro.eu\/de\/wp-json\/wp\/v2\/media\/68094"}],"wp:attachment":[{"href":"https:\/\/www.fabioferro.eu\/de\/wp-json\/wp\/v2\/media?parent=112666"}],"wp:term":[{"taxonomy":"product_brand","embeddable":true,"href":"https:\/\/www.fabioferro.eu\/de\/wp-json\/wp\/v2\/product_brand?post=112666"},{"taxonomy":"product_cat","embeddable":true,"href":"https:\/\/www.fabioferro.eu\/de\/wp-json\/wp\/v2\/product_cat?post=112666"},{"taxonomy":"product_tag","embeddable":true,"href":"https:\/\/www.fabioferro.eu\/de\/wp-json\/wp\/v2\/product_tag?post=112666"}],"curies":[{"name":"wp","href":"https:\/\/api.w.org\/{rel}","templated":true}]}}