{"id":112748,"date":"2022-06-01T20:27:51","date_gmt":"2022-06-01T18:27:51","guid":{"rendered":"https:\/\/www.fabioferro.eu\/giovanni-raspini-cuoio-fili-armband.html"},"modified":"2025-06-06T15:54:27","modified_gmt":"2025-06-06T13:54:27","slug":"giovanni-raspini-cuoio-fili-armband","status":"publish","type":"product","link":"https:\/\/www.fabioferro.eu\/de\/giovanni-raspini-cuoio-fili-armband.html","title":{"rendered":"Giovanni Raspini Cuoio Fili Armband"},"content":{"rendered":"<p>Armband aus 925\/1000 Silber und schwarzem Leder, Gr\u00f6\u00dfe M, L\u00e4nge 19 cm, Gr\u00f6\u00dfe L, L\u00e4nge 21 cm, Karabinerverschluss mit Raspini-Logo, hergestellt in Italien, mit Garantie, Box und offiziellem Giovanni Raspini Shopper.<\/p>\n","protected":false},"excerpt":{"rendered":"<p>Schlichtheit und Eleganz sind das Gebot der Stunde.<\/p>\n","protected":false},"featured_media":112761,"comment_status":"open","ping_status":"closed","template":"","meta":[],"product_brand":[155],"product_cat":[7597],"product_tag":[],"class_list":{"0":"post-112748","1":"product","2":"type-product","3":"status-publish","4":"has-post-thumbnail","6":"product_brand-raspini","7":"product_cat-armbander-giovanni-raspini-manner","9":"first","10":"instock","11":"sale","12":"taxable","13":"shipping-taxable","14":"purchasable","15":"product-type-variable","16":"has-default-attributes"},"exclude_global_add_ons":[],"addons":[],"df_price":157.5,"df_sale_price":"","df_regular_price":157.5,"df_image_link":"https:\/\/cdn02.fabioferro.eu\/wp-content\/uploads\/virtuemart\/product\/bracciale-giovanni-raspini-cuoio-fili-11355.jpg","_links":{"self":[{"href":"https:\/\/www.fabioferro.eu\/de\/wp-json\/wp\/v2\/product\/112748","targetHints":{"allow":["GET"]}}],"collection":[{"href":"https:\/\/www.fabioferro.eu\/de\/wp-json\/wp\/v2\/product"}],"about":[{"href":"https:\/\/www.fabioferro.eu\/de\/wp-json\/wp\/v2\/types\/product"}],"replies":[{"embeddable":true,"href":"https:\/\/www.fabioferro.eu\/de\/wp-json\/wp\/v2\/comments?post=112748"}],"version-history":[{"count":0,"href":"https:\/\/www.fabioferro.eu\/de\/wp-json\/wp\/v2\/product\/112748\/revisions"}],"wp:featuredmedia":[{"embeddable":true,"href":"https:\/\/www.fabioferro.eu\/de\/wp-json\/wp\/v2\/media\/112761"}],"wp:attachment":[{"href":"https:\/\/www.fabioferro.eu\/de\/wp-json\/wp\/v2\/media?parent=112748"}],"wp:term":[{"taxonomy":"product_brand","embeddable":true,"href":"https:\/\/www.fabioferro.eu\/de\/wp-json\/wp\/v2\/product_brand?post=112748"},{"taxonomy":"product_cat","embeddable":true,"href":"https:\/\/www.fabioferro.eu\/de\/wp-json\/wp\/v2\/product_cat?post=112748"},{"taxonomy":"product_tag","embeddable":true,"href":"https:\/\/www.fabioferro.eu\/de\/wp-json\/wp\/v2\/product_tag?post=112748"}],"curies":[{"name":"wp","href":"https:\/\/api.w.org\/{rel}","templated":true}]}}