{"id":112792,"date":"2022-06-01T20:26:59","date_gmt":"2022-06-01T18:26:59","guid":{"rendered":"https:\/\/www.fabioferro.eu\/giovanni-raspini-rosa-dei-venti-schluesselanhaenger.html"},"modified":"2026-05-11T15:45:34","modified_gmt":"2026-05-11T13:45:34","slug":"giovanni-raspini-rosa-dei-venti-schluesselanhaenger","status":"publish","type":"product","link":"https:\/\/www.fabioferro.eu\/de\/giovanni-raspini-rosa-dei-venti-schluesselanhaenger.html","title":{"rendered":"Giovanni Raspini Rosa dei Venti Schl\u00fcsselanh\u00e4nger"},"content":{"rendered":"<p>Schl\u00fcsselanh\u00e4nger aus 925er Sterlingsilber.<\/p>\n<p>Verdeckte Schlie\u00dfe.<\/p>\n<p>Handgefertigt, hergestellt in Italien.<\/p>\n<p>Mit offizieller Giovanni Raspini Box und Garantie.<\/p>\n","protected":false},"excerpt":{"rendered":"<p>F\u00fcr jeden Abenteurer ist es wichtig zu wissen, wohin er gehen muss.<\/p>\n","protected":false},"featured_media":112807,"comment_status":"open","ping_status":"closed","template":"","meta":[],"product_brand":[],"product_cat":[7809,7829,7819],"product_tag":[7442],"class_list":{"0":"post-112792","1":"product","2":"type-product","3":"status-publish","4":"has-post-thumbnail","6":"product_cat-do-it-yourself-schmuck-giovanni-raspini","7":"product_cat-giovanni-raspini-schlusselanhanger","8":"product_cat-outlet-schmuck","9":"product_tag-verfugbar","11":"first","12":"instock","13":"sale","14":"taxable","15":"shipping-taxable","16":"purchasable","17":"product-type-simple"},"exclude_global_add_ons":[],"addons":[],"df_price":148.5,"df_sale_price":148.5,"df_regular_price":165,"df_image_link":"https:\/\/cdn02.fabioferro.eu\/wp-content\/uploads\/virtuemart\/product\/portachiavi-giovanni-raspini-rosa-dei-venti-11304-1.jpg","_links":{"self":[{"href":"https:\/\/www.fabioferro.eu\/de\/wp-json\/wp\/v2\/product\/112792","targetHints":{"allow":["GET"]}}],"collection":[{"href":"https:\/\/www.fabioferro.eu\/de\/wp-json\/wp\/v2\/product"}],"about":[{"href":"https:\/\/www.fabioferro.eu\/de\/wp-json\/wp\/v2\/types\/product"}],"replies":[{"embeddable":true,"href":"https:\/\/www.fabioferro.eu\/de\/wp-json\/wp\/v2\/comments?post=112792"}],"version-history":[{"count":1,"href":"https:\/\/www.fabioferro.eu\/de\/wp-json\/wp\/v2\/product\/112792\/revisions"}],"predecessor-version":[{"id":219581,"href":"https:\/\/www.fabioferro.eu\/de\/wp-json\/wp\/v2\/product\/112792\/revisions\/219581"}],"wp:featuredmedia":[{"embeddable":true,"href":"https:\/\/www.fabioferro.eu\/de\/wp-json\/wp\/v2\/media\/112807"}],"wp:attachment":[{"href":"https:\/\/www.fabioferro.eu\/de\/wp-json\/wp\/v2\/media?parent=112792"}],"wp:term":[{"taxonomy":"product_brand","embeddable":true,"href":"https:\/\/www.fabioferro.eu\/de\/wp-json\/wp\/v2\/product_brand?post=112792"},{"taxonomy":"product_cat","embeddable":true,"href":"https:\/\/www.fabioferro.eu\/de\/wp-json\/wp\/v2\/product_cat?post=112792"},{"taxonomy":"product_tag","embeddable":true,"href":"https:\/\/www.fabioferro.eu\/de\/wp-json\/wp\/v2\/product_tag?post=112792"}],"curies":[{"name":"wp","href":"https:\/\/api.w.org\/{rel}","templated":true}]}}