{"id":112854,"date":"2022-06-01T20:27:19","date_gmt":"2022-06-01T18:27:19","guid":{"rendered":"https:\/\/www.fabioferro.eu\/giovanni-raspini-tango-agata-armband.html"},"modified":"2025-03-13T10:36:35","modified_gmt":"2025-03-13T09:36:35","slug":"giovanni-raspini-tango-agata-armband","status":"publish","type":"product","link":"https:\/\/www.fabioferro.eu\/de\/giovanni-raspini-tango-agata-armband.html","title":{"rendered":"Giovanni Raspini Tango Agata Armband"},"content":{"rendered":"<p>Armband aus 925er Silber und Achat.<\/p>\n<p>L\u00e4nge 20 cm bei Gr\u00f6\u00dfe M und 22 cm bei Gr\u00f6\u00dfe L, verstellbar.<\/p>\n<p>Handgefertigt, made in Italy.<\/p>\n<p>Mit offizieller Giovanni Raspini Box und Garantie.<\/p>\n","protected":false},"excerpt":{"rendered":"<p>Kleine Silberelemente wechseln sich wie von Zauberhand mit Aggregaten ab.<\/p>\n","protected":false},"featured_media":112869,"comment_status":"open","ping_status":"closed","template":"","meta":[],"product_brand":[155],"product_cat":[7597],"product_tag":[],"class_list":{"0":"post-112854","1":"product","2":"type-product","3":"status-publish","4":"has-post-thumbnail","6":"product_brand-raspini","7":"product_cat-armbander-giovanni-raspini-manner","9":"first","10":"instock","11":"sale","12":"taxable","13":"shipping-taxable","14":"purchasable","15":"product-type-variable","16":"has-default-attributes"},"exclude_global_add_ons":[],"addons":[],"df_price":130.5,"df_sale_price":"","df_regular_price":130.5,"df_image_link":"https:\/\/cdn02.fabioferro.eu\/wp-content\/uploads\/virtuemart\/product\/bracciale-giovanni-raspini-tango-agata-11365.jpg","_links":{"self":[{"href":"https:\/\/www.fabioferro.eu\/de\/wp-json\/wp\/v2\/product\/112854","targetHints":{"allow":["GET"]}}],"collection":[{"href":"https:\/\/www.fabioferro.eu\/de\/wp-json\/wp\/v2\/product"}],"about":[{"href":"https:\/\/www.fabioferro.eu\/de\/wp-json\/wp\/v2\/types\/product"}],"replies":[{"embeddable":true,"href":"https:\/\/www.fabioferro.eu\/de\/wp-json\/wp\/v2\/comments?post=112854"}],"version-history":[{"count":0,"href":"https:\/\/www.fabioferro.eu\/de\/wp-json\/wp\/v2\/product\/112854\/revisions"}],"wp:featuredmedia":[{"embeddable":true,"href":"https:\/\/www.fabioferro.eu\/de\/wp-json\/wp\/v2\/media\/112869"}],"wp:attachment":[{"href":"https:\/\/www.fabioferro.eu\/de\/wp-json\/wp\/v2\/media?parent=112854"}],"wp:term":[{"taxonomy":"product_brand","embeddable":true,"href":"https:\/\/www.fabioferro.eu\/de\/wp-json\/wp\/v2\/product_brand?post=112854"},{"taxonomy":"product_cat","embeddable":true,"href":"https:\/\/www.fabioferro.eu\/de\/wp-json\/wp\/v2\/product_cat?post=112854"},{"taxonomy":"product_tag","embeddable":true,"href":"https:\/\/www.fabioferro.eu\/de\/wp-json\/wp\/v2\/product_tag?post=112854"}],"curies":[{"name":"wp","href":"https:\/\/api.w.org\/{rel}","templated":true}]}}