{"id":112874,"date":"2022-06-01T20:27:22","date_gmt":"2022-06-01T18:27:22","guid":{"rendered":"https:\/\/www.fabioferro.eu\/giovanni-raspini-tango-armband-bullauge-20-cm.html"},"modified":"2025-06-06T15:59:46","modified_gmt":"2025-06-06T13:59:46","slug":"giovanni-raspini-tango-armband-bullauge-20-cm","status":"publish","type":"product","link":"https:\/\/www.fabioferro.eu\/de\/giovanni-raspini-tango-armband-bullauge-20-cm.html","title":{"rendered":"Giovanni Raspini Tango Armband Bullauge 20 cm"},"content":{"rendered":"<p>Armband aus 925er Silber und Bullenquarz. L\u00e4nge 20 cm verstellbar f\u00fcr Gr\u00f6\u00dfe M, 21 cm f\u00fcr Gr\u00f6\u00dfe L. Handgefertigt, made in Italy. Wird von der offiziellen Giovanni Raspini Box und Garantie begleitet.<\/p>\n","protected":false},"excerpt":{"rendered":"<p>Wie von Zauberhand wechseln sich kleine Silberelemente mit Bullenaugenquarz ab.<\/p>\n","protected":false},"featured_media":112880,"comment_status":"open","ping_status":"closed","template":"","meta":[],"product_brand":[155],"product_cat":[7597],"product_tag":[],"class_list":{"0":"post-112874","1":"product","2":"type-product","3":"status-publish","4":"has-post-thumbnail","6":"product_brand-raspini","7":"product_cat-armbander-giovanni-raspini-manner","9":"first","10":"instock","11":"sale","12":"taxable","13":"shipping-taxable","14":"purchasable","15":"product-type-variable","16":"has-default-attributes"},"exclude_global_add_ons":[],"addons":[],"df_price":144,"df_sale_price":"","df_regular_price":144,"df_image_link":"https:\/\/cdn02.fabioferro.eu\/wp-content\/uploads\/virtuemart\/product\/bracciale-giovanni-raspini-tango-occhio-di-toro-11368.jpg","_links":{"self":[{"href":"https:\/\/www.fabioferro.eu\/de\/wp-json\/wp\/v2\/product\/112874","targetHints":{"allow":["GET"]}}],"collection":[{"href":"https:\/\/www.fabioferro.eu\/de\/wp-json\/wp\/v2\/product"}],"about":[{"href":"https:\/\/www.fabioferro.eu\/de\/wp-json\/wp\/v2\/types\/product"}],"replies":[{"embeddable":true,"href":"https:\/\/www.fabioferro.eu\/de\/wp-json\/wp\/v2\/comments?post=112874"}],"version-history":[{"count":0,"href":"https:\/\/www.fabioferro.eu\/de\/wp-json\/wp\/v2\/product\/112874\/revisions"}],"wp:featuredmedia":[{"embeddable":true,"href":"https:\/\/www.fabioferro.eu\/de\/wp-json\/wp\/v2\/media\/112880"}],"wp:attachment":[{"href":"https:\/\/www.fabioferro.eu\/de\/wp-json\/wp\/v2\/media?parent=112874"}],"wp:term":[{"taxonomy":"product_brand","embeddable":true,"href":"https:\/\/www.fabioferro.eu\/de\/wp-json\/wp\/v2\/product_brand?post=112874"},{"taxonomy":"product_cat","embeddable":true,"href":"https:\/\/www.fabioferro.eu\/de\/wp-json\/wp\/v2\/product_cat?post=112874"},{"taxonomy":"product_tag","embeddable":true,"href":"https:\/\/www.fabioferro.eu\/de\/wp-json\/wp\/v2\/product_tag?post=112874"}],"curies":[{"name":"wp","href":"https:\/\/api.w.org\/{rel}","templated":true}]}}