{"id":113003,"date":"2022-06-01T20:26:05","date_gmt":"2022-06-01T18:26:05","guid":{"rendered":"https:\/\/www.fabioferro.eu\/giovanni-raspini-schmetterlings-anhaenger-halskette.html"},"modified":"2025-03-13T10:35:44","modified_gmt":"2025-03-13T09:35:44","slug":"giovanni-raspini-schmetterlings-anhaenger-halskette","status":"publish","type":"product","link":"https:\/\/www.fabioferro.eu\/de\/giovanni-raspini-schmetterlings-anhaenger-halskette.html","title":{"rendered":"Giovanni Raspini Schmetterlings-Anh\u00e4nger-Halskette"},"content":{"rendered":"<p>Halskette aus 925\/1000 Silber mit Perlmutt und hydrothermalem Quarz.<\/p>\n<p>Kettenl\u00e4nge 45 cm. L\u00e4nge des Anh\u00e4ngers 5,5 cm.<\/p>\n<p>Verschluss mit Karabinerhaken.<\/p>\n<p>Handgefertigt, hergestellt in Italien.<\/p>\n<p>Begleitet von der offiziellen Giovanni Raspini Box und Garantie.<\/p>\n","protected":false},"excerpt":{"rendered":"<p>Liebe zu Schmetterlingen, Liebe zur Natur, bis ans Ende der Zeit.<\/p>\n","protected":false},"featured_media":113008,"comment_status":"open","ping_status":"closed","template":"","meta":[],"product_brand":[155],"product_cat":[7568],"product_tag":[],"class_list":{"0":"post-113003","1":"product","2":"type-product","3":"status-publish","4":"has-post-thumbnail","6":"product_brand-raspini","7":"product_cat-giovanni-raspini-halsketten","9":"first","10":"instock","11":"sale","12":"taxable","13":"shipping-taxable","14":"purchasable","15":"product-type-simple"},"exclude_global_add_ons":[],"addons":[],"df_price":288,"df_sale_price":288,"df_regular_price":320,"df_image_link":"https:\/\/cdn02.fabioferro.eu\/wp-content\/uploads\/virtuemart\/product\/collana-giovanni-raspini-pendente-butterfly-11382.jpg","_links":{"self":[{"href":"https:\/\/www.fabioferro.eu\/de\/wp-json\/wp\/v2\/product\/113003","targetHints":{"allow":["GET"]}}],"collection":[{"href":"https:\/\/www.fabioferro.eu\/de\/wp-json\/wp\/v2\/product"}],"about":[{"href":"https:\/\/www.fabioferro.eu\/de\/wp-json\/wp\/v2\/types\/product"}],"replies":[{"embeddable":true,"href":"https:\/\/www.fabioferro.eu\/de\/wp-json\/wp\/v2\/comments?post=113003"}],"version-history":[{"count":0,"href":"https:\/\/www.fabioferro.eu\/de\/wp-json\/wp\/v2\/product\/113003\/revisions"}],"wp:featuredmedia":[{"embeddable":true,"href":"https:\/\/www.fabioferro.eu\/de\/wp-json\/wp\/v2\/media\/113008"}],"wp:attachment":[{"href":"https:\/\/www.fabioferro.eu\/de\/wp-json\/wp\/v2\/media?parent=113003"}],"wp:term":[{"taxonomy":"product_brand","embeddable":true,"href":"https:\/\/www.fabioferro.eu\/de\/wp-json\/wp\/v2\/product_brand?post=113003"},{"taxonomy":"product_cat","embeddable":true,"href":"https:\/\/www.fabioferro.eu\/de\/wp-json\/wp\/v2\/product_cat?post=113003"},{"taxonomy":"product_tag","embeddable":true,"href":"https:\/\/www.fabioferro.eu\/de\/wp-json\/wp\/v2\/product_tag?post=113003"}],"curies":[{"name":"wp","href":"https:\/\/api.w.org\/{rel}","templated":true}]}}