{"id":113271,"date":"2022-06-01T20:22:52","date_gmt":"2022-06-01T18:22:52","guid":{"rendered":"https:\/\/www.fabioferro.eu\/fope-weissgold-manschettenknoepfe.html"},"modified":"2026-01-09T16:27:03","modified_gmt":"2026-01-09T15:27:03","slug":"fope-weissgold-manschettenknoepfe","status":"publish","type":"product","link":"https:\/\/www.fabioferro.eu\/de\/fope-weissgold-manschettenknoepfe.html","title":{"rendered":"Fope Wei\u00dfgold Manschettenkn\u00f6pfe"},"content":{"rendered":"<p>Fope Manschettenkn\u00f6pfe f\u00fcr Herren aus 18 Karat Gold. Die einfache und praktische Feder erm\u00f6glicht ein schnelles und einfaches Einstecken. Handgefertigt in Italien. Mit offizieller Fope Box und Garantie.<\/p>\n","protected":false},"excerpt":{"rendered":"<p>Mit Fope Uomo h\u00f6rt die Eleganz nie auf.<\/p>\n","protected":false},"featured_media":113281,"comment_status":"open","ping_status":"closed","template":"","meta":[],"product_brand":[154],"product_cat":[6187],"product_tag":[7551,7442],"class_list":{"0":"post-113271","1":"product","2":"type-product","3":"status-publish","4":"has-post-thumbnail","6":"product_brand-fope","7":"product_cat-fope-herrenschmuck","8":"product_tag-ausschlusse","9":"product_tag-verfugbar","11":"first","12":"instock","13":"sale","14":"taxable","15":"shipping-taxable","16":"purchasable","17":"product-type-simple"},"exclude_global_add_ons":[],"addons":[],"df_price":2190,"df_sale_price":2190,"df_regular_price":3170,"df_image_link":"https:\/\/cdn02.fabioferro.eu\/wp-content\/uploads\/virtuemart\/product\/gemelli-fope-g10.jpg","_links":{"self":[{"href":"https:\/\/www.fabioferro.eu\/de\/wp-json\/wp\/v2\/product\/113271","targetHints":{"allow":["GET"]}}],"collection":[{"href":"https:\/\/www.fabioferro.eu\/de\/wp-json\/wp\/v2\/product"}],"about":[{"href":"https:\/\/www.fabioferro.eu\/de\/wp-json\/wp\/v2\/types\/product"}],"replies":[{"embeddable":true,"href":"https:\/\/www.fabioferro.eu\/de\/wp-json\/wp\/v2\/comments?post=113271"}],"version-history":[{"count":1,"href":"https:\/\/www.fabioferro.eu\/de\/wp-json\/wp\/v2\/product\/113271\/revisions"}],"predecessor-version":[{"id":206604,"href":"https:\/\/www.fabioferro.eu\/de\/wp-json\/wp\/v2\/product\/113271\/revisions\/206604"}],"wp:featuredmedia":[{"embeddable":true,"href":"https:\/\/www.fabioferro.eu\/de\/wp-json\/wp\/v2\/media\/113281"}],"wp:attachment":[{"href":"https:\/\/www.fabioferro.eu\/de\/wp-json\/wp\/v2\/media?parent=113271"}],"wp:term":[{"taxonomy":"product_brand","embeddable":true,"href":"https:\/\/www.fabioferro.eu\/de\/wp-json\/wp\/v2\/product_brand?post=113271"},{"taxonomy":"product_cat","embeddable":true,"href":"https:\/\/www.fabioferro.eu\/de\/wp-json\/wp\/v2\/product_cat?post=113271"},{"taxonomy":"product_tag","embeddable":true,"href":"https:\/\/www.fabioferro.eu\/de\/wp-json\/wp\/v2\/product_tag?post=113271"}],"curies":[{"name":"wp","href":"https:\/\/api.w.org\/{rel}","templated":true}]}}