{"id":113321,"date":"2022-06-01T20:23:00","date_gmt":"2022-06-01T18:23:00","guid":{"rendered":"https:\/\/www.fabioferro.eu\/valentina-ferragni-funkelndes-violettes-fusskettchen-armband.html"},"modified":"2022-06-01T20:23:00","modified_gmt":"2022-06-01T18:23:00","slug":"valentina-ferragni-funkelndes-violettes-fusskettchen-armband","status":"publish","type":"product","link":"https:\/\/www.fabioferro.eu\/de\/valentina-ferragni-funkelndes-violettes-fusskettchen-armband.html","title":{"rendered":"Valentina Ferragni Funkelndes Violettes Fu\u00dfkettchen Armband"},"content":{"rendered":"<p>Armband\/Kn\u00f6chel aus 925\/1000 Sterlingsilber, ros\u00e9vergoldet.<\/p>\n<p>Hergestellt aus 100 % nachhaltigem Garn.<\/p>\n<p><span style=\"background-color: inherit; color: inherit; caret-color: auto;\">Eingebettete Zirkone auf dem V.<\/span><\/p>\n<p><span style=\"background-color: inherit; color: inherit; caret-color: auto;\">L\u00e4nge 30 cm einstellbar.<\/span><\/p>\n<p>Hergestellt in Italien.<\/p>\n<p>Begleitet von der offiziellen Valentina Ferragni Studio Garantie und Verpackung.<\/p>\n","protected":false},"excerpt":{"rendered":"<p>W\u00e4hlen Sie, wie und wo Sie dieses Modeschmuckst\u00fcck tragen m\u00f6chten, am Kn\u00f6chel oder am Handgelenk?<\/p>\n","protected":false},"featured_media":113329,"comment_status":"open","ping_status":"closed","template":"","meta":[],"product_brand":[206],"product_cat":[15],"product_tag":[],"class_list":{"0":"post-113321","1":"product","2":"type-product","3":"status-publish","4":"has-post-thumbnail","6":"product_brand-valentina-ferragni-studio","7":"product_cat-senza-categoria","9":"first","10":"outofstock","11":"sale","12":"taxable","13":"shipping-taxable","14":"purchasable","15":"product-type-simple"},"exclude_global_add_ons":[],"addons":[],"df_price":24,"df_sale_price":24,"df_regular_price":48,"df_image_link":"https:\/\/cdn02.fabioferro.eu\/wp-content\/uploads\/virtuemart\/product\/bracciale-valentina-ferragni-sparkling-violet-cav-06.jpg","_links":{"self":[{"href":"https:\/\/www.fabioferro.eu\/de\/wp-json\/wp\/v2\/product\/113321","targetHints":{"allow":["GET"]}}],"collection":[{"href":"https:\/\/www.fabioferro.eu\/de\/wp-json\/wp\/v2\/product"}],"about":[{"href":"https:\/\/www.fabioferro.eu\/de\/wp-json\/wp\/v2\/types\/product"}],"replies":[{"embeddable":true,"href":"https:\/\/www.fabioferro.eu\/de\/wp-json\/wp\/v2\/comments?post=113321"}],"version-history":[{"count":0,"href":"https:\/\/www.fabioferro.eu\/de\/wp-json\/wp\/v2\/product\/113321\/revisions"}],"wp:featuredmedia":[{"embeddable":true,"href":"https:\/\/www.fabioferro.eu\/de\/wp-json\/wp\/v2\/media\/113329"}],"wp:attachment":[{"href":"https:\/\/www.fabioferro.eu\/de\/wp-json\/wp\/v2\/media?parent=113321"}],"wp:term":[{"taxonomy":"product_brand","embeddable":true,"href":"https:\/\/www.fabioferro.eu\/de\/wp-json\/wp\/v2\/product_brand?post=113321"},{"taxonomy":"product_cat","embeddable":true,"href":"https:\/\/www.fabioferro.eu\/de\/wp-json\/wp\/v2\/product_cat?post=113321"},{"taxonomy":"product_tag","embeddable":true,"href":"https:\/\/www.fabioferro.eu\/de\/wp-json\/wp\/v2\/product_tag?post=113321"}],"curies":[{"name":"wp","href":"https:\/\/api.w.org\/{rel}","templated":true}]}}