{"id":113436,"date":"2022-06-01T20:22:34","date_gmt":"2022-06-01T18:22:34","guid":{"rendered":"https:\/\/www.fabioferro.eu\/ti-sento-milano-zirkoni-cipollina-halskette.html"},"modified":"2024-10-30T10:01:11","modified_gmt":"2024-10-30T09:01:11","slug":"ti-sento-milano-zirkoni-cipollina-halskette","status":"publish","type":"product","link":"https:\/\/www.fabioferro.eu\/de\/ti-sento-milano-zirkoni-cipollina-halskette.html","title":{"rendered":"Ti Sento Milano Zirkoni Cipollina Halskette"},"content":{"rendered":"<p>Halskette aus 925\/1000 Silber. Die L\u00e4nge ist dank der speziellen Ringe zwischen 42 und 90 cm verstellbar. Praktischer und bequemer Karabinerverschluss. Wird mit Box und offizieller Ti Sento Milano Garantie geliefert.<\/p>\n","protected":false},"excerpt":{"rendered":"<p>Elegant, angenehm zu tragen, aber vor allem anpassungsf\u00e4hig Spielen Sie mit Gr\u00f6\u00dfen, eine pro Gelegenheit.<\/p>\n","protected":false},"featured_media":113443,"comment_status":"open","ping_status":"closed","template":"","meta":[],"product_brand":[],"product_cat":[6090],"product_tag":[],"class_list":{"0":"post-113436","1":"product","2":"type-product","3":"status-publish","4":"has-post-thumbnail","6":"product_cat-ti-sento-milano-halsketten","8":"first","9":"instock","10":"sale","11":"taxable","12":"shipping-taxable","13":"purchasable","14":"product-type-simple"},"exclude_global_add_ons":[],"addons":[],"df_price":71.1,"df_sale_price":71.1,"df_regular_price":79,"df_image_link":"https:\/\/cdn02.fabioferro.eu\/wp-content\/uploads\/collana-ti-sento-milano-tiffany-ti-sento-milano-argento-zirconi-3978zi.jpg","_links":{"self":[{"href":"https:\/\/www.fabioferro.eu\/de\/wp-json\/wp\/v2\/product\/113436","targetHints":{"allow":["GET"]}}],"collection":[{"href":"https:\/\/www.fabioferro.eu\/de\/wp-json\/wp\/v2\/product"}],"about":[{"href":"https:\/\/www.fabioferro.eu\/de\/wp-json\/wp\/v2\/types\/product"}],"replies":[{"embeddable":true,"href":"https:\/\/www.fabioferro.eu\/de\/wp-json\/wp\/v2\/comments?post=113436"}],"version-history":[{"count":0,"href":"https:\/\/www.fabioferro.eu\/de\/wp-json\/wp\/v2\/product\/113436\/revisions"}],"wp:featuredmedia":[{"embeddable":true,"href":"https:\/\/www.fabioferro.eu\/de\/wp-json\/wp\/v2\/media\/113443"}],"wp:attachment":[{"href":"https:\/\/www.fabioferro.eu\/de\/wp-json\/wp\/v2\/media?parent=113436"}],"wp:term":[{"taxonomy":"product_brand","embeddable":true,"href":"https:\/\/www.fabioferro.eu\/de\/wp-json\/wp\/v2\/product_brand?post=113436"},{"taxonomy":"product_cat","embeddable":true,"href":"https:\/\/www.fabioferro.eu\/de\/wp-json\/wp\/v2\/product_cat?post=113436"},{"taxonomy":"product_tag","embeddable":true,"href":"https:\/\/www.fabioferro.eu\/de\/wp-json\/wp\/v2\/product_tag?post=113436"}],"curies":[{"name":"wp","href":"https:\/\/api.w.org\/{rel}","templated":true}]}}