{"id":113437,"date":"2022-06-01T20:22:06","date_gmt":"2022-06-01T18:22:06","guid":{"rendered":"https:\/\/www.fabioferro.eu\/festina-ceramic-blue-rubber-44-mm-uhr.html"},"modified":"2022-06-01T20:22:06","modified_gmt":"2022-06-01T18:22:06","slug":"festina-ceramic-blue-rubber-44-mm-uhr","status":"publish","type":"product","link":"https:\/\/www.fabioferro.eu\/de\/festina-ceramic-blue-rubber-44-mm-uhr.html","title":{"rendered":"Festina Ceramic Blue Rubber 44 mm Uhr"},"content":{"rendered":"<p>Uhr mit Quarzwerk.<\/p>\n<p>Geh\u00e4use aus plattiertem Stahl, Durchmesser 44 mm, Dicke 12,35 mm. Wasserdicht bis zu 10 bar\/100 Meter.<\/p>\n<p>Antireflektierendes Saphirglas.<\/p>\n<p>Zifferblatt mit spezieller Textur, Logo bei 12 Uhr und Datumsfenster bei 4 Uhr.<\/p>\n<p>Blaues Kautschukband, Abstand zwischen den Anst\u00f6\u00dfen 22 mm. Schlie\u00dfe mit Dornschlie\u00dfe.<\/p>\n<p>Mit offizieller Verpackung und Garantie von Festina.<\/p>\n","protected":false},"excerpt":{"rendered":"<p>Uhr mit Quarzwerk. Geh\u00e4use aus plattiertem Stahl, Durchmesser 44 mm, Dicke 12,35 mm. Wasserdicht bis zu 10 bar\/100 Meter. Antireflektierendes Saphirglas. Zifferblatt mit spezieller Textur, Logo bei 12 Uhr und Datumsfenster bei 4 Uhr. Blaues Kautschukband, Abstand zwischen den Anst\u00f6\u00dfen 22 mm. Schlie\u00dfe mit Dornschlie\u00dfe. Mit offizieller Verpackung und Garantie von Festina.<\/p>\n","protected":false},"featured_media":113445,"comment_status":"open","ping_status":"closed","template":"","meta":[],"product_brand":[171],"product_cat":[5998],"product_tag":[],"class_list":{"0":"post-113437","1":"product","2":"type-product","3":"status-publish","4":"has-post-thumbnail","6":"product_brand-festina","7":"product_cat-festina-herrenuhren","9":"first","10":"outofstock","11":"sale","12":"taxable","13":"shipping-taxable","14":"purchasable","15":"product-type-simple"},"exclude_global_add_ons":[],"addons":[],"df_price":159.2,"df_sale_price":159.2,"df_regular_price":199,"df_image_link":"https:\/\/cdn02.fabioferro.eu\/wp-content\/uploads\/virtuemart\/product\/orologio-festina-chrono-sport-uomo-f20516-1.jpg","_links":{"self":[{"href":"https:\/\/www.fabioferro.eu\/de\/wp-json\/wp\/v2\/product\/113437","targetHints":{"allow":["GET"]}}],"collection":[{"href":"https:\/\/www.fabioferro.eu\/de\/wp-json\/wp\/v2\/product"}],"about":[{"href":"https:\/\/www.fabioferro.eu\/de\/wp-json\/wp\/v2\/types\/product"}],"replies":[{"embeddable":true,"href":"https:\/\/www.fabioferro.eu\/de\/wp-json\/wp\/v2\/comments?post=113437"}],"version-history":[{"count":0,"href":"https:\/\/www.fabioferro.eu\/de\/wp-json\/wp\/v2\/product\/113437\/revisions"}],"wp:featuredmedia":[{"embeddable":true,"href":"https:\/\/www.fabioferro.eu\/de\/wp-json\/wp\/v2\/media\/113445"}],"wp:attachment":[{"href":"https:\/\/www.fabioferro.eu\/de\/wp-json\/wp\/v2\/media?parent=113437"}],"wp:term":[{"taxonomy":"product_brand","embeddable":true,"href":"https:\/\/www.fabioferro.eu\/de\/wp-json\/wp\/v2\/product_brand?post=113437"},{"taxonomy":"product_cat","embeddable":true,"href":"https:\/\/www.fabioferro.eu\/de\/wp-json\/wp\/v2\/product_cat?post=113437"},{"taxonomy":"product_tag","embeddable":true,"href":"https:\/\/www.fabioferro.eu\/de\/wp-json\/wp\/v2\/product_tag?post=113437"}],"curies":[{"name":"wp","href":"https:\/\/api.w.org\/{rel}","templated":true}]}}