{"id":113447,"date":"2022-06-01T20:22:21","date_gmt":"2022-06-01T18:22:21","guid":{"rendered":"https:\/\/www.fabioferro.eu\/festina-classics-uhr-weiss-stahl-vergoldete-indexe.html"},"modified":"2022-06-01T20:22:21","modified_gmt":"2022-06-01T18:22:21","slug":"festina-classics-uhr-weiss-stahl-vergoldete-indexe","status":"publish","type":"product","link":"https:\/\/www.fabioferro.eu\/de\/festina-classics-uhr-weiss-stahl-vergoldete-indexe.html","title":{"rendered":"Festina Classics Uhr Wei\u00df Stahl vergoldete Indexe"},"content":{"rendered":"<p>Uhr aus rostfreiem Stahl.<\/p>\n<p>Geh\u00e4usedurchmesser 31 mm, Dicke 8 7,3 m.<\/p>\n<p>Quarzwerk.<\/p>\n<p>Wei\u00dfes Zifferblatt, Stundenmarkierungen mit rosa arabischen Ziffern.<\/p>\n<p>Stahlarmband mit Faltschlie\u00dfe.<\/p>\n<p>Geh\u00e4rtetes Mineralglas.<\/p>\n<p>Mit Verpackung und Garantie von Festina.<\/p>\n","protected":false},"excerpt":{"rendered":"<p>Uhr aus rostfreiem Stahl. Geh\u00e4usedurchmesser 31 mm, Dicke 8 7,3 m. Quarzwerk. Wei\u00dfes Zifferblatt, Stundenmarkierungen mit rosa arabischen Ziffern. Stahlarmband mit Faltschlie\u00dfe. Geh\u00e4rtetes Mineralglas. Mit Verpackung und Garantie von Festina.<\/p>\n","protected":false},"featured_media":113453,"comment_status":"open","ping_status":"closed","template":"","meta":[],"product_brand":[171],"product_cat":[5976],"product_tag":[7442],"class_list":{"0":"post-113447","1":"product","2":"type-product","3":"status-publish","4":"has-post-thumbnail","6":"product_brand-festina","7":"product_cat-festina-damenuhren","8":"product_tag-verfugbar","10":"first","11":"instock","12":"sale","13":"taxable","14":"shipping-taxable","15":"purchasable","16":"product-type-simple"},"exclude_global_add_ons":[],"addons":[],"df_price":63.2,"df_sale_price":63.2,"df_regular_price":79,"df_image_link":"https:\/\/cdn02.fabioferro.eu\/wp-content\/uploads\/virtuemart\/product\/orologio-festina-donna-f16375-7.jpg","_links":{"self":[{"href":"https:\/\/www.fabioferro.eu\/de\/wp-json\/wp\/v2\/product\/113447","targetHints":{"allow":["GET"]}}],"collection":[{"href":"https:\/\/www.fabioferro.eu\/de\/wp-json\/wp\/v2\/product"}],"about":[{"href":"https:\/\/www.fabioferro.eu\/de\/wp-json\/wp\/v2\/types\/product"}],"replies":[{"embeddable":true,"href":"https:\/\/www.fabioferro.eu\/de\/wp-json\/wp\/v2\/comments?post=113447"}],"version-history":[{"count":0,"href":"https:\/\/www.fabioferro.eu\/de\/wp-json\/wp\/v2\/product\/113447\/revisions"}],"wp:featuredmedia":[{"embeddable":true,"href":"https:\/\/www.fabioferro.eu\/de\/wp-json\/wp\/v2\/media\/113453"}],"wp:attachment":[{"href":"https:\/\/www.fabioferro.eu\/de\/wp-json\/wp\/v2\/media?parent=113447"}],"wp:term":[{"taxonomy":"product_brand","embeddable":true,"href":"https:\/\/www.fabioferro.eu\/de\/wp-json\/wp\/v2\/product_brand?post=113447"},{"taxonomy":"product_cat","embeddable":true,"href":"https:\/\/www.fabioferro.eu\/de\/wp-json\/wp\/v2\/product_cat?post=113447"},{"taxonomy":"product_tag","embeddable":true,"href":"https:\/\/www.fabioferro.eu\/de\/wp-json\/wp\/v2\/product_tag?post=113447"}],"curies":[{"name":"wp","href":"https:\/\/api.w.org\/{rel}","templated":true}]}}